{"id":73,"date":"2014-06-25T18:18:03","date_gmt":"2014-06-25T16:18:03","guid":{"rendered":"http:\/\/marocco.evolutiontravel.it\/infovacanze\/?page_id=73"},"modified":"2018-02-22T10:23:21","modified_gmt":"2018-02-22T09:23:21","slug":"ore-volo","status":"publish","type":"page","link":"https:\/\/marocco.evolutiontravel.it\/infovacanze\/informazioni\/ore-volo\/","title":{"rendered":"Ore di volo"},"content":{"rendered":"<p>La domanda su <strong>quante ore di volo per il Marocco<\/strong> sono necessarie partendo dall&#8217;Italia, da Roma, Milano, Catania \u00e8 una delle pi\u00f9 frequenti che ci vengono fatte dai turisti.<\/p>\n<p>La risposta non \u00e8 facile e va affrontata in termini generali: qui ovviamente non possiamo elencare ore, minuti e secondi per ogni <strong>aeroporto<\/strong> <strong>italiano<\/strong> verso il <strong>Marocco<\/strong>.<\/p>\n<p>In Italia gli aeroporti sono numerosi e <strong>in Marocco ce sono pi\u00f9 di settanta<\/strong> su tutto il territorio nazionale. Parlando quindi in termini generali prendiamo in considerazione<strong> tre principali aeroporti italiani<\/strong>, collegandoli con quello pi\u00f9 importante del Marocco.<\/p>\n<p><strong> Decollando da Milano<\/strong>, prima di atterrare a Casablanca, nello splendido Aeroporto internazionale Mohammed V, ci vorranno <strong>tre ore<\/strong>. L\u2019aeroporto Internazionale Mohammed V \u00e8 uno dei pi\u00f9 importanti di tutto il continente nord-africano.<\/p>\n<p><strong>Partendo da Roma<\/strong> le ore di volo per il Marocco aumentano ma di poco: <strong>tre ore e mezzo<\/strong>. Va detto che l\u2019<strong>aeroporto di Roma<\/strong> \u00e8 quello su cui convergono la maggior parte dei voli internazionali e che scegliendolo come luogo di partenza \u00e8 pi\u00f9 facile trovare offerte convenienti.<\/p>\n<p><strong>Per riassumere<\/strong>, ecco le tempistche, (circa):<\/p>\n<ul>\n<li>Catania &#8211; Casablanca: 4 ore.<\/li>\n<li>Napoli &#8211; Casablanca: 3 ore<\/li>\n<li>Roma &#8211; Casablanca: 3 ore<\/li>\n<li>Milano &#8211; Casablanca: 3 ore<\/li>\n<li>Venezia &#8211; Casablanca: 3 ore<\/li>\n<li>Torino &#8211; Casablanca: 3 ore<\/li>\n<\/ul>\n<p>In pratica la risposta alla domanda \u201cquante ore di viaggio per il Marocco?\u201d varia in base alla <strong>citt\u00e0 di partenza<\/strong>, e per altro considerate anche <strong>il fuso orario: -1 ora rispetto all\u2019Italia<\/strong> e &#8211;<strong>2 ore quando in Italia vige l\u2019ora legale<\/strong>.<\/p>\n<p style=\"text-align: left\">Per conoscere meglio questa destinazione ancora prima di atterrare, clicca sugli articoli di tuo interesse:<\/p>\n<table>\n<tbody>\n<tr>\n<td width=\"321\"><a href=\"http:\/\/marocco.evolutiontravel.it\/infovacanze\/vacanze\/marocco-in-inverno\/\"><img loading=\"lazy\" decoding=\"async\" class=\"alignnone size-medium wp-image-220\" src=\"http:\/\/marocco.evolutiontravel.it\/infovacanze\/wp-content\/uploads\/sites\/25\/2014\/07\/Atlante-300x200.jpg\" alt=\"Atlante\" width=\"300\" height=\"200\" srcset=\"https:\/\/marocco.evolutiontravel.it\/infovacanze\/wp-content\/uploads\/sites\/25\/2014\/07\/Atlante-300x200.jpg 300w, https:\/\/marocco.evolutiontravel.it\/infovacanze\/wp-content\/uploads\/sites\/25\/2014\/07\/Atlante.jpg 400w\" sizes=\"(max-width: 300px) 100vw, 300px\" \/><\/a><\/td>\n<td width=\"321\"><a href=\"https:\/\/marocco.evolutiontravel.it\/infovacanze\/vacanze\/marocco-in-inverno\/\"><u>Marocco in inverno, a Natale e Capodanno<\/u><\/a>.<\/p>\n<p>Le <strong>poche ore di volo dall&#8217;Italia<\/strong> rendono il Marocco una destinazione di vacanze invernali ideale e per chi vuole trascorrere le <strong>ferie al mare anche in inverno<\/strong>.<\/td>\n<\/tr>\n<tr>\n<td width=\"321\"><a href=\"http:\/\/marocco.evolutiontravel.it\/infovacanze\/vacanze\/vacanze-marocco-estate\/\"><img loading=\"lazy\" decoding=\"async\" class=\"alignnone size-medium wp-image-219\" src=\"http:\/\/marocco.evolutiontravel.it\/infovacanze\/wp-content\/uploads\/sites\/25\/2014\/07\/Baia-di-Dakhla-300x171.jpg\" alt=\"\" width=\"300\" height=\"171\" srcset=\"https:\/\/marocco.evolutiontravel.it\/infovacanze\/wp-content\/uploads\/sites\/25\/2014\/07\/Baia-di-Dakhla-300x171.jpg 300w, https:\/\/marocco.evolutiontravel.it\/infovacanze\/wp-content\/uploads\/sites\/25\/2014\/07\/Baia-di-Dakhla.jpg 400w\" sizes=\"(max-width: 300px) 100vw, 300px\" \/><\/a><\/td>\n<td width=\"321\"><a href=\"https:\/\/marocco.evolutiontravel.it\/infovacanze\/vacanze\/vacanze-marocco-estate\/\"><u>Estate in Marocco, tra mare e montagna, trekking e sci<\/u><\/a>.<\/p>\n<p>In tre ore di aereo, partendo dall&#8217;Italia, siamo in Marocco: in estate la <strong>meta ideale per le vacanze al mare<\/strong> ma non solo. Anche tante opportunit\u00e0 per chi scia.<\/td>\n<\/tr>\n<\/tbody>\n<\/table>\n<h3 style=\"text-align: center\"><span style=\"color: #008000\">OFFERTE VIAGGI E VACANZE IN MAROCCO<\/span><\/h3>\n<p style=\"text-align: center\">Non perdere le <strong>nostre migliori occasioni<\/strong> di viaggio e vacanze in Marocco:<\/p>\n<p style=\"text-align: center\"><strong><span style=\"color: #008000\">CLICCA E SCOPRI<\/span><\/strong>: programma dettagliato, foto, commenti, partenze!<\/p>\n<div class=\"feedzy-55afb1e1030c7ea40fb3d31d8b7f28a7 feedzy-rss\">\n\t\t<ul class=\"feedzy-style2\">\n\t\t\t\t\t<li  style=\"padding: 23px 0 38px\" class=\"rss_item feedzy-rss-col-3\" >\n\t\t\t\t\t\t\t\t\t<div class=\"rss_image\" style=\"width:225px; height:225px;\">\n\t\t\t\t\t\t<a href=\"https:\/\/marocco.evolutiontravel.it\/it_IT\/904\/tab\/7233_speciale-ed-esclusivo-evolution-travel-i-mercatini-di-natale-con-citta-imperiali.html\" target=\"_blank\" \n\t\t\t\t\t\t\trel=\"noopener \"\n\t\t\t\t\t\t\ttitle=\"Speciale ed Esclusivo Evolution Travel: I Mercatini Di Natale con Citt\u00e0 Imperiali\"\n\t\t\t\t\t\t\tstyle=\"width:225px; height:225px;\">\n\t\t\t\t\t\t\t<span class=\"fetched\" style=\"background-image:  url('http:\/\/etcdn.net\/thumbnails\/7233\/it-marrakech-tour-alla-scoperta-del-deserto-e-dei-3-atlanti-in-4x4-51ebe.jpg');\" title=\"Speciale ed Esclusivo Evolution Travel: I Mercatini Di Natale con Citt\u00e0 Imperiali\"><\/span><amp-img width=\"225\" height=\"225\" src=\"http:\/\/etcdn.net\/thumbnails\/7233\/it-marrakech-tour-alla-scoperta-del-deserto-e-dei-3-atlanti-in-4x4-51ebe.jpg\">\t\t\t\t\t\t<\/a>\n\t\t\t\t\t<\/div>\n\t\t\t\t\t\t\t\t<div class=\"rss_content_wrap\">\n\t\t\t\t\t<span class=\"title\">\n\t\t\t\t\t\t<a href=\"https:\/\/marocco.evolutiontravel.it\/it_IT\/904\/tab\/7233_speciale-ed-esclusivo-evolution-travel-i-mercatini-di-natale-con-citta-imperiali.html\" target=\"_blank\"  rel=\"noopener \">\n\t\t\t\t\t\t\tSpeciale ed Esclusivo Evolution Travel: I Mercatini Di Natale con Citt\u00e0 Imperiali\t\t\t\t\t\t<\/a>\n\t\t\t\t\t<\/span>\n\t\t\t\t\t<div class=\"rss_content\"\n\t\t\t\t\t\t\tstyle=\"\">\n\t\t\t\t\t\t\n\t\t\t\t\t\t\t\t\t\t\t\t<p class=\"description\">Affascinante tour delle citt\u00e0 imperiali, in 8gg e 7nt, partendo dalla perla del sud Marrakech, si va a visitare tutte le citt\u00e0 [&hellip;]<\/p>\n\t\t\t\t\t\t\n\t\t\t\t\t\t\t\t\t\t\t\t\t\t\t\t\t\t\t<div class=\"price-wrap\">\n\t\t\t\t\t\t\t\t<a href=\"https:\/\/marocco.evolutiontravel.it\/it_IT\/904\/tab\/7233_speciale-ed-esclusivo-evolution-travel-i-mercatini-di-natale-con-citta-imperiali.html\" target=\"_blank\" rel=\"noopener\"><button class=\"price\"> 1290<\/button><\/a>\n\t\t\t\t\t\t\t<\/div>\n\t\t\t\t\t\t\t\t\t\t\t<\/div>\n\t\t\t\t<\/div>\n\t\t\t<\/li>\n\t\t\t\t\t\t<li  style=\"padding: 23px 0 38px\" class=\"rss_item feedzy-rss-col-3\" >\n\t\t\t\t\t\t\t\t\t<div class=\"rss_image\" style=\"width:225px; height:225px;\">\n\t\t\t\t\t\t<a href=\"https:\/\/marocco.evolutiontravel.it\/it_IT\/904\/tab\/9044_tour-esclusivo-evolution-travel.html\" target=\"_blank\" \n\t\t\t\t\t\t\trel=\"noopener \"\n\t\t\t\t\t\t\ttitle=\"Tour Esclusivo Evolution Travel\"\n\t\t\t\t\t\t\tstyle=\"width:225px; height:225px;\">\n\t\t\t\t\t\t\t<span class=\"fetched\" style=\"background-image:  url('http:\/\/etcdn.net\/thumbnails\/9044\/it-fes-tour-esclusivo-evolution-travel-solo-per-pochi-eletti-4fa9b.jpg');\" title=\"Tour Esclusivo Evolution Travel\"><\/span><amp-img width=\"225\" height=\"225\" src=\"http:\/\/etcdn.net\/thumbnails\/9044\/it-fes-tour-esclusivo-evolution-travel-solo-per-pochi-eletti-4fa9b.jpg\">\t\t\t\t\t\t<\/a>\n\t\t\t\t\t<\/div>\n\t\t\t\t\t\t\t\t<div class=\"rss_content_wrap\">\n\t\t\t\t\t<span class=\"title\">\n\t\t\t\t\t\t<a href=\"https:\/\/marocco.evolutiontravel.it\/it_IT\/904\/tab\/9044_tour-esclusivo-evolution-travel.html\" target=\"_blank\"  rel=\"noopener \">\n\t\t\t\t\t\t\tTour Esclusivo Evolution Travel\t\t\t\t\t\t<\/a>\n\t\t\t\t\t<\/span>\n\t\t\t\t\t<div class=\"rss_content\"\n\t\t\t\t\t\t\tstyle=\"\">\n\t\t\t\t\t\t\n\t\t\t\t\t\t\t\t\t\t\t\t<p class=\"description\">Tour Privato in 4X4 con GUIDA parlante Italiano,\u00a0in\u00a0una parte sconosciuta.\u00a0Fez poi\u00a0Chefchaouen la mitica citt\u00e0 blu, la [&hellip;]<\/p>\n\t\t\t\t\t\t\n\t\t\t\t\t\t\t\t\t\t\t\t\t\t\t\t\t\t\t<div class=\"price-wrap\">\n\t\t\t\t\t\t\t\t<a href=\"https:\/\/marocco.evolutiontravel.it\/it_IT\/904\/tab\/9044_tour-esclusivo-evolution-travel.html\" target=\"_blank\" rel=\"noopener\"><button class=\"price\"> 1350<\/button><\/a>\n\t\t\t\t\t\t\t<\/div>\n\t\t\t\t\t\t\t\t\t\t\t<\/div>\n\t\t\t\t<\/div>\n\t\t\t<\/li>\n\t\t\t\t\t\t<li  style=\"padding: 23px 0 38px\" class=\"rss_item feedzy-rss-col-3\" >\n\t\t\t\t\t\t\t\t\t<div class=\"rss_image\" style=\"width:225px; height:225px;\">\n\t\t\t\t\t\t<a href=\"https:\/\/marocco.evolutiontravel.it\/it_IT\/904\/tab\/40274_mini-tour-alla-scoperta-del-regno-marocchino-da-fes-a-marrakech.html\" target=\"_blank\" \n\t\t\t\t\t\t\trel=\"noopener \"\n\t\t\t\t\t\t\ttitle=\"Mini Tour alla Scoperta del Regno Marocchino da Fes a Marrakech\"\n\t\t\t\t\t\t\tstyle=\"width:225px; height:225px;\">\n\t\t\t\t\t\t\t<span class=\"fetched\" style=\"background-image:  url('http:\/\/etcdn.net\/thumbnails\/36869\/it-casablanca-tour-alla-scoperta-del-regno-del-marocco-68a0e.jpg');\" title=\"Mini Tour alla Scoperta del Regno Marocchino da Fes a Marrakech\"><\/span><amp-img width=\"225\" height=\"225\" src=\"http:\/\/etcdn.net\/thumbnails\/36869\/it-casablanca-tour-alla-scoperta-del-regno-del-marocco-68a0e.jpg\">\t\t\t\t\t\t<\/a>\n\t\t\t\t\t<\/div>\n\t\t\t\t\t\t\t\t<div class=\"rss_content_wrap\">\n\t\t\t\t\t<span class=\"title\">\n\t\t\t\t\t\t<a href=\"https:\/\/marocco.evolutiontravel.it\/it_IT\/904\/tab\/40274_mini-tour-alla-scoperta-del-regno-marocchino-da-fes-a-marrakech.html\" target=\"_blank\"  rel=\"noopener \">\n\t\t\t\t\t\t\tMini Tour alla Scoperta del Regno Marocchino da Fes a Marrakech\t\t\t\t\t\t<\/a>\n\t\t\t\t\t<\/span>\n\t\t\t\t\t<div class=\"rss_content\"\n\t\t\t\t\t\t\tstyle=\"\">\n\t\t\t\t\t\t\n\t\t\t\t\t\t\t\t\t\t\t\t<p class=\"description\">Tour di Gruppo in Minibus, che permette una visione globale della cultura millenaria del Marocco insieme a scorci paesaggistici [&hellip;]<\/p>\n\t\t\t\t\t\t\n\t\t\t\t\t\t\t\t\t\t\t\t\t\t\t\t\t\t\t<div class=\"price-wrap\">\n\t\t\t\t\t\t\t\t<a href=\"https:\/\/marocco.evolutiontravel.it\/it_IT\/904\/tab\/40274_mini-tour-alla-scoperta-del-regno-marocchino-da-fes-a-marrakech.html\" target=\"_blank\" rel=\"noopener\"><button class=\"price\"> 825<\/button><\/a>\n\t\t\t\t\t\t\t<\/div>\n\t\t\t\t\t\t\t\t\t\t\t<\/div>\n\t\t\t\t<\/div>\n\t\t\t<\/li>\n\t\t\t\t\t\t<li  style=\"padding: 23px 0 38px\" class=\"rss_item feedzy-rss-col-3\" >\n\t\t\t\t\t\t\t\t\t<div class=\"rss_image\" style=\"width:225px; height:225px;\">\n\t\t\t\t\t\t<a href=\"https:\/\/marocco.evolutiontravel.it\/it_IT\/904\/tab\/39553_mini-tour-citta-imperiali-del-nord-privato-chefchaouen-la-citta-blu.html\" target=\"_blank\" \n\t\t\t\t\t\t\trel=\"noopener \"\n\t\t\t\t\t\t\ttitle=\"Mini Tour Citt\u00e0 Imperiali del Nord Privato &amp; Chefchaouen la Citt\u00e0 Blu\"\n\t\t\t\t\t\t\tstyle=\"width:225px; height:225px;\">\n\t\t\t\t\t\t\t<span class=\"fetched\" style=\"background-image:  url('http:\/\/etcdn.net\/thumbnails\/39553\/it-casablanca-mini-tour-citta-imperiali-del-nord-privato-duplicated-7c13a.jpg');\" title=\"Mini Tour Citt\u00e0 Imperiali del Nord Privato &amp; Chefchaouen la Citt\u00e0 Blu\"><\/span><amp-img width=\"225\" height=\"225\" src=\"http:\/\/etcdn.net\/thumbnails\/39553\/it-casablanca-mini-tour-citta-imperiali-del-nord-privato-duplicated-7c13a.jpg\">\t\t\t\t\t\t<\/a>\n\t\t\t\t\t<\/div>\n\t\t\t\t\t\t\t\t<div class=\"rss_content_wrap\">\n\t\t\t\t\t<span class=\"title\">\n\t\t\t\t\t\t<a href=\"https:\/\/marocco.evolutiontravel.it\/it_IT\/904\/tab\/39553_mini-tour-citta-imperiali-del-nord-privato-chefchaouen-la-citta-blu.html\" target=\"_blank\"  rel=\"noopener \">\n\t\t\t\t\t\t\tMini Tour Citt\u00e0 Imperiali del Nord Privato &amp; Chefchaouen la Citt\u00e0 Blu\t\t\t\t\t\t<\/a>\n\t\t\t\t\t<\/span>\n\t\t\t\t\t<div class=\"rss_content\"\n\t\t\t\t\t\t\tstyle=\"\">\n\t\t\t\t\t\t\n\t\t\t\t\t\t\t\t\t\t\t\t<p class=\"description\">Tour Privato di 6gg\/5nt alla scoperta di Fez la Regina del Nord e Meknes l'Imperiale e antica Capitale del Regno!!! Il Viaggio [&hellip;]<\/p>\n\t\t\t\t\t\t\n\t\t\t\t\t\t\t\t\t\t\t\t\t\t\t\t\t\t\t<div class=\"price-wrap\">\n\t\t\t\t\t\t\t\t<a href=\"https:\/\/marocco.evolutiontravel.it\/it_IT\/904\/tab\/39553_mini-tour-citta-imperiali-del-nord-privato-chefchaouen-la-citta-blu.html\" target=\"_blank\" rel=\"noopener\"><button class=\"price\"> 765<\/button><\/a>\n\t\t\t\t\t\t\t<\/div>\n\t\t\t\t\t\t\t\t\t\t\t<\/div>\n\t\t\t\t<\/div>\n\t\t\t<\/li>\n\t\t\t\t\t\t<li  style=\"padding: 23px 0 38px\" class=\"rss_item feedzy-rss-col-3\" >\n\t\t\t\t\t\t\t\t\t<div class=\"rss_image\" style=\"width:225px; height:225px;\">\n\t\t\t\t\t\t<a href=\"https:\/\/marocco.evolutiontravel.it\/it_IT\/904\/tab\/37684_tour-completo-alla-scoperta-del-regno-marocchino.html\" target=\"_blank\" \n\t\t\t\t\t\t\trel=\"noopener \"\n\t\t\t\t\t\t\ttitle=\"Tour Completo alla Scoperta del Regno Marocchino\"\n\t\t\t\t\t\t\tstyle=\"width:225px; height:225px;\">\n\t\t\t\t\t\t\t<span class=\"fetched\" style=\"background-image:  url('http:\/\/etcdn.net\/thumbnails\/36869\/it-casablanca-tour-alla-scoperta-del-regno-del-marocco-68a0a.jpg');\" title=\"Tour Completo alla Scoperta del Regno Marocchino\"><\/span><amp-img width=\"225\" height=\"225\" src=\"http:\/\/etcdn.net\/thumbnails\/36869\/it-casablanca-tour-alla-scoperta-del-regno-del-marocco-68a0a.jpg\">\t\t\t\t\t\t<\/a>\n\t\t\t\t\t<\/div>\n\t\t\t\t\t\t\t\t<div class=\"rss_content_wrap\">\n\t\t\t\t\t<span class=\"title\">\n\t\t\t\t\t\t<a href=\"https:\/\/marocco.evolutiontravel.it\/it_IT\/904\/tab\/37684_tour-completo-alla-scoperta-del-regno-marocchino.html\" target=\"_blank\"  rel=\"noopener \">\n\t\t\t\t\t\t\tTour Completo alla Scoperta del Regno Marocchino\t\t\t\t\t\t<\/a>\n\t\t\t\t\t<\/span>\n\t\t\t\t\t<div class=\"rss_content\"\n\t\t\t\t\t\t\tstyle=\"\">\n\t\t\t\t\t\t\n\t\t\t\t\t\t\t\t\t\t\t\t<p class=\"description\">Tour di Gruppo in Minibus, che permette una visione globale della cultura millenaria del Marocco insieme a scorci paesaggistici [&hellip;]<\/p>\n\t\t\t\t\t\t\n\t\t\t\t\t\t\t\t\t\t\t\t\t\t\t\t\t\t\t<div class=\"price-wrap\">\n\t\t\t\t\t\t\t\t<a href=\"https:\/\/marocco.evolutiontravel.it\/it_IT\/904\/tab\/37684_tour-completo-alla-scoperta-del-regno-marocchino.html\" target=\"_blank\" rel=\"noopener\"><button class=\"price\"> 960<\/button><\/a>\n\t\t\t\t\t\t\t<\/div>\n\t\t\t\t\t\t\t\t\t\t\t<\/div>\n\t\t\t\t<\/div>\n\t\t\t<\/li>\n\t\t\t\t\t\t<li  style=\"padding: 23px 0 38px\" class=\"rss_item feedzy-rss-col-3\" >\n\t\t\t\t\t\t\t\t\t<div class=\"rss_image\" style=\"width:225px; height:225px;\">\n\t\t\t\t\t\t<a href=\"https:\/\/marocco.evolutiontravel.it\/it_IT\/904\/tab\/36879_minitour-tour-sud-e-kasbah-in-4x4.html\" target=\"_blank\" \n\t\t\t\t\t\t\trel=\"noopener \"\n\t\t\t\t\t\t\ttitle=\"Minitour Tour Sud e Kasbah in 4x4\"\n\t\t\t\t\t\t\tstyle=\"width:225px; height:225px;\">\n\t\t\t\t\t\t\t<span class=\"fetched\" style=\"background-image:  url('http:\/\/etcdn.net\/thumbnails\/7227\/it-marrakech-tour-sud-e-kasbah-in-4x4-50bad.jpg');\" title=\"Minitour Tour Sud e Kasbah in 4x4\"><\/span><amp-img width=\"225\" height=\"225\" src=\"http:\/\/etcdn.net\/thumbnails\/7227\/it-marrakech-tour-sud-e-kasbah-in-4x4-50bad.jpg\">\t\t\t\t\t\t<\/a>\n\t\t\t\t\t<\/div>\n\t\t\t\t\t\t\t\t<div class=\"rss_content_wrap\">\n\t\t\t\t\t<span class=\"title\">\n\t\t\t\t\t\t<a href=\"https:\/\/marocco.evolutiontravel.it\/it_IT\/904\/tab\/36879_minitour-tour-sud-e-kasbah-in-4x4.html\" target=\"_blank\"  rel=\"noopener \">\n\t\t\t\t\t\t\tMinitour Tour Sud e Kasbah in 4x4\t\t\t\t\t\t<\/a>\n\t\t\t\t\t<\/span>\n\t\t\t\t\t<div class=\"rss_content\"\n\t\t\t\t\t\t\tstyle=\"\">\n\t\t\t\t\t\t\n\t\t\t\t\t\t\t\t\t\t\t\t<p class=\"description\">Tour di gruppo, nel Sud del Marocco in Toyota Land Cruiser 4X4. A disposizione una guida professionaleparlante italiano. Da [&hellip;]<\/p>\n\t\t\t\t\t\t\n\t\t\t\t\t\t\t\t\t\t\t\t\t\t\t\t\t\t\t<div class=\"price-wrap\">\n\t\t\t\t\t\t\t\t<a href=\"https:\/\/marocco.evolutiontravel.it\/it_IT\/904\/tab\/36879_minitour-tour-sud-e-kasbah-in-4x4.html\" target=\"_blank\" rel=\"noopener\"><button class=\"price\"> 735<\/button><\/a>\n\t\t\t\t\t\t\t<\/div>\n\t\t\t\t\t\t\t\t\t\t\t<\/div>\n\t\t\t\t<\/div>\n\t\t\t<\/li>\n\t\t\t\t<\/ul>\n<\/div>\n<style type=\"text\/css\" media=\"all\">.feedzy-rss .rss_item .rss_image{float:left;position:relative;border:none;text-decoration:none;max-width:100%}.feedzy-rss .rss_item .rss_image span{display:inline-block;position:absolute;width:100%;height:100%;background-position:50%;background-size:cover}.feedzy-rss .rss_item .rss_image{margin:.3em 1em 0 0;content-visibility:auto}.feedzy-rss ul{list-style:none}.feedzy-rss ul li{display:inline-block}<\/style>\n","protected":false},"excerpt":{"rendered":"<p>La domanda su quante ore di volo per il Marocco sono necessarie partendo dall&#8217;Italia, da Roma, Milano, Catania \u00e8 una delle pi\u00f9 frequenti che ci vengono fatte dai turisti. La risposta non \u00e8 facile e va affrontata in termini generali: qui ovviamente non possiamo elencare ore, minuti e secondi per ogni aeroporto italiano verso il <a class=\"moretag\" href=\"https:\/\/marocco.evolutiontravel.it\/infovacanze\/informazioni\/ore-volo\/\">[&#8230;]<\/a><\/p>\n","protected":false},"author":6,"featured_media":0,"parent":7,"menu_order":0,"comment_status":"closed","ping_status":"open","template":"templates\/template-with-right-sidebar.php","meta":{"footnotes":""},"yoast_head":"<!-- This site is optimized with the Yoast SEO plugin v21.9.1 - https:\/\/yoast.com\/wordpress\/plugins\/seo\/ -->\n<title>Quante ore di volo per il Marocco? Circa 3 ore per Casablanca<\/title>\n<meta name=\"description\" content=\"Quante ore di volo per arrivare in Marocco? Dipende dalla tua citt\u00e0 di partenza! Per te abbiamo per\u00f2 redatto un articolo che potr\u00e0 esserti utile!\" \/>\n<meta name=\"robots\" content=\"index, follow, max-snippet:-1, max-image-preview:large, max-video-preview:-1\" \/>\n<link rel=\"canonical\" href=\"https:\/\/marocco.evolutiontravel.it\/infovacanze\/informazioni\/ore-volo\/\" \/>\n<meta property=\"og:locale\" content=\"it_IT\" \/>\n<meta property=\"og:type\" content=\"article\" \/>\n<meta property=\"og:title\" content=\"Quante ore di volo per il Marocco? Circa 3 ore per Casablanca\" \/>\n<meta property=\"og:description\" content=\"Quante ore di volo per arrivare in Marocco? Dipende dalla tua citt\u00e0 di partenza! Per te abbiamo per\u00f2 redatto un articolo che potr\u00e0 esserti utile!\" \/>\n<meta property=\"og:url\" content=\"https:\/\/marocco.evolutiontravel.it\/infovacanze\/informazioni\/ore-volo\/\" \/>\n<meta property=\"og:site_name\" content=\"Marocco\" \/>\n<meta property=\"article:modified_time\" content=\"2018-02-22T09:23:21+00:00\" \/>\n<meta property=\"og:image\" content=\"http:\/\/marocco.evolutiontravel.it\/infovacanze\/wp-content\/uploads\/sites\/25\/2014\/07\/Atlante-300x200.jpg\" \/>\n<meta name=\"twitter:label1\" content=\"Tempo di lettura stimato\" \/>\n\t<meta name=\"twitter:data1\" content=\"2 minuti\" \/>\n<script type=\"application\/ld+json\" class=\"yoast-schema-graph\">{\"@context\":\"https:\/\/schema.org\",\"@graph\":[{\"@type\":\"WebPage\",\"@id\":\"https:\/\/marocco.evolutiontravel.it\/infovacanze\/informazioni\/ore-volo\/\",\"url\":\"https:\/\/marocco.evolutiontravel.it\/infovacanze\/informazioni\/ore-volo\/\",\"name\":\"Quante ore di volo per il Marocco? Circa 3 ore per Casablanca\",\"isPartOf\":{\"@id\":\"https:\/\/marocco.evolutiontravel.it\/infovacanze\/#website\"},\"datePublished\":\"2014-06-25T16:18:03+00:00\",\"dateModified\":\"2018-02-22T09:23:21+00:00\",\"description\":\"Quante ore di volo per arrivare in Marocco? Dipende dalla tua citt\u00e0 di partenza! Per te abbiamo per\u00f2 redatto un articolo che potr\u00e0 esserti utile!\",\"breadcrumb\":{\"@id\":\"https:\/\/marocco.evolutiontravel.it\/infovacanze\/informazioni\/ore-volo\/#breadcrumb\"},\"inLanguage\":\"it-IT\",\"potentialAction\":[{\"@type\":\"ReadAction\",\"target\":[\"https:\/\/marocco.evolutiontravel.it\/infovacanze\/informazioni\/ore-volo\/\"]}]},{\"@type\":\"BreadcrumbList\",\"@id\":\"https:\/\/marocco.evolutiontravel.it\/infovacanze\/informazioni\/ore-volo\/#breadcrumb\",\"itemListElement\":[{\"@type\":\"ListItem\",\"position\":1,\"name\":\"Informazioni utili sul Marocco\",\"item\":\"https:\/\/marocco.evolutiontravel.it\/infovacanze\/informazioni\/\"},{\"@type\":\"ListItem\",\"position\":2,\"name\":\"Ore di volo\"}]},{\"@type\":\"WebSite\",\"@id\":\"https:\/\/marocco.evolutiontravel.it\/infovacanze\/#website\",\"url\":\"https:\/\/marocco.evolutiontravel.it\/infovacanze\/\",\"name\":\"Marocco\",\"description\":\"\",\"potentialAction\":[{\"@type\":\"SearchAction\",\"target\":{\"@type\":\"EntryPoint\",\"urlTemplate\":\"https:\/\/marocco.evolutiontravel.it\/infovacanze\/?s={search_term_string}\"},\"query-input\":\"required name=search_term_string\"}],\"inLanguage\":\"it-IT\"}]}<\/script>\n<!-- \/ Yoast SEO plugin. -->","yoast_head_json":{"title":"Quante ore di volo per il Marocco? Circa 3 ore per Casablanca","description":"Quante ore di volo per arrivare in Marocco? Dipende dalla tua citt\u00e0 di partenza! Per te abbiamo per\u00f2 redatto un articolo che potr\u00e0 esserti utile!","robots":{"index":"index","follow":"follow","max-snippet":"max-snippet:-1","max-image-preview":"max-image-preview:large","max-video-preview":"max-video-preview:-1"},"canonical":"https:\/\/marocco.evolutiontravel.it\/infovacanze\/informazioni\/ore-volo\/","og_locale":"it_IT","og_type":"article","og_title":"Quante ore di volo per il Marocco? Circa 3 ore per Casablanca","og_description":"Quante ore di volo per arrivare in Marocco? Dipende dalla tua citt\u00e0 di partenza! Per te abbiamo per\u00f2 redatto un articolo che potr\u00e0 esserti utile!","og_url":"https:\/\/marocco.evolutiontravel.it\/infovacanze\/informazioni\/ore-volo\/","og_site_name":"Marocco","article_modified_time":"2018-02-22T09:23:21+00:00","og_image":[{"url":"http:\/\/marocco.evolutiontravel.it\/infovacanze\/wp-content\/uploads\/sites\/25\/2014\/07\/Atlante-300x200.jpg"}],"twitter_misc":{"Tempo di lettura stimato":"2 minuti"},"schema":{"@context":"https:\/\/schema.org","@graph":[{"@type":"WebPage","@id":"https:\/\/marocco.evolutiontravel.it\/infovacanze\/informazioni\/ore-volo\/","url":"https:\/\/marocco.evolutiontravel.it\/infovacanze\/informazioni\/ore-volo\/","name":"Quante ore di volo per il Marocco? Circa 3 ore per Casablanca","isPartOf":{"@id":"https:\/\/marocco.evolutiontravel.it\/infovacanze\/#website"},"datePublished":"2014-06-25T16:18:03+00:00","dateModified":"2018-02-22T09:23:21+00:00","description":"Quante ore di volo per arrivare in Marocco? Dipende dalla tua citt\u00e0 di partenza! Per te abbiamo per\u00f2 redatto un articolo che potr\u00e0 esserti utile!","breadcrumb":{"@id":"https:\/\/marocco.evolutiontravel.it\/infovacanze\/informazioni\/ore-volo\/#breadcrumb"},"inLanguage":"it-IT","potentialAction":[{"@type":"ReadAction","target":["https:\/\/marocco.evolutiontravel.it\/infovacanze\/informazioni\/ore-volo\/"]}]},{"@type":"BreadcrumbList","@id":"https:\/\/marocco.evolutiontravel.it\/infovacanze\/informazioni\/ore-volo\/#breadcrumb","itemListElement":[{"@type":"ListItem","position":1,"name":"Informazioni utili sul Marocco","item":"https:\/\/marocco.evolutiontravel.it\/infovacanze\/informazioni\/"},{"@type":"ListItem","position":2,"name":"Ore di volo"}]},{"@type":"WebSite","@id":"https:\/\/marocco.evolutiontravel.it\/infovacanze\/#website","url":"https:\/\/marocco.evolutiontravel.it\/infovacanze\/","name":"Marocco","description":"","potentialAction":[{"@type":"SearchAction","target":{"@type":"EntryPoint","urlTemplate":"https:\/\/marocco.evolutiontravel.it\/infovacanze\/?s={search_term_string}"},"query-input":"required name=search_term_string"}],"inLanguage":"it-IT"}]}},"_links":{"self":[{"href":"https:\/\/marocco.evolutiontravel.it\/infovacanze\/wp-json\/wp\/v2\/pages\/73"}],"collection":[{"href":"https:\/\/marocco.evolutiontravel.it\/infovacanze\/wp-json\/wp\/v2\/pages"}],"about":[{"href":"https:\/\/marocco.evolutiontravel.it\/infovacanze\/wp-json\/wp\/v2\/types\/page"}],"author":[{"embeddable":true,"href":"https:\/\/marocco.evolutiontravel.it\/infovacanze\/wp-json\/wp\/v2\/users\/6"}],"replies":[{"embeddable":true,"href":"https:\/\/marocco.evolutiontravel.it\/infovacanze\/wp-json\/wp\/v2\/comments?post=73"}],"version-history":[{"count":20,"href":"https:\/\/marocco.evolutiontravel.it\/infovacanze\/wp-json\/wp\/v2\/pages\/73\/revisions"}],"predecessor-version":[{"id":438,"href":"https:\/\/marocco.evolutiontravel.it\/infovacanze\/wp-json\/wp\/v2\/pages\/73\/revisions\/438"}],"up":[{"embeddable":true,"href":"https:\/\/marocco.evolutiontravel.it\/infovacanze\/wp-json\/wp\/v2\/pages\/7"}],"wp:attachment":[{"href":"https:\/\/marocco.evolutiontravel.it\/infovacanze\/wp-json\/wp\/v2\/media?parent=73"}],"curies":[{"name":"wp","href":"https:\/\/api.w.org\/{rel}","templated":true}]}}