{"id":549,"date":"2018-10-08T12:04:41","date_gmt":"2018-10-08T10:04:41","guid":{"rendered":"http:\/\/marocco.evolutiontravel.it\/infovacanze\/?page_id=549"},"modified":"2018-10-23T09:35:40","modified_gmt":"2018-10-23T07:35:40","slug":"citta-imperiali","status":"publish","type":"page","link":"https:\/\/marocco.evolutiontravel.it\/infovacanze\/citta-imperiali\/","title":{"rendered":"Citt\u00e0 imperiali"},"content":{"rendered":"<p>Tra i <strong>tour del Marocco pi\u00f9 richiesti<\/strong> c&#8217;\u00e8 il giro delle <strong>citt\u00e0 imperiali<\/strong>: la capitale <a title=\"rabat\" href=\"https:\/\/marocco.evolutiontravel.it\/infovacanze\/informazioni\/luoghi-visitare\/rabat\/\">Rabat<\/a>, <a title=\"marrakech\" href=\"https:\/\/marocco.evolutiontravel.it\/infovacanze\/informazioni\/luoghi-visitare\/marrakech\/\">Marrakech<\/a>, <a title=\"meknes\" href=\"https:\/\/marocco.evolutiontravel.it\/infovacanze\/informazioni\/luoghi-visitare\/fes\/\">Fes<\/a> e <span class=\"_Tgc\"><a title=\"meknes\" href=\"https:\/\/marocco.evolutiontravel.it\/infovacanze\/citta-imperiali\/meknes\/\">Meknes<\/a>. Tutte queste citt\u00e0 furono scelte, in tempi diversi, come localit\u00e0 di residenza di vari reganti e per questo chiamate &#8220;imperiali&#8221;.<br \/>\n<\/span><\/p>\n<p>Una buona idea \u00e8 <strong>iniziare l&#8217;itinerario partendo <a title=\"casablanca\" href=\"https:\/\/marocco.evolutiontravel.it\/infovacanze\/informazioni\/luoghi-visitare\/casablanca\/\">da Casablanca <\/a><\/strong>e qui visitare <strong>la Moschea di Assan II<\/strong> e la <strong>sua medina, <\/strong>vicoli e mura antiche, per poi fare una sosta tra i tanti ottimi ristoranti dove mangiare la <a title=\"cucina tipica marocchina\" href=\"https:\/\/marocco.evolutiontravel.it\/infovacanze\/informazioni\/piatti-tipici\/\">tipica cucina marocchina<\/a>.<\/p>\n<p><strong>Rabat<\/strong> sar\u00e0 la tappa successiva: in questa citt\u00e0 troverete molti <strong>palazzi storici, la <\/strong> <strong>Moschea di Hassan <\/strong>e la sua alta torre. Gli edifici coloniali e l&#8217;architettura tradizionale sono veramente suggestivi e perfetti come sfondo di foto e selfie, cos\u00ec come i viali costeggiati da splendide palme e non sar\u00e0 difficile imbattervi in qualche evento locale lungo le stradine della Medina. <strong>La citt\u00e0 vecchia<\/strong> e la <strong>Muraglia degli Andalusi<\/strong> completeranno la visita di questa localit\u00e0.<\/p>\n<p>Continuiamo il tour delle citt\u00e0 imperiali andando a <strong>F\u00e8s<\/strong>, qui visiterete <strong>la Citt\u00e0 nuova<\/strong> con il <strong>Palazzo Reale<\/strong> e il quartiere ebraico e la Citt\u00e0 vecchia. Potrete inoltre fare <strong>shopping in modo molto conveniente<\/strong>; la citt\u00e0 \u00e8 famosa per la <strong>lavorazione del pellame<\/strong> e le guide turistiche vi condurranno nelle botteghe in cui sono realizzati i capi pi\u00f9 pregiati. Qui, in un <strong>labirinto di strade strette e case<\/strong>, vi ritroverete circondati da<strong> mercatini<\/strong>, spezie, tappeti e ogni genere di manufatto locale.<\/p>\n<p>Consigliamo poi di <strong>vistare Meknes<\/strong>, conosciuta come la <em>Versailles del Marocco<\/em> e Patrimonio dell&#8217;Umanit\u00e0 UNESCO: vedrete la <strong>Kasbah<\/strong>, numerosi granai<strong>,<\/strong> <strong>palazzi storici importanti<\/strong> e pi\u00f9 di una ventina di <strong>moschee<\/strong>.<\/p>\n<p>Il giro si conlude a <strong>Marrakech<\/strong>, anche detta &#8220;<em>citt\u00e0 rossa<\/em>&#8220;; il suo fulcro \u00e8 <strong>piazza Djemaa el Fna<\/strong> dove potrete vedere spettacoli di molti artisti di strada. Se avete tempo a disposizione non perdetevi i <strong>Giardini Majorelle<\/strong> e <strong>il Palazzo Bahia<\/strong>, e soprattutto non potrete certo ripartire senza aver visitato prima <strong>un souk:<\/strong> ce ne sono una ventina, molti tematici.<\/p>\n<h2>Tour delle citt\u00e0 imperiali<\/h2>\n<p>Ecco <strong>alcune delle nostre proposte<\/strong> dedicate proprio ai viaggi culturali e alla scoperta di queste citt\u00e0. <strong>Clicca per vedere i dettagli<\/strong> oppure guarda tutte le <strong>offerte della settimana<\/strong> per trovare subito quella migliore per te!<\/p>\n<ol>\n<li><a title=\"tour gruppo citt\u00e0 imperiali\" href=\"https:\/\/marocco.evolutiontravel.it\/it_IT\/904\/tab\/9115_tour-delle-citta-imperiali.html\">Citt\u00e0 imperiali: volo + tour di gruppo con guida italiana -7 giorni<\/a><\/li>\n<li><a title=\"citt\u00e0 imperiali nord marocco\" href=\"https:\/\/marocco.evolutiontravel.it\/it_IT\/904\/tab\/30384_mini-tour-citta-imperiali-del-nord-privato.html\">Mini Tour privato delle citt\u00e0 imperiali del Nord Marocco &#8211; 5 giorni<\/a><\/li>\n<li><a title=\"citt\u00e0 imperiali sud marocco\" href=\"https:\/\/marocco.evolutiontravel.it\/it_IT\/904\/tab\/6878_tour-delle-citta-imperiali-iniziando-dal-sud.html\">Volo + tour di gruppo iniziando dalle citt\u00e0 imperiali del sud &#8211; 8 giorni<\/a><\/li>\n<li><a title=\"citt\u00e0 imperiali e agadir\" href=\"https:\/\/marocco.evolutiontravel.it\/it_IT\/904\/tab\/29440_tour-citta-imperiali-agadir.html\">Volo + tour citt\u00e0 imperiali e Agadir &#8211; 13 giorni<\/a><\/li>\n<li><a title=\"citt\u00e0 imperiali e riad\" href=\"https:\/\/marocco.evolutiontravel.it\/it_IT\/904\/tab\/9086_tour-citta-imperiali-e-deserto-in-riad.html\">volo + tour indivudale citt\u00e0 imperiali e Deserto in Riad &#8211; 8 giorni<\/a><\/li>\n<\/ol>\n<p>&nbsp;<\/p>\n<h3 style=\"text-align: center\">Speciale &#8220;<strong><span style=\"color: #008000\">MAROCCO CON Evolution Travel<\/span><\/strong>&#8220;<\/h3>\n<p style=\"text-align: center\">Vuoi scoprire tutti i dettagli del viaggio in un solo click ?<\/p>\n<p style=\"text-align: center\"><strong><span style=\"color: #008000\">CLICCA E SCOPRI SUBITO<\/span><\/strong>: <strong>programma<\/strong> viaggio, <strong>commenti<\/strong> di altri turisti,<strong> tante foto<\/strong> e molto altro!<\/p>\n<p style=\"text-align: center\"><span style=\"color: #008000\"><strong>TOUR CITTA&#8217; IMPERIALI, OCCASIONI IMPERDIBILI!<\/strong><\/span><\/p>\n<div class=\"feedzy-5d8dceaaed848e00c4650e4cf3bc1e30 feedzy-rss\">\n\t\t<ul class=\"feedzy-style2\">\n\t\t\t\t\t<li  style=\"padding: 23px 0 38px\" class=\"rss_item feedzy-rss-col-3\" >\n\t\t\t\t\t\t\t\t\t<div class=\"rss_image\" style=\"width:225px; height:225px;\">\n\t\t\t\t\t\t<a href=\"https:\/\/marocco.evolutiontravel.it\/it_IT\/904\/tab\/7233_speciale-ed-esclusivo-evolution-travel-i-mercatini-di-natale-con-citta-imperiali.html\" target=\"_blank\" \n\t\t\t\t\t\t\trel=\"noopener \"\n\t\t\t\t\t\t\ttitle=\"Speciale ed Esclusivo Evolution Travel: I Mercatini Di Natale con Citt\u00e0 Imperiali\"\n\t\t\t\t\t\t\tstyle=\"width:225px; height:225px;\">\n\t\t\t\t\t\t\t<span class=\"fetched\" style=\"background-image:  url('http:\/\/etcdn.net\/thumbnails\/7233\/it-marrakech-tour-alla-scoperta-del-deserto-e-dei-3-atlanti-in-4x4-51ebe.jpg');\" title=\"Speciale ed Esclusivo Evolution Travel: I Mercatini Di Natale con Citt\u00e0 Imperiali\"><\/span><amp-img width=\"225\" height=\"225\" src=\"http:\/\/etcdn.net\/thumbnails\/7233\/it-marrakech-tour-alla-scoperta-del-deserto-e-dei-3-atlanti-in-4x4-51ebe.jpg\">\t\t\t\t\t\t<\/a>\n\t\t\t\t\t<\/div>\n\t\t\t\t\t\t\t\t<div class=\"rss_content_wrap\">\n\t\t\t\t\t<span class=\"title\">\n\t\t\t\t\t\t<a href=\"https:\/\/marocco.evolutiontravel.it\/it_IT\/904\/tab\/7233_speciale-ed-esclusivo-evolution-travel-i-mercatini-di-natale-con-citta-imperiali.html\" target=\"_blank\"  rel=\"noopener \">\n\t\t\t\t\t\t\tSpeciale ed Esclusivo Evolution Travel: I Mercatini Di Natale con Citt\u00e0 Imperiali\t\t\t\t\t\t<\/a>\n\t\t\t\t\t<\/span>\n\t\t\t\t\t<div class=\"rss_content\"\n\t\t\t\t\t\t\tstyle=\"\">\n\t\t\t\t\t\t\n\t\t\t\t\t\t\t\t\t\t\t\t<p class=\"description\">Affascinante tour delle citt\u00e0 imperiali, in 8gg e 7nt, partendo dalla perla del sud Marrakech, si va a visitare tutte le citt\u00e0 [&hellip;]<\/p>\n\t\t\t\t\t\t\n\t\t\t\t\t\t\t\t\t\t\t\t\t\t\t\t\t\t\t<div class=\"price-wrap\">\n\t\t\t\t\t\t\t\t<a href=\"https:\/\/marocco.evolutiontravel.it\/it_IT\/904\/tab\/7233_speciale-ed-esclusivo-evolution-travel-i-mercatini-di-natale-con-citta-imperiali.html\" target=\"_blank\" rel=\"noopener\"><button class=\"price\"> 1290<\/button><\/a>\n\t\t\t\t\t\t\t<\/div>\n\t\t\t\t\t\t\t\t\t\t\t<\/div>\n\t\t\t\t<\/div>\n\t\t\t<\/li>\n\t\t\t\t\t\t<li  style=\"padding: 23px 0 38px\" class=\"rss_item feedzy-rss-col-3\" >\n\t\t\t\t\t\t\t\t\t<div class=\"rss_image\" style=\"width:225px; height:225px;\">\n\t\t\t\t\t\t<a href=\"https:\/\/marocco.evolutiontravel.it\/it_IT\/904\/tab\/40274_mini-tour-alla-scoperta-del-regno-marocchino-da-fes-a-marrakech.html\" target=\"_blank\" \n\t\t\t\t\t\t\trel=\"noopener \"\n\t\t\t\t\t\t\ttitle=\"Mini Tour alla Scoperta del Regno Marocchino da Fes a Marrakech\"\n\t\t\t\t\t\t\tstyle=\"width:225px; height:225px;\">\n\t\t\t\t\t\t\t<span class=\"fetched\" style=\"background-image:  url('http:\/\/etcdn.net\/thumbnails\/36869\/it-casablanca-tour-alla-scoperta-del-regno-del-marocco-68a0e.jpg');\" title=\"Mini Tour alla Scoperta del Regno Marocchino da Fes a Marrakech\"><\/span><amp-img width=\"225\" height=\"225\" src=\"http:\/\/etcdn.net\/thumbnails\/36869\/it-casablanca-tour-alla-scoperta-del-regno-del-marocco-68a0e.jpg\">\t\t\t\t\t\t<\/a>\n\t\t\t\t\t<\/div>\n\t\t\t\t\t\t\t\t<div class=\"rss_content_wrap\">\n\t\t\t\t\t<span class=\"title\">\n\t\t\t\t\t\t<a href=\"https:\/\/marocco.evolutiontravel.it\/it_IT\/904\/tab\/40274_mini-tour-alla-scoperta-del-regno-marocchino-da-fes-a-marrakech.html\" target=\"_blank\"  rel=\"noopener \">\n\t\t\t\t\t\t\tMini Tour alla Scoperta del Regno Marocchino da Fes a Marrakech\t\t\t\t\t\t<\/a>\n\t\t\t\t\t<\/span>\n\t\t\t\t\t<div class=\"rss_content\"\n\t\t\t\t\t\t\tstyle=\"\">\n\t\t\t\t\t\t\n\t\t\t\t\t\t\t\t\t\t\t\t<p class=\"description\">Tour di Gruppo in Minibus, che permette una visione globale della cultura millenaria del Marocco insieme a scorci paesaggistici [&hellip;]<\/p>\n\t\t\t\t\t\t\n\t\t\t\t\t\t\t\t\t\t\t\t\t\t\t\t\t\t\t<div class=\"price-wrap\">\n\t\t\t\t\t\t\t\t<a href=\"https:\/\/marocco.evolutiontravel.it\/it_IT\/904\/tab\/40274_mini-tour-alla-scoperta-del-regno-marocchino-da-fes-a-marrakech.html\" target=\"_blank\" rel=\"noopener\"><button class=\"price\"> 825<\/button><\/a>\n\t\t\t\t\t\t\t<\/div>\n\t\t\t\t\t\t\t\t\t\t\t<\/div>\n\t\t\t\t<\/div>\n\t\t\t<\/li>\n\t\t\t\t\t\t<li  style=\"padding: 23px 0 38px\" class=\"rss_item feedzy-rss-col-3\" >\n\t\t\t\t\t\t\t\t\t<div class=\"rss_image\" style=\"width:225px; height:225px;\">\n\t\t\t\t\t\t<a href=\"https:\/\/marocco.evolutiontravel.it\/it_IT\/904\/tab\/37684_tour-completo-alla-scoperta-del-regno-marocchino.html\" target=\"_blank\" \n\t\t\t\t\t\t\trel=\"noopener \"\n\t\t\t\t\t\t\ttitle=\"Tour Completo alla Scoperta del Regno Marocchino\"\n\t\t\t\t\t\t\tstyle=\"width:225px; height:225px;\">\n\t\t\t\t\t\t\t<span class=\"fetched\" style=\"background-image:  url('http:\/\/etcdn.net\/thumbnails\/36869\/it-casablanca-tour-alla-scoperta-del-regno-del-marocco-68a0a.jpg');\" title=\"Tour Completo alla Scoperta del Regno Marocchino\"><\/span><amp-img width=\"225\" height=\"225\" src=\"http:\/\/etcdn.net\/thumbnails\/36869\/it-casablanca-tour-alla-scoperta-del-regno-del-marocco-68a0a.jpg\">\t\t\t\t\t\t<\/a>\n\t\t\t\t\t<\/div>\n\t\t\t\t\t\t\t\t<div class=\"rss_content_wrap\">\n\t\t\t\t\t<span class=\"title\">\n\t\t\t\t\t\t<a href=\"https:\/\/marocco.evolutiontravel.it\/it_IT\/904\/tab\/37684_tour-completo-alla-scoperta-del-regno-marocchino.html\" target=\"_blank\"  rel=\"noopener \">\n\t\t\t\t\t\t\tTour Completo alla Scoperta del Regno Marocchino\t\t\t\t\t\t<\/a>\n\t\t\t\t\t<\/span>\n\t\t\t\t\t<div class=\"rss_content\"\n\t\t\t\t\t\t\tstyle=\"\">\n\t\t\t\t\t\t\n\t\t\t\t\t\t\t\t\t\t\t\t<p class=\"description\">Tour di Gruppo in Minibus, che permette una visione globale della cultura millenaria del Marocco insieme a scorci paesaggistici [&hellip;]<\/p>\n\t\t\t\t\t\t\n\t\t\t\t\t\t\t\t\t\t\t\t\t\t\t\t\t\t\t<div class=\"price-wrap\">\n\t\t\t\t\t\t\t\t<a href=\"https:\/\/marocco.evolutiontravel.it\/it_IT\/904\/tab\/37684_tour-completo-alla-scoperta-del-regno-marocchino.html\" target=\"_blank\" rel=\"noopener\"><button class=\"price\"> 960<\/button><\/a>\n\t\t\t\t\t\t\t<\/div>\n\t\t\t\t\t\t\t\t\t\t\t<\/div>\n\t\t\t\t<\/div>\n\t\t\t<\/li>\n\t\t\t\t\t\t<li  style=\"padding: 23px 0 38px\" class=\"rss_item feedzy-rss-col-3\" >\n\t\t\t\t\t\t\t\t\t<div class=\"rss_image\" style=\"width:225px; height:225px;\">\n\t\t\t\t\t\t<a href=\"https:\/\/marocco.evolutiontravel.it\/it_IT\/904\/tab\/36879_minitour-tour-sud-e-kasbah-in-4x4.html\" target=\"_blank\" \n\t\t\t\t\t\t\trel=\"noopener \"\n\t\t\t\t\t\t\ttitle=\"Minitour Tour Sud e Kasbah in 4x4\"\n\t\t\t\t\t\t\tstyle=\"width:225px; height:225px;\">\n\t\t\t\t\t\t\t<span class=\"fetched\" style=\"background-image:  url('http:\/\/etcdn.net\/thumbnails\/7227\/it-marrakech-tour-sud-e-kasbah-in-4x4-50bad.jpg');\" title=\"Minitour Tour Sud e Kasbah in 4x4\"><\/span><amp-img width=\"225\" height=\"225\" src=\"http:\/\/etcdn.net\/thumbnails\/7227\/it-marrakech-tour-sud-e-kasbah-in-4x4-50bad.jpg\">\t\t\t\t\t\t<\/a>\n\t\t\t\t\t<\/div>\n\t\t\t\t\t\t\t\t<div class=\"rss_content_wrap\">\n\t\t\t\t\t<span class=\"title\">\n\t\t\t\t\t\t<a href=\"https:\/\/marocco.evolutiontravel.it\/it_IT\/904\/tab\/36879_minitour-tour-sud-e-kasbah-in-4x4.html\" target=\"_blank\"  rel=\"noopener \">\n\t\t\t\t\t\t\tMinitour Tour Sud e Kasbah in 4x4\t\t\t\t\t\t<\/a>\n\t\t\t\t\t<\/span>\n\t\t\t\t\t<div class=\"rss_content\"\n\t\t\t\t\t\t\tstyle=\"\">\n\t\t\t\t\t\t\n\t\t\t\t\t\t\t\t\t\t\t\t<p class=\"description\">Tour di gruppo, nel Sud del Marocco in Toyota Land Cruiser 4X4. A disposizione una guida professionaleparlante italiano. Da [&hellip;]<\/p>\n\t\t\t\t\t\t\n\t\t\t\t\t\t\t\t\t\t\t\t\t\t\t\t\t\t\t<div class=\"price-wrap\">\n\t\t\t\t\t\t\t\t<a href=\"https:\/\/marocco.evolutiontravel.it\/it_IT\/904\/tab\/36879_minitour-tour-sud-e-kasbah-in-4x4.html\" target=\"_blank\" rel=\"noopener\"><button class=\"price\"> 735<\/button><\/a>\n\t\t\t\t\t\t\t<\/div>\n\t\t\t\t\t\t\t\t\t\t\t<\/div>\n\t\t\t\t<\/div>\n\t\t\t<\/li>\n\t\t\t\t\t\t<li  style=\"padding: 23px 0 38px\" class=\"rss_item feedzy-rss-col-3\" >\n\t\t\t\t\t\t\t\t\t<div class=\"rss_image\" style=\"width:225px; height:225px;\">\n\t\t\t\t\t\t<a href=\"https:\/\/marocco.evolutiontravel.it\/it_IT\/904\/tab\/6878_tour-delle-citta-imperiali-iniziando-dal-sud.html\" target=\"_blank\" \n\t\t\t\t\t\t\trel=\"noopener \"\n\t\t\t\t\t\t\ttitle=\"Tour Delle Citt\u00e0 Imperiali Iniziando Dal Sud\"\n\t\t\t\t\t\t\tstyle=\"width:225px; height:225px;\">\n\t\t\t\t\t\t\t<span class=\"fetched\" style=\"background-image:  url('http:\/\/etcdn.net\/thumbnails\/6878\/it-marrakech-tour-delle-citta-imperiali-iniziando-dal-sud-4f1ae.jpg');\" title=\"Tour Delle Citt\u00e0 Imperiali Iniziando Dal Sud\"><\/span><amp-img width=\"225\" height=\"225\" src=\"http:\/\/etcdn.net\/thumbnails\/6878\/it-marrakech-tour-delle-citta-imperiali-iniziando-dal-sud-4f1ae.jpg\">\t\t\t\t\t\t<\/a>\n\t\t\t\t\t<\/div>\n\t\t\t\t\t\t\t\t<div class=\"rss_content_wrap\">\n\t\t\t\t\t<span class=\"title\">\n\t\t\t\t\t\t<a href=\"https:\/\/marocco.evolutiontravel.it\/it_IT\/904\/tab\/6878_tour-delle-citta-imperiali-iniziando-dal-sud.html\" target=\"_blank\"  rel=\"noopener \">\n\t\t\t\t\t\t\tTour Delle Citt\u00e0 Imperiali Iniziando Dal Sud\t\t\t\t\t\t<\/a>\n\t\t\t\t\t<\/span>\n\t\t\t\t\t<div class=\"rss_content\"\n\t\t\t\t\t\t\tstyle=\"\">\n\t\t\t\t\t\t\n\t\t\t\t\t\t\t\t\t\t\t\t<p class=\"description\">Affascinante tour guidato delle citt\u00e0 imperiali del marocco, in 8gg e 7nt, partendo dalla perla del sud Marrakech, si va a [&hellip;]<\/p>\n\t\t\t\t\t\t\n\t\t\t\t\t\t\t\t\t\t\t\t\t\t\t\t\t\t\t<div class=\"price-wrap\">\n\t\t\t\t\t\t\t\t<a href=\"https:\/\/marocco.evolutiontravel.it\/it_IT\/904\/tab\/6878_tour-delle-citta-imperiali-iniziando-dal-sud.html\" target=\"_blank\" rel=\"noopener\"><button class=\"price\"> 650<\/button><\/a>\n\t\t\t\t\t\t\t<\/div>\n\t\t\t\t\t\t\t\t\t\t\t<\/div>\n\t\t\t\t<\/div>\n\t\t\t<\/li>\n\t\t\t\t\t\t<li  style=\"padding: 23px 0 38px\" class=\"rss_item feedzy-rss-col-3\" >\n\t\t\t\t\t\t\t\t\t<div class=\"rss_image\" style=\"width:225px; height:225px;\">\n\t\t\t\t\t\t<a href=\"https:\/\/marocco.evolutiontravel.it\/it_IT\/904\/tab\/27533_tour-il-grande-sud-kasbah-e-deserto.html\" target=\"_blank\" \n\t\t\t\t\t\t\trel=\"noopener \"\n\t\t\t\t\t\t\ttitle=\"Tour Il Grande Sud, Kasbah e Deserto\"\n\t\t\t\t\t\t\tstyle=\"width:225px; height:225px;\">\n\t\t\t\t\t\t\t<span class=\"fetched\" style=\"background-image:  url('http:\/\/etcdn.net\/thumbnails\/27533\/it-marrakech-tour-il-grande-sud-kasbah-e-deserto-4f1e7.jpg');\" title=\"Tour Il Grande Sud, Kasbah e Deserto\"><\/span><amp-img width=\"225\" height=\"225\" src=\"http:\/\/etcdn.net\/thumbnails\/27533\/it-marrakech-tour-il-grande-sud-kasbah-e-deserto-4f1e7.jpg\">\t\t\t\t\t\t<\/a>\n\t\t\t\t\t<\/div>\n\t\t\t\t\t\t\t\t<div class=\"rss_content_wrap\">\n\t\t\t\t\t<span class=\"title\">\n\t\t\t\t\t\t<a href=\"https:\/\/marocco.evolutiontravel.it\/it_IT\/904\/tab\/27533_tour-il-grande-sud-kasbah-e-deserto.html\" target=\"_blank\"  rel=\"noopener \">\n\t\t\t\t\t\t\tTour Il Grande Sud, Kasbah e Deserto\t\t\t\t\t\t<\/a>\n\t\t\t\t\t<\/span>\n\t\t\t\t\t<div class=\"rss_content\"\n\t\t\t\t\t\t\tstyle=\"\">\n\t\t\t\t\t\t\n\t\t\t\t\t\t\t\t\t\t\t\t<p class=\"description\">Tour di gruppo in 8gg\/7nt, che mescola cultura e storia e natura\u00a0con l'avventura nel deserto.\u00a0Si andr\u00e0 a toccare con mano la [&hellip;]<\/p>\n\t\t\t\t\t\t\n\t\t\t\t\t\t\t\t\t\t\t\t\t\t\t\t\t\t\t<div class=\"price-wrap\">\n\t\t\t\t\t\t\t\t<a href=\"https:\/\/marocco.evolutiontravel.it\/it_IT\/904\/tab\/27533_tour-il-grande-sud-kasbah-e-deserto.html\" target=\"_blank\" rel=\"noopener\"><button class=\"price\"> 950<\/button><\/a>\n\t\t\t\t\t\t\t<\/div>\n\t\t\t\t\t\t\t\t\t\t\t<\/div>\n\t\t\t\t<\/div>\n\t\t\t<\/li>\n\t\t\t\t<\/ul>\n<\/div>\n<style type=\"text\/css\" media=\"all\">.feedzy-rss .rss_item .rss_image{float:left;position:relative;border:none;text-decoration:none;max-width:100%}.feedzy-rss .rss_item .rss_image span{display:inline-block;position:absolute;width:100%;height:100%;background-position:50%;background-size:cover}.feedzy-rss .rss_item .rss_image{margin:.3em 1em 0 0;content-visibility:auto}.feedzy-rss ul{list-style:none}.feedzy-rss ul li{display:inline-block}<\/style>\n","protected":false},"excerpt":{"rendered":"<p>Tra i tour del Marocco pi\u00f9 richiesti c&#8217;\u00e8 il giro delle citt\u00e0 imperiali: la capitale Rabat, Marrakech, Fes e Meknes. Tutte queste citt\u00e0 furono scelte, in tempi diversi, come localit\u00e0 di residenza di vari reganti e per questo chiamate &#8220;imperiali&#8221;. Una buona idea \u00e8 iniziare l&#8217;itinerario partendo da Casablanca e qui visitare la Moschea di <a class=\"moretag\" href=\"https:\/\/marocco.evolutiontravel.it\/infovacanze\/citta-imperiali\/\">[&#8230;]<\/a><\/p>\n","protected":false},"author":6,"featured_media":0,"parent":0,"menu_order":0,"comment_status":"closed","ping_status":"closed","template":"templates\/template-with-right-sidebar.php","meta":{"footnotes":""},"yoast_head":"<!-- This site is optimized with the Yoast SEO plugin v21.9.1 - https:\/\/yoast.com\/wordpress\/plugins\/seo\/ -->\n<title>Citt\u00e0 imperiali Marocco: tour tra Fes, Marrakech, Rabat e Meknes<\/title>\n<meta name=\"description\" content=\"Fes, Marrakech, Rabat e Meknes: le citt\u00e0 imperiali del Marocco. Leggi il nostro articolo e parti con le nostre offerte speciali!\" \/>\n<meta name=\"robots\" content=\"index, follow, max-snippet:-1, max-image-preview:large, max-video-preview:-1\" \/>\n<link rel=\"canonical\" href=\"https:\/\/marocco.evolutiontravel.it\/infovacanze\/citta-imperiali\/\" \/>\n<meta property=\"og:locale\" content=\"it_IT\" \/>\n<meta property=\"og:type\" content=\"article\" \/>\n<meta property=\"og:title\" content=\"Citt\u00e0 imperiali Marocco: tour tra Fes, Marrakech, Rabat e Meknes\" \/>\n<meta property=\"og:description\" content=\"Fes, Marrakech, Rabat e Meknes: le citt\u00e0 imperiali del Marocco. Leggi il nostro articolo e parti con le nostre offerte speciali!\" \/>\n<meta property=\"og:url\" content=\"https:\/\/marocco.evolutiontravel.it\/infovacanze\/citta-imperiali\/\" \/>\n<meta property=\"og:site_name\" content=\"Marocco\" \/>\n<meta property=\"article:modified_time\" content=\"2018-10-23T07:35:40+00:00\" \/>\n<meta name=\"twitter:label1\" content=\"Tempo di lettura stimato\" \/>\n\t<meta name=\"twitter:data1\" content=\"2 minuti\" \/>\n<script type=\"application\/ld+json\" class=\"yoast-schema-graph\">{\"@context\":\"https:\/\/schema.org\",\"@graph\":[{\"@type\":\"WebPage\",\"@id\":\"https:\/\/marocco.evolutiontravel.it\/infovacanze\/citta-imperiali\/\",\"url\":\"https:\/\/marocco.evolutiontravel.it\/infovacanze\/citta-imperiali\/\",\"name\":\"Citt\u00e0 imperiali Marocco: tour tra Fes, Marrakech, Rabat e Meknes\",\"isPartOf\":{\"@id\":\"https:\/\/marocco.evolutiontravel.it\/infovacanze\/#website\"},\"datePublished\":\"2018-10-08T10:04:41+00:00\",\"dateModified\":\"2018-10-23T07:35:40+00:00\",\"description\":\"Fes, Marrakech, Rabat e Meknes: le citt\u00e0 imperiali del Marocco. Leggi il nostro articolo e parti con le nostre offerte speciali!\",\"inLanguage\":\"it-IT\",\"potentialAction\":[{\"@type\":\"ReadAction\",\"target\":[\"https:\/\/marocco.evolutiontravel.it\/infovacanze\/citta-imperiali\/\"]}]},{\"@type\":\"WebSite\",\"@id\":\"https:\/\/marocco.evolutiontravel.it\/infovacanze\/#website\",\"url\":\"https:\/\/marocco.evolutiontravel.it\/infovacanze\/\",\"name\":\"Marocco\",\"description\":\"\",\"potentialAction\":[{\"@type\":\"SearchAction\",\"target\":{\"@type\":\"EntryPoint\",\"urlTemplate\":\"https:\/\/marocco.evolutiontravel.it\/infovacanze\/?s={search_term_string}\"},\"query-input\":\"required name=search_term_string\"}],\"inLanguage\":\"it-IT\"}]}<\/script>\n<!-- \/ Yoast SEO plugin. -->","yoast_head_json":{"title":"Citt\u00e0 imperiali Marocco: tour tra Fes, Marrakech, Rabat e Meknes","description":"Fes, Marrakech, Rabat e Meknes: le citt\u00e0 imperiali del Marocco. Leggi il nostro articolo e parti con le nostre offerte speciali!","robots":{"index":"index","follow":"follow","max-snippet":"max-snippet:-1","max-image-preview":"max-image-preview:large","max-video-preview":"max-video-preview:-1"},"canonical":"https:\/\/marocco.evolutiontravel.it\/infovacanze\/citta-imperiali\/","og_locale":"it_IT","og_type":"article","og_title":"Citt\u00e0 imperiali Marocco: tour tra Fes, Marrakech, Rabat e Meknes","og_description":"Fes, Marrakech, Rabat e Meknes: le citt\u00e0 imperiali del Marocco. Leggi il nostro articolo e parti con le nostre offerte speciali!","og_url":"https:\/\/marocco.evolutiontravel.it\/infovacanze\/citta-imperiali\/","og_site_name":"Marocco","article_modified_time":"2018-10-23T07:35:40+00:00","twitter_misc":{"Tempo di lettura stimato":"2 minuti"},"schema":{"@context":"https:\/\/schema.org","@graph":[{"@type":"WebPage","@id":"https:\/\/marocco.evolutiontravel.it\/infovacanze\/citta-imperiali\/","url":"https:\/\/marocco.evolutiontravel.it\/infovacanze\/citta-imperiali\/","name":"Citt\u00e0 imperiali Marocco: tour tra Fes, Marrakech, Rabat e Meknes","isPartOf":{"@id":"https:\/\/marocco.evolutiontravel.it\/infovacanze\/#website"},"datePublished":"2018-10-08T10:04:41+00:00","dateModified":"2018-10-23T07:35:40+00:00","description":"Fes, Marrakech, Rabat e Meknes: le citt\u00e0 imperiali del Marocco. Leggi il nostro articolo e parti con le nostre offerte speciali!","inLanguage":"it-IT","potentialAction":[{"@type":"ReadAction","target":["https:\/\/marocco.evolutiontravel.it\/infovacanze\/citta-imperiali\/"]}]},{"@type":"WebSite","@id":"https:\/\/marocco.evolutiontravel.it\/infovacanze\/#website","url":"https:\/\/marocco.evolutiontravel.it\/infovacanze\/","name":"Marocco","description":"","potentialAction":[{"@type":"SearchAction","target":{"@type":"EntryPoint","urlTemplate":"https:\/\/marocco.evolutiontravel.it\/infovacanze\/?s={search_term_string}"},"query-input":"required name=search_term_string"}],"inLanguage":"it-IT"}]}},"_links":{"self":[{"href":"https:\/\/marocco.evolutiontravel.it\/infovacanze\/wp-json\/wp\/v2\/pages\/549"}],"collection":[{"href":"https:\/\/marocco.evolutiontravel.it\/infovacanze\/wp-json\/wp\/v2\/pages"}],"about":[{"href":"https:\/\/marocco.evolutiontravel.it\/infovacanze\/wp-json\/wp\/v2\/types\/page"}],"author":[{"embeddable":true,"href":"https:\/\/marocco.evolutiontravel.it\/infovacanze\/wp-json\/wp\/v2\/users\/6"}],"replies":[{"embeddable":true,"href":"https:\/\/marocco.evolutiontravel.it\/infovacanze\/wp-json\/wp\/v2\/comments?post=549"}],"version-history":[{"count":8,"href":"https:\/\/marocco.evolutiontravel.it\/infovacanze\/wp-json\/wp\/v2\/pages\/549\/revisions"}],"predecessor-version":[{"id":598,"href":"https:\/\/marocco.evolutiontravel.it\/infovacanze\/wp-json\/wp\/v2\/pages\/549\/revisions\/598"}],"wp:attachment":[{"href":"https:\/\/marocco.evolutiontravel.it\/infovacanze\/wp-json\/wp\/v2\/media?parent=549"}],"curies":[{"name":"wp","href":"https:\/\/api.w.org\/{rel}","templated":true}]}}