{"id":510,"date":"2018-05-14T12:09:09","date_gmt":"2018-05-14T10:09:09","guid":{"rendered":"http:\/\/marocco.evolutiontravel.it\/infovacanze\/?page_id=510"},"modified":"2018-05-14T12:18:52","modified_gmt":"2018-05-14T10:18:52","slug":"rabat","status":"publish","type":"page","link":"https:\/\/marocco.evolutiontravel.it\/infovacanze\/informazioni\/luoghi-visitare\/rabat\/","title":{"rendered":"Cosa vedere a Rabat"},"content":{"rendered":"<p>Se possibile inserire <strong>Rabat<\/strong> come <strong>tappa del tour in Marocco<\/strong>, \u00e8 in questa citt\u00e0 che si respira la storia e le tradizioni millenarie del paese. Qui da vedere ci sono <strong>almeno 5 attrazioni<\/strong>: palazzo reale, mausoleo, kasbah, torre e antica repubblica marinara.<\/p>\n<h2>Palazzo Reale di Rabat<\/h2>\n<p>Fatto costruire nel secolo XVIII dal Sultano Mohamed III, il Palazzo Reale sanc\u00ec la nomina di <a href=\"https:\/\/marocco.evolutiontravel.it\/infovacanze\/informazioni\/luoghi-visitare\/citta-imperiali\/\"><strong>Rabat a citt\u00e0 imperiale<\/strong><\/a>; anche dopo l\u2019indipendenza dalla Francia il Marocco decise di mantenere qui la residenza principale dei suoi regnanti.<\/p>\n<p>Si tratta di un <strong>tipico palazzo in stile marocchino<\/strong>, con decorazioni geometriche lungo tutte le pareti e un grande cortile centrale, detto Mechouar, su cui sorge anche <strong>una moschea<\/strong>. Come in tutti i palazzi nobiliari del Marocco, al suo interno troviamo <strong>giardini<\/strong>, e tra le sue pertinenze si contano anche vasti terreni circostanti.<\/p>\n<h2>Mausoleo di Mohamed V<\/h2>\n<p>Mohamed V \u00e8 una figura fondamentale nella storia marocchina: \u00e8 il Sultano, e successivamente Re, che ha portato il Marocco all\u2019indipendenza dalla Francia.<\/p>\n<p>Il Mausoleo di Mohamed V \u00e8 una <strong>splendida costruzione bianca, merlettata e decorata<\/strong>, affascinante come solo le architetture islamiche sanno essere, che vi trasporter\u00e0 immediatamente nel passato.<\/p>\n<h2>Kasbah Oudaya<\/h2>\n<p><strong>Il quartiere pi\u00f9 antico di Rabat<\/strong> \u00e8 la Kasbah Oudaya, che si trova all\u2019estremit\u00e0 della citt\u00e0, a picco sul mare.<\/p>\n<p>L\u2019oceano si riflette nei vicoli della Kasbah, sulle<strong> costruzioni dalle pareti esterne bianche, ma dipinte di blu<\/strong>: perdetevi tra questi vicoli che continuamente sfociano verso il mare, e godetevi tutti gli scorci panoramici che riuscite a scoprire girovagando per questo piccolo gioiello.<\/p>\n<h2>Torre di Hassan<\/h2>\n<p>A volte gli incompleti sono pi\u00f9 affascinanti delle opere compiute: cos\u00ec \u00e8 anche per la Torre di Hassan, che doveva essere <strong>il minareto di una moschea mai finita di costruire<\/strong>. I lavori si interruppero alla fine del secolo XII e la torre rimase a poco pi\u00f9 di 40 metri, la met\u00e0 dell\u2019altezza progettata, e davanti ad essa rimasero incompiute anche quelle che sarebbero dovute essere le colonne della moschea.<\/p>\n<p>Al giorno d\u2019oggi, questa torre di pietra rossa davanti a cui, come in un\u2019installazione postmoderna, si dispongono centinaia di colonne, \u00e8 <strong>uno dei siti storici pi\u00f9 interessanti e visitati del Marocco<\/strong>.<\/p>\n<h2>Sal\u00e9, antica repubblica marinara<\/h2>\n<p>E&#8217; una citt\u00e0 che anticamente si era conquistata il titolo di repubblica marinara per la sua importanza come snodo marittimo. Da visitare la <strong>Marina<\/strong>, la <strong>Medina con i suoi souk<\/strong>, la <strong>scuola coranica Madrasa El Hassan<\/strong>, la <strong>porta Bab el Mrisa<\/strong> e infine <strong>il bastione Borj<\/strong>, da cui si possono ammirare l\u2019oceano e la stessa Rabat.<\/p>\n<p>&nbsp;<\/p>\n<h3 style=\"text-align: center\"><span style=\"color: #008000\">MAROCCO: VOLO + TOUR <\/span>con le nostre<span style=\"color: #008000\"> OFFERTE IMPERDIBILI<\/span><\/h3>\n<p style=\"text-align: center\"><strong>Guarda subito le nostre ultime offerte della settimana e non perdere l&#8217;occasione!<\/strong><\/p>\n<p style=\"text-align: center\"><strong><span style=\"color: #008000\">CLICCA E SCOPRI<\/span><\/strong>: <strong>programma<\/strong> dettagliato, <strong>tante foto<\/strong>, <strong>recensioni<\/strong>, <strong>itinerari<\/strong>!<\/p>\n<div class=\"feedzy-a1d4ae82f101c8721800bd9d421a0619 feedzy-rss\">\n\t\t<ul class=\"feedzy-style2\">\n\t\t\t\t\t<li  style=\"padding: 23px 0 38px\" class=\"rss_item feedzy-rss-col-3\" >\n\t\t\t\t\t\t\t\t\t<div class=\"rss_image\" style=\"width:225px; height:225px;\">\n\t\t\t\t\t\t<a href=\"https:\/\/marocco.evolutiontravel.it\/it_IT\/904\/tab\/7233_speciale-ed-esclusivo-evolution-travel-i-mercatini-di-natale-con-citta-imperiali.html\" target=\"_blank\" \n\t\t\t\t\t\t\trel=\"noopener \"\n\t\t\t\t\t\t\ttitle=\"Speciale ed Esclusivo Evolution Travel: I Mercatini Di Natale con Citt\u00e0 Imperiali\"\n\t\t\t\t\t\t\tstyle=\"width:225px; height:225px;\">\n\t\t\t\t\t\t\t<span class=\"fetched\" style=\"background-image:  url('http:\/\/etcdn.net\/thumbnails\/7233\/it-marrakech-tour-alla-scoperta-del-deserto-e-dei-3-atlanti-in-4x4-51ebe.jpg');\" title=\"Speciale ed Esclusivo Evolution Travel: I Mercatini Di Natale con Citt\u00e0 Imperiali\"><\/span><amp-img width=\"225\" height=\"225\" src=\"http:\/\/etcdn.net\/thumbnails\/7233\/it-marrakech-tour-alla-scoperta-del-deserto-e-dei-3-atlanti-in-4x4-51ebe.jpg\">\t\t\t\t\t\t<\/a>\n\t\t\t\t\t<\/div>\n\t\t\t\t\t\t\t\t<div class=\"rss_content_wrap\">\n\t\t\t\t\t<span class=\"title\">\n\t\t\t\t\t\t<a href=\"https:\/\/marocco.evolutiontravel.it\/it_IT\/904\/tab\/7233_speciale-ed-esclusivo-evolution-travel-i-mercatini-di-natale-con-citta-imperiali.html\" target=\"_blank\"  rel=\"noopener \">\n\t\t\t\t\t\t\tSpeciale ed Esclusivo Evolution Travel: I Mercatini Di Natale con Citt\u00e0 Imperiali\t\t\t\t\t\t<\/a>\n\t\t\t\t\t<\/span>\n\t\t\t\t\t<div class=\"rss_content\"\n\t\t\t\t\t\t\tstyle=\"\">\n\t\t\t\t\t\t\n\t\t\t\t\t\t\t\t\t\t\t\t<p class=\"description\">Affascinante tour delle citt\u00e0 imperiali, in 8gg e 7nt, partendo dalla perla del sud Marrakech, si va a visitare tutte le citt\u00e0 [&hellip;]<\/p>\n\t\t\t\t\t\t\n\t\t\t\t\t\t\t\t\t\t\t\t\t\t\t\t\t\t\t<div class=\"price-wrap\">\n\t\t\t\t\t\t\t\t<a href=\"https:\/\/marocco.evolutiontravel.it\/it_IT\/904\/tab\/7233_speciale-ed-esclusivo-evolution-travel-i-mercatini-di-natale-con-citta-imperiali.html\" target=\"_blank\" rel=\"noopener\"><button class=\"price\"> 1290<\/button><\/a>\n\t\t\t\t\t\t\t<\/div>\n\t\t\t\t\t\t\t\t\t\t\t<\/div>\n\t\t\t\t<\/div>\n\t\t\t<\/li>\n\t\t\t\t\t\t<li  style=\"padding: 23px 0 38px\" class=\"rss_item feedzy-rss-col-3\" >\n\t\t\t\t\t\t\t\t\t<div class=\"rss_image\" style=\"width:225px; height:225px;\">\n\t\t\t\t\t\t<a href=\"https:\/\/marocco.evolutiontravel.it\/it_IT\/904\/tab\/40230_gran-tour-perle-imperiali-deserto-del-marocco.html\" target=\"_blank\" \n\t\t\t\t\t\t\trel=\"noopener \"\n\t\t\t\t\t\t\ttitle=\"Gran Tour Perle Imperiali &amp; Deserto del Marocco\"\n\t\t\t\t\t\t\tstyle=\"width:225px; height:225px;\">\n\t\t\t\t\t\t\t<span class=\"fetched\" style=\"background-image:  url('http:\/\/etcdn.net\/thumbnails\/31213\/it-casablanca-gran-tour-del-marocco-50e60.jpg');\" title=\"Gran Tour Perle Imperiali &amp; Deserto del Marocco\"><\/span><amp-img width=\"225\" height=\"225\" src=\"http:\/\/etcdn.net\/thumbnails\/31213\/it-casablanca-gran-tour-del-marocco-50e60.jpg\">\t\t\t\t\t\t<\/a>\n\t\t\t\t\t<\/div>\n\t\t\t\t\t\t\t\t<div class=\"rss_content_wrap\">\n\t\t\t\t\t<span class=\"title\">\n\t\t\t\t\t\t<a href=\"https:\/\/marocco.evolutiontravel.it\/it_IT\/904\/tab\/40230_gran-tour-perle-imperiali-deserto-del-marocco.html\" target=\"_blank\"  rel=\"noopener \">\n\t\t\t\t\t\t\tGran Tour Perle Imperiali &amp; Deserto del Marocco\t\t\t\t\t\t<\/a>\n\t\t\t\t\t<\/span>\n\t\t\t\t\t<div class=\"rss_content\"\n\t\t\t\t\t\t\tstyle=\"\">\n\t\t\t\t\t\t\n\t\t\t\t\t\t\t\t\t\t\t\t<p class=\"description\">Tour di Gruppo in Minibus\/Bus GT, alla scoperta del Marocco pi\u00f9 autentico e caratteristico... Citt\u00e0 Imperiali, Oasi, Kasbah e [&hellip;]<\/p>\n\t\t\t\t\t\t\n\t\t\t\t\t\t\t\t\t\t\t\t\t\t\t\t\t\t\t<div class=\"price-wrap\">\n\t\t\t\t\t\t\t\t<a href=\"https:\/\/marocco.evolutiontravel.it\/it_IT\/904\/tab\/40230_gran-tour-perle-imperiali-deserto-del-marocco.html\" target=\"_blank\" rel=\"noopener\"><button class=\"price\"> 1564<\/button><\/a>\n\t\t\t\t\t\t\t<\/div>\n\t\t\t\t\t\t\t\t\t\t\t<\/div>\n\t\t\t\t<\/div>\n\t\t\t<\/li>\n\t\t\t\t<\/ul>\n<\/div>\n<style type=\"text\/css\" media=\"all\">.feedzy-rss .rss_item .rss_image{float:left;position:relative;border:none;text-decoration:none;max-width:100%}.feedzy-rss .rss_item .rss_image span{display:inline-block;position:absolute;width:100%;height:100%;background-position:50%;background-size:cover}.feedzy-rss .rss_item .rss_image{margin:.3em 1em 0 0;content-visibility:auto}.feedzy-rss ul{list-style:none}.feedzy-rss ul li{display:inline-block}<\/style>\n","protected":false},"excerpt":{"rendered":"<p>Se possibile inserire Rabat come tappa del tour in Marocco, \u00e8 in questa citt\u00e0 che si respira la storia e le tradizioni millenarie del paese. Qui da vedere ci sono almeno 5 attrazioni: palazzo reale, mausoleo, kasbah, torre e antica repubblica marinara. Palazzo Reale di Rabat Fatto costruire nel secolo XVIII dal Sultano Mohamed III, <a class=\"moretag\" href=\"https:\/\/marocco.evolutiontravel.it\/infovacanze\/informazioni\/luoghi-visitare\/rabat\/\">[&#8230;]<\/a><\/p>\n","protected":false},"author":6,"featured_media":0,"parent":43,"menu_order":0,"comment_status":"closed","ping_status":"closed","template":"templates\/template-with-right-sidebar.php","meta":{"footnotes":""},"yoast_head":"<!-- This site is optimized with the Yoast SEO plugin v21.9.1 - https:\/\/yoast.com\/wordpress\/plugins\/seo\/ -->\n<title>5 cose da vedere a Rabat - Speciale &quot;Marocco in vacanza&quot;<\/title>\n<meta name=\"description\" content=\"Scopri almeno 5 cose da vedere a Rabate dintorni, per rendere la tua vacanza in Marocco straordinaria! Guarda anche tutte le nostre offerte della settimana e parti con noi!\" \/>\n<meta name=\"robots\" content=\"index, follow, max-snippet:-1, max-image-preview:large, max-video-preview:-1\" \/>\n<link rel=\"canonical\" href=\"https:\/\/marocco.evolutiontravel.it\/infovacanze\/informazioni\/luoghi-visitare\/rabat\/\" \/>\n<meta property=\"og:locale\" content=\"it_IT\" \/>\n<meta property=\"og:type\" content=\"article\" \/>\n<meta property=\"og:title\" content=\"5 cose da vedere a Rabat - Speciale &quot;Marocco in vacanza&quot;\" \/>\n<meta property=\"og:description\" content=\"Scopri almeno 5 cose da vedere a Rabate dintorni, per rendere la tua vacanza in Marocco straordinaria! Guarda anche tutte le nostre offerte della settimana e parti con noi!\" \/>\n<meta property=\"og:url\" content=\"https:\/\/marocco.evolutiontravel.it\/infovacanze\/informazioni\/luoghi-visitare\/rabat\/\" \/>\n<meta property=\"og:site_name\" content=\"Marocco\" \/>\n<meta property=\"article:modified_time\" content=\"2018-05-14T10:18:52+00:00\" \/>\n<meta name=\"twitter:label1\" content=\"Tempo di lettura stimato\" \/>\n\t<meta name=\"twitter:data1\" content=\"2 minuti\" \/>\n<script type=\"application\/ld+json\" class=\"yoast-schema-graph\">{\"@context\":\"https:\/\/schema.org\",\"@graph\":[{\"@type\":\"WebPage\",\"@id\":\"https:\/\/marocco.evolutiontravel.it\/infovacanze\/informazioni\/luoghi-visitare\/rabat\/\",\"url\":\"https:\/\/marocco.evolutiontravel.it\/infovacanze\/informazioni\/luoghi-visitare\/rabat\/\",\"name\":\"5 cose da vedere a Rabat - Speciale \\\"Marocco in vacanza\\\"\",\"isPartOf\":{\"@id\":\"https:\/\/marocco.evolutiontravel.it\/infovacanze\/#website\"},\"datePublished\":\"2018-05-14T10:09:09+00:00\",\"dateModified\":\"2018-05-14T10:18:52+00:00\",\"description\":\"Scopri almeno 5 cose da vedere a Rabate dintorni, per rendere la tua vacanza in Marocco straordinaria! Guarda anche tutte le nostre offerte della settimana e parti con noi!\",\"breadcrumb\":{\"@id\":\"https:\/\/marocco.evolutiontravel.it\/infovacanze\/informazioni\/luoghi-visitare\/rabat\/#breadcrumb\"},\"inLanguage\":\"it-IT\",\"potentialAction\":[{\"@type\":\"ReadAction\",\"target\":[\"https:\/\/marocco.evolutiontravel.it\/infovacanze\/informazioni\/luoghi-visitare\/rabat\/\"]}]},{\"@type\":\"BreadcrumbList\",\"@id\":\"https:\/\/marocco.evolutiontravel.it\/infovacanze\/informazioni\/luoghi-visitare\/rabat\/#breadcrumb\",\"itemListElement\":[{\"@type\":\"ListItem\",\"position\":1,\"name\":\"Informazioni utili sul Marocco\",\"item\":\"https:\/\/marocco.evolutiontravel.it\/infovacanze\/informazioni\/\"},{\"@type\":\"ListItem\",\"position\":2,\"name\":\"Cosa vedere in Marocco\",\"item\":\"https:\/\/marocco.evolutiontravel.it\/infovacanze\/informazioni\/luoghi-visitare\/\"},{\"@type\":\"ListItem\",\"position\":3,\"name\":\"Cosa vedere a Rabat\"}]},{\"@type\":\"WebSite\",\"@id\":\"https:\/\/marocco.evolutiontravel.it\/infovacanze\/#website\",\"url\":\"https:\/\/marocco.evolutiontravel.it\/infovacanze\/\",\"name\":\"Marocco\",\"description\":\"\",\"potentialAction\":[{\"@type\":\"SearchAction\",\"target\":{\"@type\":\"EntryPoint\",\"urlTemplate\":\"https:\/\/marocco.evolutiontravel.it\/infovacanze\/?s={search_term_string}\"},\"query-input\":\"required name=search_term_string\"}],\"inLanguage\":\"it-IT\"}]}<\/script>\n<!-- \/ Yoast SEO plugin. -->","yoast_head_json":{"title":"5 cose da vedere a Rabat - Speciale \"Marocco in vacanza\"","description":"Scopri almeno 5 cose da vedere a Rabate dintorni, per rendere la tua vacanza in Marocco straordinaria! Guarda anche tutte le nostre offerte della settimana e parti con noi!","robots":{"index":"index","follow":"follow","max-snippet":"max-snippet:-1","max-image-preview":"max-image-preview:large","max-video-preview":"max-video-preview:-1"},"canonical":"https:\/\/marocco.evolutiontravel.it\/infovacanze\/informazioni\/luoghi-visitare\/rabat\/","og_locale":"it_IT","og_type":"article","og_title":"5 cose da vedere a Rabat - Speciale \"Marocco in vacanza\"","og_description":"Scopri almeno 5 cose da vedere a Rabate dintorni, per rendere la tua vacanza in Marocco straordinaria! Guarda anche tutte le nostre offerte della settimana e parti con noi!","og_url":"https:\/\/marocco.evolutiontravel.it\/infovacanze\/informazioni\/luoghi-visitare\/rabat\/","og_site_name":"Marocco","article_modified_time":"2018-05-14T10:18:52+00:00","twitter_misc":{"Tempo di lettura stimato":"2 minuti"},"schema":{"@context":"https:\/\/schema.org","@graph":[{"@type":"WebPage","@id":"https:\/\/marocco.evolutiontravel.it\/infovacanze\/informazioni\/luoghi-visitare\/rabat\/","url":"https:\/\/marocco.evolutiontravel.it\/infovacanze\/informazioni\/luoghi-visitare\/rabat\/","name":"5 cose da vedere a Rabat - Speciale \"Marocco in vacanza\"","isPartOf":{"@id":"https:\/\/marocco.evolutiontravel.it\/infovacanze\/#website"},"datePublished":"2018-05-14T10:09:09+00:00","dateModified":"2018-05-14T10:18:52+00:00","description":"Scopri almeno 5 cose da vedere a Rabate dintorni, per rendere la tua vacanza in Marocco straordinaria! Guarda anche tutte le nostre offerte della settimana e parti con noi!","breadcrumb":{"@id":"https:\/\/marocco.evolutiontravel.it\/infovacanze\/informazioni\/luoghi-visitare\/rabat\/#breadcrumb"},"inLanguage":"it-IT","potentialAction":[{"@type":"ReadAction","target":["https:\/\/marocco.evolutiontravel.it\/infovacanze\/informazioni\/luoghi-visitare\/rabat\/"]}]},{"@type":"BreadcrumbList","@id":"https:\/\/marocco.evolutiontravel.it\/infovacanze\/informazioni\/luoghi-visitare\/rabat\/#breadcrumb","itemListElement":[{"@type":"ListItem","position":1,"name":"Informazioni utili sul Marocco","item":"https:\/\/marocco.evolutiontravel.it\/infovacanze\/informazioni\/"},{"@type":"ListItem","position":2,"name":"Cosa vedere in Marocco","item":"https:\/\/marocco.evolutiontravel.it\/infovacanze\/informazioni\/luoghi-visitare\/"},{"@type":"ListItem","position":3,"name":"Cosa vedere a Rabat"}]},{"@type":"WebSite","@id":"https:\/\/marocco.evolutiontravel.it\/infovacanze\/#website","url":"https:\/\/marocco.evolutiontravel.it\/infovacanze\/","name":"Marocco","description":"","potentialAction":[{"@type":"SearchAction","target":{"@type":"EntryPoint","urlTemplate":"https:\/\/marocco.evolutiontravel.it\/infovacanze\/?s={search_term_string}"},"query-input":"required name=search_term_string"}],"inLanguage":"it-IT"}]}},"_links":{"self":[{"href":"https:\/\/marocco.evolutiontravel.it\/infovacanze\/wp-json\/wp\/v2\/pages\/510"}],"collection":[{"href":"https:\/\/marocco.evolutiontravel.it\/infovacanze\/wp-json\/wp\/v2\/pages"}],"about":[{"href":"https:\/\/marocco.evolutiontravel.it\/infovacanze\/wp-json\/wp\/v2\/types\/page"}],"author":[{"embeddable":true,"href":"https:\/\/marocco.evolutiontravel.it\/infovacanze\/wp-json\/wp\/v2\/users\/6"}],"replies":[{"embeddable":true,"href":"https:\/\/marocco.evolutiontravel.it\/infovacanze\/wp-json\/wp\/v2\/comments?post=510"}],"version-history":[{"count":5,"href":"https:\/\/marocco.evolutiontravel.it\/infovacanze\/wp-json\/wp\/v2\/pages\/510\/revisions"}],"predecessor-version":[{"id":518,"href":"https:\/\/marocco.evolutiontravel.it\/infovacanze\/wp-json\/wp\/v2\/pages\/510\/revisions\/518"}],"up":[{"embeddable":true,"href":"https:\/\/marocco.evolutiontravel.it\/infovacanze\/wp-json\/wp\/v2\/pages\/43"}],"wp:attachment":[{"href":"https:\/\/marocco.evolutiontravel.it\/infovacanze\/wp-json\/wp\/v2\/media?parent=510"}],"curies":[{"name":"wp","href":"https:\/\/api.w.org\/{rel}","templated":true}]}}