{"id":477,"date":"2018-05-08T10:17:07","date_gmt":"2018-05-08T08:17:07","guid":{"rendered":"http:\/\/marocco.evolutiontravel.it\/infovacanze\/?page_id=477"},"modified":"2018-05-08T10:17:07","modified_gmt":"2018-05-08T08:17:07","slug":"fes","status":"publish","type":"page","link":"https:\/\/marocco.evolutiontravel.it\/infovacanze\/informazioni\/luoghi-visitare\/fes\/","title":{"rendered":"Visitare F\u00e8s"},"content":{"rendered":"<p>Ecco <strong>Fez <\/strong>(o F\u00e8s), a <strong>nord est del Marocco<\/strong>, a 350 metri sul livello del mare, una delle citt\u00e0 pi\u00f9 importanti del paese e dell\u2019intero mondo islamico. Il suo cuore pulsante \u00e8 <strong>la Medina<\/strong>, ovvero il vecchio <strong>centro storico<\/strong>, conosciuta anche come<em> Fez El Bali<\/em>.<\/p>\n<p>Iniziamo il nostro viaggio virtuale alla scoperta di questa destinazione che consigliamo &#8211; assolutamente &#8211; di inserire nel percorso di visita.<\/p>\n<h2>La Medina di Fez (F\u00e8s El Bali)<\/h2>\n<p>Consigliamo di iniziare la visita di Fez proprio dalla Medina: si tratta di <strong>una delle pi\u00f9 antiche<\/strong>, risalente all\u2019epoca medievale, e perdersi tra i suoi vicoli popolati dalle attivit\u00e0 commerciali del suk vi far\u00e0 davvero sentire in un altro tempo della storia.<\/p>\n<p>Il fascino delle sue <strong>novemila stradine<\/strong>, la bellezza delle architetture e lo stato di conservazione sono valsi a questa attrazione il riconoscimento di <strong>patrimonio UNESCO<\/strong>: al suo interno spiccano costruzioni di straordinaria bellezza quali:<\/p>\n<ul>\n<li>la grande<strong> Moschea Karaouine<\/strong>, risalente alla fine del secolo IX;<\/li>\n<li>la <strong>Madrasa Attarine<\/strong>, l\u2019edificio della scuola religiosa decorato con veri e propri capolavori in forma di mosaico;<\/li>\n<li>la <strong>Fontana Nejjarine<\/strong>, altro esempio di eccellenza decorativa.<\/li>\n<\/ul>\n<p>La Fontana sorge al centro di un complesso composto dal Funduq Nejjarine, edificio che ospita il <strong>Museo di Arti e Mestieri del Legno<\/strong>, e dal suk adiacente, che era anticamente il centro delle attivit\u00e0 commerciali legate proprio al legno. Ancora oggi, nel suk, \u00e8 possibile acquistare mobili di ottima fattura.<\/p>\n<h2>Quartiere Ebraico di Fez (Fez El Jdid)<\/h2>\n<p>Tutto intorno al centro storico di Fez si trova la <strong>Ville Nouvelle<\/strong>, l\u2019espansione francese moderna, ma prima di tornare ai giorni nostri nei negozi e <strong>nei caff\u00e8 di Avenue Hassan<\/strong>, visitate anche l\u2019altra zona storica della citt\u00e0: si tratta di <strong>Fez Jdid<\/strong> ed \u00e8 <strong>il quartiere ebraico<\/strong>, costruito nel secolo XIV e per questo conosciuto anche come \u201ccitt\u00e0 nuova\u201d.<\/p>\n<p>La caratteristica principale del quartiere sono<strong> i balconi e le finestre con decorazioni in ferro battuto<\/strong>; qui, oltre al tradizionale <strong>cimitero ebraico<\/strong>, si trova anche il <strong>Palazzo Reale<\/strong>, antica residenza dei sovrani del Marocco.<\/p>\n<h2>Dintorni di F\u00e8s<\/h2>\n<p>Durante le vacanze in Marocco consigliamo di dedicare un paio di giorni a visitare i dintorni di Fez: a circa <strong>un\u2019ora di distanza<\/strong> trovate infatti <strong>Moulay Idriss, citt\u00e0 santa,<\/strong> che riconoscerete perch\u00e9 la vedrete apparire da lontano, nel candore quasi accecante delle sue costruzioni bianche.<\/p>\n<p>La citt\u00e0 era interdetta ai non musulmani fino al 2005, e ancora oggi uno dei suoi monumenti pi\u00f9 importanti, il Mausoleo di Idriss I, \u00e8 inaccessibile per chi non professa la religione musulmana: Moulay Idriss \u00e8 considerata la citt\u00e0 pi\u00f9 sacra dell\u2019Islam dopo La Mecca. Le sue splendide architetture valgono una gita, e a poca distanza potrete visitare anche i <strong>resti dell\u2019antico insediamento romano di Volubilis<\/strong> con basilica, acquedotto e terme.<\/p>\n<h3 style=\"text-align: center\"><strong><span style=\"color: #008000\">OFFERTE VIAGGI E VACANZE A FES<\/span><\/strong><\/h3>\n<p style=\"text-align: center\">Scopri subito le nostre <strong><span style=\"color: #008000\">IMPERDIBILI PROPOSTE DI VIAGGIO<\/span><\/strong>\u00a0 per questa destinazione<\/p>\n<p style=\"text-align: center\"><strong><span style=\"color: #008000\">CLICCA E SCOPRI<\/span><\/strong>: <strong>programma<\/strong> viaggio,<strong> recensioni<\/strong>, tantissime <strong>foto<\/strong> e <strong>servizi inclusi<\/strong>!<\/p>\n<p style=\"text-align: left\"><div class=\"feedzy-3b5edbc276c200c8336ff177a81b0d3a feedzy-rss\">\n\t\t<ul class=\"feedzy-style2\">\n\t\t\t\t\t<li  style=\"padding: 23px 0 38px\" class=\"rss_item feedzy-rss-col-3\" >\n\t\t\t\t\t\t\t\t\t<div class=\"rss_image\" style=\"width:225px; height:225px;\">\n\t\t\t\t\t\t<a href=\"https:\/\/marocco.evolutiontravel.it\/it_IT\/904\/tab\/9044_tour-esclusivo-evolution-travel.html\" target=\"_blank\" \n\t\t\t\t\t\t\trel=\"noopener \"\n\t\t\t\t\t\t\ttitle=\"Tour Esclusivo Evolution Travel\"\n\t\t\t\t\t\t\tstyle=\"width:225px; height:225px;\">\n\t\t\t\t\t\t\t<span class=\"fetched\" style=\"background-image:  url('http:\/\/etcdn.net\/thumbnails\/9044\/it-fes-tour-esclusivo-evolution-travel-solo-per-pochi-eletti-4fa9b.jpg');\" title=\"Tour Esclusivo Evolution Travel\"><\/span><amp-img width=\"225\" height=\"225\" src=\"http:\/\/etcdn.net\/thumbnails\/9044\/it-fes-tour-esclusivo-evolution-travel-solo-per-pochi-eletti-4fa9b.jpg\">\t\t\t\t\t\t<\/a>\n\t\t\t\t\t<\/div>\n\t\t\t\t\t\t\t\t<div class=\"rss_content_wrap\">\n\t\t\t\t\t<span class=\"title\">\n\t\t\t\t\t\t<a href=\"https:\/\/marocco.evolutiontravel.it\/it_IT\/904\/tab\/9044_tour-esclusivo-evolution-travel.html\" target=\"_blank\"  rel=\"noopener \">\n\t\t\t\t\t\t\tTour Esclusivo Evolution Travel\t\t\t\t\t\t<\/a>\n\t\t\t\t\t<\/span>\n\t\t\t\t\t<div class=\"rss_content\"\n\t\t\t\t\t\t\tstyle=\"\">\n\t\t\t\t\t\t\n\t\t\t\t\t\t\t\t\t\t\t\t<p class=\"description\">Tour Privato in 4X4 con GUIDA parlante Italiano,\u00a0in\u00a0una parte sconosciuta.\u00a0Fez poi\u00a0Chefchaouen la mitica citt\u00e0 blu, la [&hellip;]<\/p>\n\t\t\t\t\t\t\n\t\t\t\t\t\t\t\t\t\t\t\t\t\t\t\t\t\t\t<div class=\"price-wrap\">\n\t\t\t\t\t\t\t\t<a href=\"https:\/\/marocco.evolutiontravel.it\/it_IT\/904\/tab\/9044_tour-esclusivo-evolution-travel.html\" target=\"_blank\" rel=\"noopener\"><button class=\"price\"> 1350<\/button><\/a>\n\t\t\t\t\t\t\t<\/div>\n\t\t\t\t\t\t\t\t\t\t\t<\/div>\n\t\t\t\t<\/div>\n\t\t\t<\/li>\n\t\t\t\t\t\t<li  style=\"padding: 23px 0 38px\" class=\"rss_item feedzy-rss-col-3\" >\n\t\t\t\t\t\t\t\t\t<div class=\"rss_image\" style=\"width:225px; height:225px;\">\n\t\t\t\t\t\t<a href=\"https:\/\/marocco.evolutiontravel.it\/it_IT\/904\/tab\/40274_mini-tour-alla-scoperta-del-regno-marocchino-da-fes-a-marrakech.html\" target=\"_blank\" \n\t\t\t\t\t\t\trel=\"noopener \"\n\t\t\t\t\t\t\ttitle=\"Mini Tour alla Scoperta del Regno Marocchino da Fes a Marrakech\"\n\t\t\t\t\t\t\tstyle=\"width:225px; height:225px;\">\n\t\t\t\t\t\t\t<span class=\"fetched\" style=\"background-image:  url('http:\/\/etcdn.net\/thumbnails\/36869\/it-casablanca-tour-alla-scoperta-del-regno-del-marocco-68a0e.jpg');\" title=\"Mini Tour alla Scoperta del Regno Marocchino da Fes a Marrakech\"><\/span><amp-img width=\"225\" height=\"225\" src=\"http:\/\/etcdn.net\/thumbnails\/36869\/it-casablanca-tour-alla-scoperta-del-regno-del-marocco-68a0e.jpg\">\t\t\t\t\t\t<\/a>\n\t\t\t\t\t<\/div>\n\t\t\t\t\t\t\t\t<div class=\"rss_content_wrap\">\n\t\t\t\t\t<span class=\"title\">\n\t\t\t\t\t\t<a href=\"https:\/\/marocco.evolutiontravel.it\/it_IT\/904\/tab\/40274_mini-tour-alla-scoperta-del-regno-marocchino-da-fes-a-marrakech.html\" target=\"_blank\"  rel=\"noopener \">\n\t\t\t\t\t\t\tMini Tour alla Scoperta del Regno Marocchino da Fes a Marrakech\t\t\t\t\t\t<\/a>\n\t\t\t\t\t<\/span>\n\t\t\t\t\t<div class=\"rss_content\"\n\t\t\t\t\t\t\tstyle=\"\">\n\t\t\t\t\t\t\n\t\t\t\t\t\t\t\t\t\t\t\t<p class=\"description\">Tour di Gruppo in Minibus, che permette una visione globale della cultura millenaria del Marocco insieme a scorci paesaggistici [&hellip;]<\/p>\n\t\t\t\t\t\t\n\t\t\t\t\t\t\t\t\t\t\t\t\t\t\t\t\t\t\t<div class=\"price-wrap\">\n\t\t\t\t\t\t\t\t<a href=\"https:\/\/marocco.evolutiontravel.it\/it_IT\/904\/tab\/40274_mini-tour-alla-scoperta-del-regno-marocchino-da-fes-a-marrakech.html\" target=\"_blank\" rel=\"noopener\"><button class=\"price\"> 825<\/button><\/a>\n\t\t\t\t\t\t\t<\/div>\n\t\t\t\t\t\t\t\t\t\t\t<\/div>\n\t\t\t\t<\/div>\n\t\t\t<\/li>\n\t\t\t\t\t\t<li  style=\"padding: 23px 0 38px\" class=\"rss_item feedzy-rss-col-3\" >\n\t\t\t\t\t\t\t\t\t<div class=\"rss_image\" style=\"width:225px; height:225px;\">\n\t\t\t\t\t\t<a href=\"https:\/\/marocco.evolutiontravel.it\/it_IT\/904\/tab\/9086_tour-citta-imperiali-e-deserto-in-riad.html\" target=\"_blank\" \n\t\t\t\t\t\t\trel=\"noopener \"\n\t\t\t\t\t\t\ttitle=\"Tour Citt\u00e0 Imperiali e Deserto in Riad\"\n\t\t\t\t\t\t\tstyle=\"width:225px; height:225px;\">\n\t\t\t\t\t\t\t<span class=\"fetched\" style=\"background-image:  url('http:\/\/etcdn.net\/thumbnails\/9086\/it-fes-tour-citta-imperiali-e-deserto-in-riad-5f95e.jpg');\" title=\"Tour Citt\u00e0 Imperiali e Deserto in Riad\"><\/span><amp-img width=\"225\" height=\"225\" src=\"http:\/\/etcdn.net\/thumbnails\/9086\/it-fes-tour-citta-imperiali-e-deserto-in-riad-5f95e.jpg\">\t\t\t\t\t\t<\/a>\n\t\t\t\t\t<\/div>\n\t\t\t\t\t\t\t\t<div class=\"rss_content_wrap\">\n\t\t\t\t\t<span class=\"title\">\n\t\t\t\t\t\t<a href=\"https:\/\/marocco.evolutiontravel.it\/it_IT\/904\/tab\/9086_tour-citta-imperiali-e-deserto-in-riad.html\" target=\"_blank\"  rel=\"noopener \">\n\t\t\t\t\t\t\tTour Citt\u00e0 Imperiali e Deserto in Riad\t\t\t\t\t\t<\/a>\n\t\t\t\t\t<\/span>\n\t\t\t\t\t<div class=\"rss_content\"\n\t\t\t\t\t\t\tstyle=\"\">\n\t\t\t\t\t\t\n\t\t\t\t\t\t\t\t\t\t\t\t<p class=\"description\">Tour esclusivo Evolution Travel su base individuale che ripercorre il viaggio intrapreso dal Sultano Moulay Hassan nel 1893. Da [&hellip;]<\/p>\n\t\t\t\t\t\t\n\t\t\t\t\t\t\t\t\t\t\t\t\t\t\t\t\t\t\t<div class=\"price-wrap\">\n\t\t\t\t\t\t\t\t<a href=\"https:\/\/marocco.evolutiontravel.it\/it_IT\/904\/tab\/9086_tour-citta-imperiali-e-deserto-in-riad.html\" target=\"_blank\" rel=\"noopener\"><button class=\"price\"> 990<\/button><\/a>\n\t\t\t\t\t\t\t<\/div>\n\t\t\t\t\t\t\t\t\t\t\t<\/div>\n\t\t\t\t<\/div>\n\t\t\t<\/li>\n\t\t\t\t<\/ul>\n<\/div>\n<style type=\"text\/css\" media=\"all\">.feedzy-rss .rss_item .rss_image{float:left;position:relative;border:none;text-decoration:none;max-width:100%}.feedzy-rss .rss_item .rss_image span{display:inline-block;position:absolute;width:100%;height:100%;background-position:50%;background-size:cover}.feedzy-rss .rss_item .rss_image{margin:.3em 1em 0 0;content-visibility:auto}.feedzy-rss ul{list-style:none}.feedzy-rss ul li{display:inline-block}<\/style><\/p>\n","protected":false},"excerpt":{"rendered":"<p>Ecco Fez (o F\u00e8s), a nord est del Marocco, a 350 metri sul livello del mare, una delle citt\u00e0 pi\u00f9 importanti del paese e dell\u2019intero mondo islamico. Il suo cuore pulsante \u00e8 la Medina, ovvero il vecchio centro storico, conosciuta anche come Fez El Bali. Iniziamo il nostro viaggio virtuale alla scoperta di questa destinazione <a class=\"moretag\" href=\"https:\/\/marocco.evolutiontravel.it\/infovacanze\/informazioni\/luoghi-visitare\/fes\/\">[&#8230;]<\/a><\/p>\n","protected":false},"author":6,"featured_media":0,"parent":43,"menu_order":0,"comment_status":"closed","ping_status":"closed","template":"templates\/template-with-right-sidebar.php","meta":{"footnotes":""},"yoast_head":"<!-- This site is optimized with the Yoast SEO plugin v21.9.1 - https:\/\/yoast.com\/wordpress\/plugins\/seo\/ -->\n<title>Fes da vedere: Medina, quartiere ebraico e dintorni - Vacanze in Marocco<\/title>\n<meta name=\"description\" content=\"Un viaggio virtuale tra le attrazioni di Fez, una delle citt\u00e0 del Marocco tra le pi\u00f9 affascinanti per la sua Medina, il quartiere ebraico e i dintorni: scopri con noi questa localit\u00e0 e parti grazie alle imperdibili offerte firmate Evolution Travel, per tutti i gusti e tasche!\" \/>\n<meta name=\"robots\" content=\"index, follow, max-snippet:-1, max-image-preview:large, max-video-preview:-1\" \/>\n<link rel=\"canonical\" href=\"https:\/\/marocco.evolutiontravel.it\/infovacanze\/informazioni\/luoghi-visitare\/fes\/\" \/>\n<meta property=\"og:locale\" content=\"it_IT\" \/>\n<meta property=\"og:type\" content=\"article\" \/>\n<meta property=\"og:title\" content=\"Fes da vedere: Medina, quartiere ebraico e dintorni - Vacanze in Marocco\" \/>\n<meta property=\"og:description\" content=\"Un viaggio virtuale tra le attrazioni di Fez, una delle citt\u00e0 del Marocco tra le pi\u00f9 affascinanti per la sua Medina, il quartiere ebraico e i dintorni: scopri con noi questa localit\u00e0 e parti grazie alle imperdibili offerte firmate Evolution Travel, per tutti i gusti e tasche!\" \/>\n<meta property=\"og:url\" content=\"https:\/\/marocco.evolutiontravel.it\/infovacanze\/informazioni\/luoghi-visitare\/fes\/\" \/>\n<meta property=\"og:site_name\" content=\"Marocco\" \/>\n<meta name=\"twitter:label1\" content=\"Tempo di lettura stimato\" \/>\n\t<meta name=\"twitter:data1\" content=\"3 minuti\" \/>\n<script type=\"application\/ld+json\" class=\"yoast-schema-graph\">{\"@context\":\"https:\/\/schema.org\",\"@graph\":[{\"@type\":\"WebPage\",\"@id\":\"https:\/\/marocco.evolutiontravel.it\/infovacanze\/informazioni\/luoghi-visitare\/fes\/\",\"url\":\"https:\/\/marocco.evolutiontravel.it\/infovacanze\/informazioni\/luoghi-visitare\/fes\/\",\"name\":\"Fes da vedere: Medina, quartiere ebraico e dintorni - Vacanze in Marocco\",\"isPartOf\":{\"@id\":\"https:\/\/marocco.evolutiontravel.it\/infovacanze\/#website\"},\"datePublished\":\"2018-05-08T08:17:07+00:00\",\"dateModified\":\"2018-05-08T08:17:07+00:00\",\"description\":\"Un viaggio virtuale tra le attrazioni di Fez, una delle citt\u00e0 del Marocco tra le pi\u00f9 affascinanti per la sua Medina, il quartiere ebraico e i dintorni: scopri con noi questa localit\u00e0 e parti grazie alle imperdibili offerte firmate Evolution Travel, per tutti i gusti e tasche!\",\"breadcrumb\":{\"@id\":\"https:\/\/marocco.evolutiontravel.it\/infovacanze\/informazioni\/luoghi-visitare\/fes\/#breadcrumb\"},\"inLanguage\":\"it-IT\",\"potentialAction\":[{\"@type\":\"ReadAction\",\"target\":[\"https:\/\/marocco.evolutiontravel.it\/infovacanze\/informazioni\/luoghi-visitare\/fes\/\"]}]},{\"@type\":\"BreadcrumbList\",\"@id\":\"https:\/\/marocco.evolutiontravel.it\/infovacanze\/informazioni\/luoghi-visitare\/fes\/#breadcrumb\",\"itemListElement\":[{\"@type\":\"ListItem\",\"position\":1,\"name\":\"Informazioni utili sul Marocco\",\"item\":\"https:\/\/marocco.evolutiontravel.it\/infovacanze\/informazioni\/\"},{\"@type\":\"ListItem\",\"position\":2,\"name\":\"Cosa vedere in Marocco\",\"item\":\"https:\/\/marocco.evolutiontravel.it\/infovacanze\/informazioni\/luoghi-visitare\/\"},{\"@type\":\"ListItem\",\"position\":3,\"name\":\"Visitare F\u00e8s\"}]},{\"@type\":\"WebSite\",\"@id\":\"https:\/\/marocco.evolutiontravel.it\/infovacanze\/#website\",\"url\":\"https:\/\/marocco.evolutiontravel.it\/infovacanze\/\",\"name\":\"Marocco\",\"description\":\"\",\"potentialAction\":[{\"@type\":\"SearchAction\",\"target\":{\"@type\":\"EntryPoint\",\"urlTemplate\":\"https:\/\/marocco.evolutiontravel.it\/infovacanze\/?s={search_term_string}\"},\"query-input\":\"required name=search_term_string\"}],\"inLanguage\":\"it-IT\"}]}<\/script>\n<!-- \/ Yoast SEO plugin. -->","yoast_head_json":{"title":"Fes da vedere: Medina, quartiere ebraico e dintorni - Vacanze in Marocco","description":"Un viaggio virtuale tra le attrazioni di Fez, una delle citt\u00e0 del Marocco tra le pi\u00f9 affascinanti per la sua Medina, il quartiere ebraico e i dintorni: scopri con noi questa localit\u00e0 e parti grazie alle imperdibili offerte firmate Evolution Travel, per tutti i gusti e tasche!","robots":{"index":"index","follow":"follow","max-snippet":"max-snippet:-1","max-image-preview":"max-image-preview:large","max-video-preview":"max-video-preview:-1"},"canonical":"https:\/\/marocco.evolutiontravel.it\/infovacanze\/informazioni\/luoghi-visitare\/fes\/","og_locale":"it_IT","og_type":"article","og_title":"Fes da vedere: Medina, quartiere ebraico e dintorni - Vacanze in Marocco","og_description":"Un viaggio virtuale tra le attrazioni di Fez, una delle citt\u00e0 del Marocco tra le pi\u00f9 affascinanti per la sua Medina, il quartiere ebraico e i dintorni: scopri con noi questa localit\u00e0 e parti grazie alle imperdibili offerte firmate Evolution Travel, per tutti i gusti e tasche!","og_url":"https:\/\/marocco.evolutiontravel.it\/infovacanze\/informazioni\/luoghi-visitare\/fes\/","og_site_name":"Marocco","twitter_misc":{"Tempo di lettura stimato":"3 minuti"},"schema":{"@context":"https:\/\/schema.org","@graph":[{"@type":"WebPage","@id":"https:\/\/marocco.evolutiontravel.it\/infovacanze\/informazioni\/luoghi-visitare\/fes\/","url":"https:\/\/marocco.evolutiontravel.it\/infovacanze\/informazioni\/luoghi-visitare\/fes\/","name":"Fes da vedere: Medina, quartiere ebraico e dintorni - Vacanze in Marocco","isPartOf":{"@id":"https:\/\/marocco.evolutiontravel.it\/infovacanze\/#website"},"datePublished":"2018-05-08T08:17:07+00:00","dateModified":"2018-05-08T08:17:07+00:00","description":"Un viaggio virtuale tra le attrazioni di Fez, una delle citt\u00e0 del Marocco tra le pi\u00f9 affascinanti per la sua Medina, il quartiere ebraico e i dintorni: scopri con noi questa localit\u00e0 e parti grazie alle imperdibili offerte firmate Evolution Travel, per tutti i gusti e tasche!","breadcrumb":{"@id":"https:\/\/marocco.evolutiontravel.it\/infovacanze\/informazioni\/luoghi-visitare\/fes\/#breadcrumb"},"inLanguage":"it-IT","potentialAction":[{"@type":"ReadAction","target":["https:\/\/marocco.evolutiontravel.it\/infovacanze\/informazioni\/luoghi-visitare\/fes\/"]}]},{"@type":"BreadcrumbList","@id":"https:\/\/marocco.evolutiontravel.it\/infovacanze\/informazioni\/luoghi-visitare\/fes\/#breadcrumb","itemListElement":[{"@type":"ListItem","position":1,"name":"Informazioni utili sul Marocco","item":"https:\/\/marocco.evolutiontravel.it\/infovacanze\/informazioni\/"},{"@type":"ListItem","position":2,"name":"Cosa vedere in Marocco","item":"https:\/\/marocco.evolutiontravel.it\/infovacanze\/informazioni\/luoghi-visitare\/"},{"@type":"ListItem","position":3,"name":"Visitare F\u00e8s"}]},{"@type":"WebSite","@id":"https:\/\/marocco.evolutiontravel.it\/infovacanze\/#website","url":"https:\/\/marocco.evolutiontravel.it\/infovacanze\/","name":"Marocco","description":"","potentialAction":[{"@type":"SearchAction","target":{"@type":"EntryPoint","urlTemplate":"https:\/\/marocco.evolutiontravel.it\/infovacanze\/?s={search_term_string}"},"query-input":"required name=search_term_string"}],"inLanguage":"it-IT"}]}},"_links":{"self":[{"href":"https:\/\/marocco.evolutiontravel.it\/infovacanze\/wp-json\/wp\/v2\/pages\/477"}],"collection":[{"href":"https:\/\/marocco.evolutiontravel.it\/infovacanze\/wp-json\/wp\/v2\/pages"}],"about":[{"href":"https:\/\/marocco.evolutiontravel.it\/infovacanze\/wp-json\/wp\/v2\/types\/page"}],"author":[{"embeddable":true,"href":"https:\/\/marocco.evolutiontravel.it\/infovacanze\/wp-json\/wp\/v2\/users\/6"}],"replies":[{"embeddable":true,"href":"https:\/\/marocco.evolutiontravel.it\/infovacanze\/wp-json\/wp\/v2\/comments?post=477"}],"version-history":[{"count":2,"href":"https:\/\/marocco.evolutiontravel.it\/infovacanze\/wp-json\/wp\/v2\/pages\/477\/revisions"}],"predecessor-version":[{"id":482,"href":"https:\/\/marocco.evolutiontravel.it\/infovacanze\/wp-json\/wp\/v2\/pages\/477\/revisions\/482"}],"up":[{"embeddable":true,"href":"https:\/\/marocco.evolutiontravel.it\/infovacanze\/wp-json\/wp\/v2\/pages\/43"}],"wp:attachment":[{"href":"https:\/\/marocco.evolutiontravel.it\/infovacanze\/wp-json\/wp\/v2\/media?parent=477"}],"curies":[{"name":"wp","href":"https:\/\/api.w.org\/{rel}","templated":true}]}}