{"id":381,"date":"2017-08-10T15:03:01","date_gmt":"2017-08-10T13:03:01","guid":{"rendered":"http:\/\/marocco.evolutiontravel.it\/infovacanze\/?page_id=381"},"modified":"2018-10-11T11:21:29","modified_gmt":"2018-10-11T09:21:29","slug":"sciare","status":"publish","type":"page","link":"https:\/\/marocco.evolutiontravel.it\/infovacanze\/vacanze\/sciare\/","title":{"rendered":"Sciare in Marocco, non solo sulla neve"},"content":{"rendered":"<p>Sapevi che in<strong> Marocco puoi sciare sulla neve<\/strong> e anche <strong>sulla sabbia<\/strong> (<em>sandboarding<\/em>)? Se infatti <a href=\"https:\/\/marocco.evolutiontravel.it\/infovacanze\/vacanze\/vacanze-marocco-estate\/\">in estate<\/a> qui ci sono temperature miti e calde<a href=\"https:\/\/marocco.evolutiontravel.it\/infovacanze\/vacanze\/marocco-in-inverno\/\"> in inverno<\/a> le zone interne del Marocco si riempiono di neve e si apre la stagione degli impianti sciistici.<\/p>\n<p>Grazie alle <a href=\"https:\/\/marocco.evolutiontravel.it\/infovacanze\/informazioni\/meteo-marocco\/\">differenti fasce climatiche<\/a> dovute all&#8217;estensione del paese, il Marocco offre molteplici attivit\u00e0 da fare, non solo in estate ma anche come meta di vacanze invernali; le temperature, infatti, a seconda delle zone, variano molto: dai 5\/6 gradi fino ai 35\/36 gradi, nelle maggiori citt\u00e0.<\/p>\n<h2>Sciare in Marocco, sulla neve in inverno ed estate<\/h2>\n<p><a href=\"https:\/\/marocco.evolutiontravel.it\/infovacanze\/informazioni\/marocco-mappa\/\">Guardando la cartina<\/a> ci si accorger\u00e0 della presenza della <strong>Catena montuosa dell&#8217;Atlante<\/strong>: \u00e8 qui che gli amanti degli <strong>sport invernali<\/strong> si dirigono per cimentarsi in discese e fuoripista. E qui potete sciare non solo in inverno ma anche tutto il resto dell&#8217;anno grazie alle <strong>nevi perenni<\/strong>.<\/p>\n<p>Il <strong>comprensorio sciistico pi\u00f9 noto<\/strong> del Marocco \u00e8 <strong>Ouka\u00efmeden<\/strong>, il pi\u00f9 innevato e con impianti pi\u00f9 grandi e la <strong>seggiovia pi\u00f9 alta di tutto il paese<\/strong>. Queste piste,\u00a0ben segnalate e manutenute, si trovano a solo <a href=\"https:\/\/marocco.evolutiontravel.it\/infovacanze\/informazioni\/luoghi-visitare\/marrakech\/\"><strong>un&#8217;ora di auto da Marrakech<\/strong><\/a>. Quindi se soggiornate in questa citt\u00e0 potrete facilmente praticare anche questo sport e raggiungere le piste in poco tempo.<\/p>\n<p>Poi c&#8217;\u00e8 <strong>Ifrane<\/strong>, altro punto di riferimento per gli amanti della neve, una localit\u00e0 molto nota per una particolare caratteristica: ricorda uno dei <strong>tipici paesini svizzeri di montagna<\/strong>. Qui sembra che tutto sia lontano anni luci dagli edifici arabeggianti e dalle suggestioni marocchine: ci sono infatti casette in legno con tetti spioventi, decorazioni a tema e un&#8217;atmosfera unica.<\/p>\n<h2>Sciare sulla sabbia del Sahara<\/h2>\n<p>E se invece della neve volessimo la sabbia e le dune del deserto? Perch\u00e8 non mettere ai piedi gli <strong>sci per divertirsi sulle dune del Sahara<\/strong>! Si chiama &#8220;<em>sandboarding<\/em>&#8221; ed \u00e8 un&#8217;attivit\u00e0 a met\u00e0 strada tra il divertimento puro e semplice e lo sport.<\/p>\n<p>In Marocco ci sono <strong>dune che arrivano fino a 150 metri di altezza<\/strong>: perch\u00e8 non provare a lanciarsi &#8211; in completa sicurezza &#8211; dalle <strong>dune di Merzouga<\/strong>? Sar\u00e0 indubbiamente un&#8217;esperienza unica ed emozionante, per mettersi in gioco e rendere unico il vostro viaggio in Marocco!<\/p>\n<p style=\"text-align: left\">Qualunque sia la tua preferenza, la neve o la sabbia, noi abbiamo la soluzione ideale per te e per chi vuoi tu: scopri le ultime offerte della settimana oppure contattaci senza alcun impegno per ricevere consigli e informazioni utili!<\/p>\n<h3 style=\"text-align: center\">OFFERTE VIAGGI E VACANZE IN MAROCCO<\/h3>\n<p style=\"text-align: center\"><strong><span style=\"color: #008000\">CLICCA E SCOPRI SUBITO<\/span><\/strong>: <strong>programma<\/strong> viaggio, <strong>foto<\/strong>, <strong>commenti<\/strong>, <strong>itinerari<\/strong> e <strong>attivit\u00e0<\/strong>!<\/p>\n<div class=\"feedzy-f40af84700ea90706d11197ccfce123b feedzy-rss\">\n\t\t<ul class=\"feedzy-style2\">\n\t\t\t\t\t<li  style=\"padding: 23px 0 38px\" class=\"rss_item feedzy-rss-col-3\" >\n\t\t\t\t\t\t\t\t\t<div class=\"rss_image\" style=\"width:225px; height:225px;\">\n\t\t\t\t\t\t<a href=\"https:\/\/marocco.evolutiontravel.it\/it_IT\/904\/tab\/7233_speciale-ed-esclusivo-evolution-travel-i-mercatini-di-natale-con-citta-imperiali.html\" target=\"_blank\" \n\t\t\t\t\t\t\trel=\"noopener \"\n\t\t\t\t\t\t\ttitle=\"Speciale ed Esclusivo Evolution Travel: I Mercatini Di Natale con Citt\u00e0 Imperiali\"\n\t\t\t\t\t\t\tstyle=\"width:225px; height:225px;\">\n\t\t\t\t\t\t\t<span class=\"fetched\" style=\"background-image:  url('http:\/\/etcdn.net\/thumbnails\/7233\/it-marrakech-tour-alla-scoperta-del-deserto-e-dei-3-atlanti-in-4x4-51ebe.jpg');\" title=\"Speciale ed Esclusivo Evolution Travel: I Mercatini Di Natale con Citt\u00e0 Imperiali\"><\/span><amp-img width=\"225\" height=\"225\" src=\"http:\/\/etcdn.net\/thumbnails\/7233\/it-marrakech-tour-alla-scoperta-del-deserto-e-dei-3-atlanti-in-4x4-51ebe.jpg\">\t\t\t\t\t\t<\/a>\n\t\t\t\t\t<\/div>\n\t\t\t\t\t\t\t\t<div class=\"rss_content_wrap\">\n\t\t\t\t\t<span class=\"title\">\n\t\t\t\t\t\t<a href=\"https:\/\/marocco.evolutiontravel.it\/it_IT\/904\/tab\/7233_speciale-ed-esclusivo-evolution-travel-i-mercatini-di-natale-con-citta-imperiali.html\" target=\"_blank\"  rel=\"noopener \">\n\t\t\t\t\t\t\tSpeciale ed Esclusivo Evolution Travel: I Mercatini Di Natale con Citt\u00e0 Imperiali\t\t\t\t\t\t<\/a>\n\t\t\t\t\t<\/span>\n\t\t\t\t\t<div class=\"rss_content\"\n\t\t\t\t\t\t\tstyle=\"\">\n\t\t\t\t\t\t\n\t\t\t\t\t\t\t\t\t\t\t\t<p class=\"description\">Affascinante tour delle citt\u00e0 imperiali, in 8gg e 7nt, partendo dalla perla del sud Marrakech, si va a visitare tutte le citt\u00e0 [&hellip;]<\/p>\n\t\t\t\t\t\t\n\t\t\t\t\t\t\t\t\t\t\t\t\t\t\t\t\t\t\t<div class=\"price-wrap\">\n\t\t\t\t\t\t\t\t<a href=\"https:\/\/marocco.evolutiontravel.it\/it_IT\/904\/tab\/7233_speciale-ed-esclusivo-evolution-travel-i-mercatini-di-natale-con-citta-imperiali.html\" target=\"_blank\" rel=\"noopener\"><button class=\"price\"> 1290<\/button><\/a>\n\t\t\t\t\t\t\t<\/div>\n\t\t\t\t\t\t\t\t\t\t\t<\/div>\n\t\t\t\t<\/div>\n\t\t\t<\/li>\n\t\t\t\t\t\t<li  style=\"padding: 23px 0 38px\" class=\"rss_item feedzy-rss-col-3\" >\n\t\t\t\t\t\t\t\t\t<div class=\"rss_image\" style=\"width:225px; height:225px;\">\n\t\t\t\t\t\t<a href=\"https:\/\/marocco.evolutiontravel.it\/it_IT\/904\/tab\/9044_tour-esclusivo-evolution-travel.html\" target=\"_blank\" \n\t\t\t\t\t\t\trel=\"noopener \"\n\t\t\t\t\t\t\ttitle=\"Tour Esclusivo Evolution Travel\"\n\t\t\t\t\t\t\tstyle=\"width:225px; height:225px;\">\n\t\t\t\t\t\t\t<span class=\"fetched\" style=\"background-image:  url('http:\/\/etcdn.net\/thumbnails\/9044\/it-fes-tour-esclusivo-evolution-travel-solo-per-pochi-eletti-4fa9b.jpg');\" title=\"Tour Esclusivo Evolution Travel\"><\/span><amp-img width=\"225\" height=\"225\" src=\"http:\/\/etcdn.net\/thumbnails\/9044\/it-fes-tour-esclusivo-evolution-travel-solo-per-pochi-eletti-4fa9b.jpg\">\t\t\t\t\t\t<\/a>\n\t\t\t\t\t<\/div>\n\t\t\t\t\t\t\t\t<div class=\"rss_content_wrap\">\n\t\t\t\t\t<span class=\"title\">\n\t\t\t\t\t\t<a href=\"https:\/\/marocco.evolutiontravel.it\/it_IT\/904\/tab\/9044_tour-esclusivo-evolution-travel.html\" target=\"_blank\"  rel=\"noopener \">\n\t\t\t\t\t\t\tTour Esclusivo Evolution Travel\t\t\t\t\t\t<\/a>\n\t\t\t\t\t<\/span>\n\t\t\t\t\t<div class=\"rss_content\"\n\t\t\t\t\t\t\tstyle=\"\">\n\t\t\t\t\t\t\n\t\t\t\t\t\t\t\t\t\t\t\t<p class=\"description\">Tour Privato in 4X4 con GUIDA parlante Italiano,\u00a0in\u00a0una parte sconosciuta.\u00a0Fez poi\u00a0Chefchaouen la mitica citt\u00e0 blu, la [&hellip;]<\/p>\n\t\t\t\t\t\t\n\t\t\t\t\t\t\t\t\t\t\t\t\t\t\t\t\t\t\t<div class=\"price-wrap\">\n\t\t\t\t\t\t\t\t<a href=\"https:\/\/marocco.evolutiontravel.it\/it_IT\/904\/tab\/9044_tour-esclusivo-evolution-travel.html\" target=\"_blank\" rel=\"noopener\"><button class=\"price\"> 1350<\/button><\/a>\n\t\t\t\t\t\t\t<\/div>\n\t\t\t\t\t\t\t\t\t\t\t<\/div>\n\t\t\t\t<\/div>\n\t\t\t<\/li>\n\t\t\t\t\t\t<li  style=\"padding: 23px 0 38px\" class=\"rss_item feedzy-rss-col-3\" >\n\t\t\t\t\t\t\t\t\t<div class=\"rss_image\" style=\"width:225px; height:225px;\">\n\t\t\t\t\t\t<a href=\"https:\/\/marocco.evolutiontravel.it\/it_IT\/904\/tab\/40274_mini-tour-alla-scoperta-del-regno-marocchino-da-fes-a-marrakech.html\" target=\"_blank\" \n\t\t\t\t\t\t\trel=\"noopener \"\n\t\t\t\t\t\t\ttitle=\"Mini Tour alla Scoperta del Regno Marocchino da Fes a Marrakech\"\n\t\t\t\t\t\t\tstyle=\"width:225px; height:225px;\">\n\t\t\t\t\t\t\t<span class=\"fetched\" style=\"background-image:  url('http:\/\/etcdn.net\/thumbnails\/36869\/it-casablanca-tour-alla-scoperta-del-regno-del-marocco-68a0e.jpg');\" title=\"Mini Tour alla Scoperta del Regno Marocchino da Fes a Marrakech\"><\/span><amp-img width=\"225\" height=\"225\" src=\"http:\/\/etcdn.net\/thumbnails\/36869\/it-casablanca-tour-alla-scoperta-del-regno-del-marocco-68a0e.jpg\">\t\t\t\t\t\t<\/a>\n\t\t\t\t\t<\/div>\n\t\t\t\t\t\t\t\t<div class=\"rss_content_wrap\">\n\t\t\t\t\t<span class=\"title\">\n\t\t\t\t\t\t<a href=\"https:\/\/marocco.evolutiontravel.it\/it_IT\/904\/tab\/40274_mini-tour-alla-scoperta-del-regno-marocchino-da-fes-a-marrakech.html\" target=\"_blank\"  rel=\"noopener \">\n\t\t\t\t\t\t\tMini Tour alla Scoperta del Regno Marocchino da Fes a Marrakech\t\t\t\t\t\t<\/a>\n\t\t\t\t\t<\/span>\n\t\t\t\t\t<div class=\"rss_content\"\n\t\t\t\t\t\t\tstyle=\"\">\n\t\t\t\t\t\t\n\t\t\t\t\t\t\t\t\t\t\t\t<p class=\"description\">Tour di Gruppo in Minibus, che permette una visione globale della cultura millenaria del Marocco insieme a scorci paesaggistici [&hellip;]<\/p>\n\t\t\t\t\t\t\n\t\t\t\t\t\t\t\t\t\t\t\t\t\t\t\t\t\t\t<div class=\"price-wrap\">\n\t\t\t\t\t\t\t\t<a href=\"https:\/\/marocco.evolutiontravel.it\/it_IT\/904\/tab\/40274_mini-tour-alla-scoperta-del-regno-marocchino-da-fes-a-marrakech.html\" target=\"_blank\" rel=\"noopener\"><button class=\"price\"> 825<\/button><\/a>\n\t\t\t\t\t\t\t<\/div>\n\t\t\t\t\t\t\t\t\t\t\t<\/div>\n\t\t\t\t<\/div>\n\t\t\t<\/li>\n\t\t\t\t\t\t<li  style=\"padding: 23px 0 38px\" class=\"rss_item feedzy-rss-col-3\" >\n\t\t\t\t\t\t\t\t\t<div class=\"rss_image\" style=\"width:225px; height:225px;\">\n\t\t\t\t\t\t<a href=\"https:\/\/marocco.evolutiontravel.it\/it_IT\/904\/tab\/39553_mini-tour-citta-imperiali-del-nord-privato-chefchaouen-la-citta-blu.html\" target=\"_blank\" \n\t\t\t\t\t\t\trel=\"noopener \"\n\t\t\t\t\t\t\ttitle=\"Mini Tour Citt\u00e0 Imperiali del Nord Privato &amp; Chefchaouen la Citt\u00e0 Blu\"\n\t\t\t\t\t\t\tstyle=\"width:225px; height:225px;\">\n\t\t\t\t\t\t\t<span class=\"fetched\" style=\"background-image:  url('http:\/\/etcdn.net\/thumbnails\/39553\/it-casablanca-mini-tour-citta-imperiali-del-nord-privato-duplicated-7c13a.jpg');\" title=\"Mini Tour Citt\u00e0 Imperiali del Nord Privato &amp; Chefchaouen la Citt\u00e0 Blu\"><\/span><amp-img width=\"225\" height=\"225\" src=\"http:\/\/etcdn.net\/thumbnails\/39553\/it-casablanca-mini-tour-citta-imperiali-del-nord-privato-duplicated-7c13a.jpg\">\t\t\t\t\t\t<\/a>\n\t\t\t\t\t<\/div>\n\t\t\t\t\t\t\t\t<div class=\"rss_content_wrap\">\n\t\t\t\t\t<span class=\"title\">\n\t\t\t\t\t\t<a href=\"https:\/\/marocco.evolutiontravel.it\/it_IT\/904\/tab\/39553_mini-tour-citta-imperiali-del-nord-privato-chefchaouen-la-citta-blu.html\" target=\"_blank\"  rel=\"noopener \">\n\t\t\t\t\t\t\tMini Tour Citt\u00e0 Imperiali del Nord Privato &amp; Chefchaouen la Citt\u00e0 Blu\t\t\t\t\t\t<\/a>\n\t\t\t\t\t<\/span>\n\t\t\t\t\t<div class=\"rss_content\"\n\t\t\t\t\t\t\tstyle=\"\">\n\t\t\t\t\t\t\n\t\t\t\t\t\t\t\t\t\t\t\t<p class=\"description\">Tour Privato di 6gg\/5nt alla scoperta di Fez la Regina del Nord e Meknes l'Imperiale e antica Capitale del Regno!!! Il Viaggio [&hellip;]<\/p>\n\t\t\t\t\t\t\n\t\t\t\t\t\t\t\t\t\t\t\t\t\t\t\t\t\t\t<div class=\"price-wrap\">\n\t\t\t\t\t\t\t\t<a href=\"https:\/\/marocco.evolutiontravel.it\/it_IT\/904\/tab\/39553_mini-tour-citta-imperiali-del-nord-privato-chefchaouen-la-citta-blu.html\" target=\"_blank\" rel=\"noopener\"><button class=\"price\"> 765<\/button><\/a>\n\t\t\t\t\t\t\t<\/div>\n\t\t\t\t\t\t\t\t\t\t\t<\/div>\n\t\t\t\t<\/div>\n\t\t\t<\/li>\n\t\t\t\t\t\t<li  style=\"padding: 23px 0 38px\" class=\"rss_item feedzy-rss-col-3\" >\n\t\t\t\t\t\t\t\t\t<div class=\"rss_image\" style=\"width:225px; height:225px;\">\n\t\t\t\t\t\t<a href=\"https:\/\/marocco.evolutiontravel.it\/it_IT\/904\/tab\/37684_tour-completo-alla-scoperta-del-regno-marocchino.html\" target=\"_blank\" \n\t\t\t\t\t\t\trel=\"noopener \"\n\t\t\t\t\t\t\ttitle=\"Tour Completo alla Scoperta del Regno Marocchino\"\n\t\t\t\t\t\t\tstyle=\"width:225px; height:225px;\">\n\t\t\t\t\t\t\t<span class=\"fetched\" style=\"background-image:  url('http:\/\/etcdn.net\/thumbnails\/36869\/it-casablanca-tour-alla-scoperta-del-regno-del-marocco-68a0a.jpg');\" title=\"Tour Completo alla Scoperta del Regno Marocchino\"><\/span><amp-img width=\"225\" height=\"225\" src=\"http:\/\/etcdn.net\/thumbnails\/36869\/it-casablanca-tour-alla-scoperta-del-regno-del-marocco-68a0a.jpg\">\t\t\t\t\t\t<\/a>\n\t\t\t\t\t<\/div>\n\t\t\t\t\t\t\t\t<div class=\"rss_content_wrap\">\n\t\t\t\t\t<span class=\"title\">\n\t\t\t\t\t\t<a href=\"https:\/\/marocco.evolutiontravel.it\/it_IT\/904\/tab\/37684_tour-completo-alla-scoperta-del-regno-marocchino.html\" target=\"_blank\"  rel=\"noopener \">\n\t\t\t\t\t\t\tTour Completo alla Scoperta del Regno Marocchino\t\t\t\t\t\t<\/a>\n\t\t\t\t\t<\/span>\n\t\t\t\t\t<div class=\"rss_content\"\n\t\t\t\t\t\t\tstyle=\"\">\n\t\t\t\t\t\t\n\t\t\t\t\t\t\t\t\t\t\t\t<p class=\"description\">Tour di Gruppo in Minibus, che permette una visione globale della cultura millenaria del Marocco insieme a scorci paesaggistici [&hellip;]<\/p>\n\t\t\t\t\t\t\n\t\t\t\t\t\t\t\t\t\t\t\t\t\t\t\t\t\t\t<div class=\"price-wrap\">\n\t\t\t\t\t\t\t\t<a href=\"https:\/\/marocco.evolutiontravel.it\/it_IT\/904\/tab\/37684_tour-completo-alla-scoperta-del-regno-marocchino.html\" target=\"_blank\" rel=\"noopener\"><button class=\"price\"> 960<\/button><\/a>\n\t\t\t\t\t\t\t<\/div>\n\t\t\t\t\t\t\t\t\t\t\t<\/div>\n\t\t\t\t<\/div>\n\t\t\t<\/li>\n\t\t\t\t\t\t<li  style=\"padding: 23px 0 38px\" class=\"rss_item feedzy-rss-col-3\" >\n\t\t\t\t\t\t\t\t\t<div class=\"rss_image\" style=\"width:225px; height:225px;\">\n\t\t\t\t\t\t<a href=\"https:\/\/marocco.evolutiontravel.it\/it_IT\/904\/tab\/36879_minitour-tour-sud-e-kasbah-in-4x4.html\" target=\"_blank\" \n\t\t\t\t\t\t\trel=\"noopener \"\n\t\t\t\t\t\t\ttitle=\"Minitour Tour Sud e Kasbah in 4x4\"\n\t\t\t\t\t\t\tstyle=\"width:225px; height:225px;\">\n\t\t\t\t\t\t\t<span class=\"fetched\" style=\"background-image:  url('http:\/\/etcdn.net\/thumbnails\/7227\/it-marrakech-tour-sud-e-kasbah-in-4x4-50bad.jpg');\" title=\"Minitour Tour Sud e Kasbah in 4x4\"><\/span><amp-img width=\"225\" height=\"225\" src=\"http:\/\/etcdn.net\/thumbnails\/7227\/it-marrakech-tour-sud-e-kasbah-in-4x4-50bad.jpg\">\t\t\t\t\t\t<\/a>\n\t\t\t\t\t<\/div>\n\t\t\t\t\t\t\t\t<div class=\"rss_content_wrap\">\n\t\t\t\t\t<span class=\"title\">\n\t\t\t\t\t\t<a href=\"https:\/\/marocco.evolutiontravel.it\/it_IT\/904\/tab\/36879_minitour-tour-sud-e-kasbah-in-4x4.html\" target=\"_blank\"  rel=\"noopener \">\n\t\t\t\t\t\t\tMinitour Tour Sud e Kasbah in 4x4\t\t\t\t\t\t<\/a>\n\t\t\t\t\t<\/span>\n\t\t\t\t\t<div class=\"rss_content\"\n\t\t\t\t\t\t\tstyle=\"\">\n\t\t\t\t\t\t\n\t\t\t\t\t\t\t\t\t\t\t\t<p class=\"description\">Tour di gruppo, nel Sud del Marocco in Toyota Land Cruiser 4X4. A disposizione una guida professionaleparlante italiano. Da [&hellip;]<\/p>\n\t\t\t\t\t\t\n\t\t\t\t\t\t\t\t\t\t\t\t\t\t\t\t\t\t\t<div class=\"price-wrap\">\n\t\t\t\t\t\t\t\t<a href=\"https:\/\/marocco.evolutiontravel.it\/it_IT\/904\/tab\/36879_minitour-tour-sud-e-kasbah-in-4x4.html\" target=\"_blank\" rel=\"noopener\"><button class=\"price\"> 735<\/button><\/a>\n\t\t\t\t\t\t\t<\/div>\n\t\t\t\t\t\t\t\t\t\t\t<\/div>\n\t\t\t\t<\/div>\n\t\t\t<\/li>\n\t\t\t\t<\/ul>\n<\/div>\n<style type=\"text\/css\" media=\"all\">.feedzy-rss .rss_item .rss_image{float:left;position:relative;border:none;text-decoration:none;max-width:100%}.feedzy-rss .rss_item .rss_image span{display:inline-block;position:absolute;width:100%;height:100%;background-position:50%;background-size:cover}.feedzy-rss .rss_item .rss_image{margin:.3em 1em 0 0;content-visibility:auto}.feedzy-rss ul{list-style:none}.feedzy-rss ul li{display:inline-block}<\/style>\n","protected":false},"excerpt":{"rendered":"<p>Sapevi che in Marocco puoi sciare sulla neve e anche sulla sabbia (sandboarding)? Se infatti in estate qui ci sono temperature miti e calde in inverno le zone interne del Marocco si riempiono di neve e si apre la stagione degli impianti sciistici. Grazie alle differenti fasce climatiche dovute all&#8217;estensione del paese, il Marocco offre <a class=\"moretag\" href=\"https:\/\/marocco.evolutiontravel.it\/infovacanze\/vacanze\/sciare\/\">[&#8230;]<\/a><\/p>\n","protected":false},"author":6,"featured_media":0,"parent":79,"menu_order":0,"comment_status":"closed","ping_status":"closed","template":"templates\/template-with-right-sidebar.php","meta":{"footnotes":""},"yoast_head":"<!-- This site is optimized with the Yoast SEO plugin v21.9.1 - https:\/\/yoast.com\/wordpress\/plugins\/seo\/ -->\n<title>Sciare in Marocco su neve o sabbia: Atlante, Ifrane e deserto Sahara<\/title>\n<meta name=\"description\" content=\"In Marocco puoi sciare tutto l&#039;anno, sulla neve o sulla sabbia del deserto del Sahara! Leggi il nostro articolo, parti con noi per questa destinazione!\" \/>\n<meta name=\"robots\" content=\"index, follow, max-snippet:-1, max-image-preview:large, max-video-preview:-1\" \/>\n<link rel=\"canonical\" href=\"https:\/\/marocco.evolutiontravel.it\/infovacanze\/vacanze\/sciare\/\" \/>\n<meta property=\"og:locale\" content=\"it_IT\" \/>\n<meta property=\"og:type\" content=\"article\" \/>\n<meta property=\"og:title\" content=\"Sciare in Marocco su neve o sabbia: Atlante, Ifrane e deserto Sahara\" \/>\n<meta property=\"og:description\" content=\"In Marocco puoi sciare tutto l&#039;anno, sulla neve o sulla sabbia del deserto del Sahara! Leggi il nostro articolo, parti con noi per questa destinazione!\" \/>\n<meta property=\"og:url\" content=\"https:\/\/marocco.evolutiontravel.it\/infovacanze\/vacanze\/sciare\/\" \/>\n<meta property=\"og:site_name\" content=\"Marocco\" \/>\n<meta property=\"article:modified_time\" content=\"2018-10-11T09:21:29+00:00\" \/>\n<meta name=\"twitter:label1\" content=\"Tempo di lettura stimato\" \/>\n\t<meta name=\"twitter:data1\" content=\"2 minuti\" \/>\n<script type=\"application\/ld+json\" class=\"yoast-schema-graph\">{\"@context\":\"https:\/\/schema.org\",\"@graph\":[{\"@type\":\"WebPage\",\"@id\":\"https:\/\/marocco.evolutiontravel.it\/infovacanze\/vacanze\/sciare\/\",\"url\":\"https:\/\/marocco.evolutiontravel.it\/infovacanze\/vacanze\/sciare\/\",\"name\":\"Sciare in Marocco su neve o sabbia: Atlante, Ifrane e deserto Sahara\",\"isPartOf\":{\"@id\":\"https:\/\/marocco.evolutiontravel.it\/infovacanze\/#website\"},\"datePublished\":\"2017-08-10T13:03:01+00:00\",\"dateModified\":\"2018-10-11T09:21:29+00:00\",\"description\":\"In Marocco puoi sciare tutto l'anno, sulla neve o sulla sabbia del deserto del Sahara! Leggi il nostro articolo, parti con noi per questa destinazione!\",\"breadcrumb\":{\"@id\":\"https:\/\/marocco.evolutiontravel.it\/infovacanze\/vacanze\/sciare\/#breadcrumb\"},\"inLanguage\":\"it-IT\",\"potentialAction\":[{\"@type\":\"ReadAction\",\"target\":[\"https:\/\/marocco.evolutiontravel.it\/infovacanze\/vacanze\/sciare\/\"]}]},{\"@type\":\"BreadcrumbList\",\"@id\":\"https:\/\/marocco.evolutiontravel.it\/infovacanze\/vacanze\/sciare\/#breadcrumb\",\"itemListElement\":[{\"@type\":\"ListItem\",\"position\":1,\"name\":\"Vacanze in Marocco\",\"item\":\"https:\/\/marocco.evolutiontravel.it\/infovacanze\/vacanze\/\"},{\"@type\":\"ListItem\",\"position\":2,\"name\":\"Sciare in Marocco, non solo sulla neve\"}]},{\"@type\":\"WebSite\",\"@id\":\"https:\/\/marocco.evolutiontravel.it\/infovacanze\/#website\",\"url\":\"https:\/\/marocco.evolutiontravel.it\/infovacanze\/\",\"name\":\"Marocco\",\"description\":\"\",\"potentialAction\":[{\"@type\":\"SearchAction\",\"target\":{\"@type\":\"EntryPoint\",\"urlTemplate\":\"https:\/\/marocco.evolutiontravel.it\/infovacanze\/?s={search_term_string}\"},\"query-input\":\"required name=search_term_string\"}],\"inLanguage\":\"it-IT\"}]}<\/script>\n<!-- \/ Yoast SEO plugin. -->","yoast_head_json":{"title":"Sciare in Marocco su neve o sabbia: Atlante, Ifrane e deserto Sahara","description":"In Marocco puoi sciare tutto l'anno, sulla neve o sulla sabbia del deserto del Sahara! Leggi il nostro articolo, parti con noi per questa destinazione!","robots":{"index":"index","follow":"follow","max-snippet":"max-snippet:-1","max-image-preview":"max-image-preview:large","max-video-preview":"max-video-preview:-1"},"canonical":"https:\/\/marocco.evolutiontravel.it\/infovacanze\/vacanze\/sciare\/","og_locale":"it_IT","og_type":"article","og_title":"Sciare in Marocco su neve o sabbia: Atlante, Ifrane e deserto Sahara","og_description":"In Marocco puoi sciare tutto l'anno, sulla neve o sulla sabbia del deserto del Sahara! Leggi il nostro articolo, parti con noi per questa destinazione!","og_url":"https:\/\/marocco.evolutiontravel.it\/infovacanze\/vacanze\/sciare\/","og_site_name":"Marocco","article_modified_time":"2018-10-11T09:21:29+00:00","twitter_misc":{"Tempo di lettura stimato":"2 minuti"},"schema":{"@context":"https:\/\/schema.org","@graph":[{"@type":"WebPage","@id":"https:\/\/marocco.evolutiontravel.it\/infovacanze\/vacanze\/sciare\/","url":"https:\/\/marocco.evolutiontravel.it\/infovacanze\/vacanze\/sciare\/","name":"Sciare in Marocco su neve o sabbia: Atlante, Ifrane e deserto Sahara","isPartOf":{"@id":"https:\/\/marocco.evolutiontravel.it\/infovacanze\/#website"},"datePublished":"2017-08-10T13:03:01+00:00","dateModified":"2018-10-11T09:21:29+00:00","description":"In Marocco puoi sciare tutto l'anno, sulla neve o sulla sabbia del deserto del Sahara! Leggi il nostro articolo, parti con noi per questa destinazione!","breadcrumb":{"@id":"https:\/\/marocco.evolutiontravel.it\/infovacanze\/vacanze\/sciare\/#breadcrumb"},"inLanguage":"it-IT","potentialAction":[{"@type":"ReadAction","target":["https:\/\/marocco.evolutiontravel.it\/infovacanze\/vacanze\/sciare\/"]}]},{"@type":"BreadcrumbList","@id":"https:\/\/marocco.evolutiontravel.it\/infovacanze\/vacanze\/sciare\/#breadcrumb","itemListElement":[{"@type":"ListItem","position":1,"name":"Vacanze in Marocco","item":"https:\/\/marocco.evolutiontravel.it\/infovacanze\/vacanze\/"},{"@type":"ListItem","position":2,"name":"Sciare in Marocco, non solo sulla neve"}]},{"@type":"WebSite","@id":"https:\/\/marocco.evolutiontravel.it\/infovacanze\/#website","url":"https:\/\/marocco.evolutiontravel.it\/infovacanze\/","name":"Marocco","description":"","potentialAction":[{"@type":"SearchAction","target":{"@type":"EntryPoint","urlTemplate":"https:\/\/marocco.evolutiontravel.it\/infovacanze\/?s={search_term_string}"},"query-input":"required name=search_term_string"}],"inLanguage":"it-IT"}]}},"_links":{"self":[{"href":"https:\/\/marocco.evolutiontravel.it\/infovacanze\/wp-json\/wp\/v2\/pages\/381"}],"collection":[{"href":"https:\/\/marocco.evolutiontravel.it\/infovacanze\/wp-json\/wp\/v2\/pages"}],"about":[{"href":"https:\/\/marocco.evolutiontravel.it\/infovacanze\/wp-json\/wp\/v2\/types\/page"}],"author":[{"embeddable":true,"href":"https:\/\/marocco.evolutiontravel.it\/infovacanze\/wp-json\/wp\/v2\/users\/6"}],"replies":[{"embeddable":true,"href":"https:\/\/marocco.evolutiontravel.it\/infovacanze\/wp-json\/wp\/v2\/comments?post=381"}],"version-history":[{"count":11,"href":"https:\/\/marocco.evolutiontravel.it\/infovacanze\/wp-json\/wp\/v2\/pages\/381\/revisions"}],"predecessor-version":[{"id":584,"href":"https:\/\/marocco.evolutiontravel.it\/infovacanze\/wp-json\/wp\/v2\/pages\/381\/revisions\/584"}],"up":[{"embeddable":true,"href":"https:\/\/marocco.evolutiontravel.it\/infovacanze\/wp-json\/wp\/v2\/pages\/79"}],"wp:attachment":[{"href":"https:\/\/marocco.evolutiontravel.it\/infovacanze\/wp-json\/wp\/v2\/media?parent=381"}],"curies":[{"name":"wp","href":"https:\/\/api.w.org\/{rel}","templated":true}]}}