{"id":35,"date":"2014-06-06T16:44:25","date_gmt":"2014-06-06T14:44:25","guid":{"rendered":"http:\/\/marocco.evolutiontravel.it\/infovacanze\/?page_id=35"},"modified":"2019-03-14T14:51:07","modified_gmt":"2019-03-14T13:51:07","slug":"documenti-per-marocco","status":"publish","type":"page","link":"https:\/\/marocco.evolutiontravel.it\/infovacanze\/informazioni\/documenti-per-marocco\/","title":{"rendered":"Documenti per il Marocco"},"content":{"rendered":"<p>Sapere <strong>quali documenti sono necessari<\/strong> quando viaggiamo in un altro paese \u00e8 importate per organizzare la vacanza senza sorprese e per tempo. <strong>Per entrare in Marocco<\/strong> \u00e8 necessario <strong>il passaporto <\/strong>in corso di validit\u00e0, anche per passeggeri minorenni. Il <strong>visto turistico non \u00e8 necessario<\/strong> se la permanenza nel paese \u00e8 a <strong>scopi turistici<\/strong> e per una durata massima di <strong>3 mesi<\/strong>.<\/p>\n<p>Ricapitolando:<\/p>\n<ul>\n<li>passaporto (per tutti);<\/li>\n<li>visto solo se per altri scopi che non sono di viaggio e vacanze oppure se vi fermate pi\u00f9 di 3 mesi.<\/li>\n<\/ul>\n<p>Se vai in Marocco per motivi di lavoro o studio \u00e8 necessario rivolgersi all&#8217;<strong>ufficio diplomatico o consolare del Marocco presente in Italia. <\/strong>L&#8217;<strong>Ambasciata del Regno del Marocco in Italia<\/strong> \u00e8 a Roma in via Brenta n\u00b0 12\/16 , numero di telefono (+39) <strong>06.85508001<\/strong> \/ <strong>06.8550801<\/strong> ed e-mail: ambmaroccoroma@maec.gov.m. Qui puoi scrivere o chiamare per avere informazioni sui vari uffici consolari.<\/p>\n<p>Una volta arrivati in Marocco troverete l&#8217;<strong>ambasciata italiana a RABAT<\/strong> nel quartiere Hassan (numero di telefono: 00212\u00a0 537\u00a0 21 97 30).<\/p>\n<p>A prescindere da quale sia la destinazione del viaggio, il consiglio \u00e8 sempre di<strong> organizzare tutto nei minimi dettagli<\/strong> per poter poi godersi le tanto attese ferie, senza alcun pensiero. Per questo motivo puoi affidarti ai nostri <strong>consulenti di viaggio esperti proprio in questa destinazione<\/strong> e lascia a noi le incombenze, tu pensa solo a divertirti: Marrakech, Casablanca, Fes, Rabat, Tangeri e ancora il Deserto del Sahara e la gola del Todra, questo e molto altro ancora \u00e8 il Marocco!<\/p>\n<p>Per approfondire <strong>altre informazioni utili<\/strong> clicca sull&#8217;articolo che ti interessa oppure dai subito un&#8217;occhiata alle nostre offerte.<\/p>\n<ul>\n<li><a title=\"ore di volo italia marocco\" href=\"https:\/\/marocco.evolutiontravel.it\/infovacanze\/informazioni\/ore-volo\/\"><u>Quante ore di volo ci vogliono dall&#8217;Italia?<\/u><\/a><\/li>\n<li><a title=\"mappa marocco\" href=\"https:\/\/marocco.evolutiontravel.it\/infovacanze\/informazioni\/marocco-mappa\/\"><u>Mappa del Marocco<\/u><\/a><\/li>\n<li><a title=\"meteo in marocco\" href=\"https:\/\/marocco.evolutiontravel.it\/infovacanze\/informazioni\/meteo-marocco\/\"><u>Che tempo fa in Marocco?<\/u><\/a><\/li>\n<li><a title=\"cosa vedere in marocco\" href=\"https:\/\/marocco.evolutiontravel.it\/infovacanze\/informazioni\/luoghi-visitare\/\">Cosa vedere?<\/a><\/li>\n<\/ul>\n<h3 style=\"text-align: center\">Offerte viaggi e vacanze in Marocco<\/h3>\n<p style=\"text-align: center\"><strong><span style=\"color: #008000\">NON PERDERE L&#8217;OCCASIONE, CLICCA E SCOPRI SUBITO<\/span><\/strong>:<\/p>\n<p style=\"text-align: center\"><strong>programma<\/strong> dettagliato del viaggio, <strong>itinerari<\/strong>, <strong>foto<\/strong>, <strong>commenti<\/strong> di altri turisti,<strong> servizi inclusi<\/strong>!<\/p>\n<p style=\"text-align: left\"><div class=\"feedzy-55afb1e1030c7ea40fb3d31d8b7f28a7 feedzy-rss\">\n\t\t<ul class=\"feedzy-style2\">\n\t\t\t\t\t<li  style=\"padding: 23px 0 38px\" class=\"rss_item feedzy-rss-col-3\" >\n\t\t\t\t\t\t\t\t\t<div class=\"rss_image\" style=\"width:225px; height:225px;\">\n\t\t\t\t\t\t<a href=\"https:\/\/marocco.evolutiontravel.it\/it_IT\/904\/tab\/7233_speciale-ed-esclusivo-evolution-travel-i-mercatini-di-natale-con-citta-imperiali.html\" target=\"_blank\" \n\t\t\t\t\t\t\trel=\"noopener \"\n\t\t\t\t\t\t\ttitle=\"Speciale ed Esclusivo Evolution Travel: I Mercatini Di Natale con Citt\u00e0 Imperiali\"\n\t\t\t\t\t\t\tstyle=\"width:225px; height:225px;\">\n\t\t\t\t\t\t\t<span class=\"fetched\" style=\"background-image:  url('http:\/\/etcdn.net\/thumbnails\/7233\/it-marrakech-tour-alla-scoperta-del-deserto-e-dei-3-atlanti-in-4x4-51ebe.jpg');\" title=\"Speciale ed Esclusivo Evolution Travel: I Mercatini Di Natale con Citt\u00e0 Imperiali\"><\/span><amp-img width=\"225\" height=\"225\" src=\"http:\/\/etcdn.net\/thumbnails\/7233\/it-marrakech-tour-alla-scoperta-del-deserto-e-dei-3-atlanti-in-4x4-51ebe.jpg\">\t\t\t\t\t\t<\/a>\n\t\t\t\t\t<\/div>\n\t\t\t\t\t\t\t\t<div class=\"rss_content_wrap\">\n\t\t\t\t\t<span class=\"title\">\n\t\t\t\t\t\t<a href=\"https:\/\/marocco.evolutiontravel.it\/it_IT\/904\/tab\/7233_speciale-ed-esclusivo-evolution-travel-i-mercatini-di-natale-con-citta-imperiali.html\" target=\"_blank\"  rel=\"noopener \">\n\t\t\t\t\t\t\tSpeciale ed Esclusivo Evolution Travel: I Mercatini Di Natale con Citt\u00e0 Imperiali\t\t\t\t\t\t<\/a>\n\t\t\t\t\t<\/span>\n\t\t\t\t\t<div class=\"rss_content\"\n\t\t\t\t\t\t\tstyle=\"\">\n\t\t\t\t\t\t\n\t\t\t\t\t\t\t\t\t\t\t\t<p class=\"description\">Affascinante tour delle citt\u00e0 imperiali, in 8gg e 7nt, partendo dalla perla del sud Marrakech, si va a visitare tutte le citt\u00e0 [&hellip;]<\/p>\n\t\t\t\t\t\t\n\t\t\t\t\t\t\t\t\t\t\t\t\t\t\t\t\t\t\t<div class=\"price-wrap\">\n\t\t\t\t\t\t\t\t<a href=\"https:\/\/marocco.evolutiontravel.it\/it_IT\/904\/tab\/7233_speciale-ed-esclusivo-evolution-travel-i-mercatini-di-natale-con-citta-imperiali.html\" target=\"_blank\" rel=\"noopener\"><button class=\"price\"> 1290<\/button><\/a>\n\t\t\t\t\t\t\t<\/div>\n\t\t\t\t\t\t\t\t\t\t\t<\/div>\n\t\t\t\t<\/div>\n\t\t\t<\/li>\n\t\t\t\t\t\t<li  style=\"padding: 23px 0 38px\" class=\"rss_item feedzy-rss-col-3\" >\n\t\t\t\t\t\t\t\t\t<div class=\"rss_image\" style=\"width:225px; height:225px;\">\n\t\t\t\t\t\t<a href=\"https:\/\/marocco.evolutiontravel.it\/it_IT\/904\/tab\/9044_tour-esclusivo-evolution-travel.html\" target=\"_blank\" \n\t\t\t\t\t\t\trel=\"noopener \"\n\t\t\t\t\t\t\ttitle=\"Tour Esclusivo Evolution Travel\"\n\t\t\t\t\t\t\tstyle=\"width:225px; height:225px;\">\n\t\t\t\t\t\t\t<span class=\"fetched\" style=\"background-image:  url('http:\/\/etcdn.net\/thumbnails\/9044\/it-fes-tour-esclusivo-evolution-travel-solo-per-pochi-eletti-4fa9b.jpg');\" title=\"Tour Esclusivo Evolution Travel\"><\/span><amp-img width=\"225\" height=\"225\" src=\"http:\/\/etcdn.net\/thumbnails\/9044\/it-fes-tour-esclusivo-evolution-travel-solo-per-pochi-eletti-4fa9b.jpg\">\t\t\t\t\t\t<\/a>\n\t\t\t\t\t<\/div>\n\t\t\t\t\t\t\t\t<div class=\"rss_content_wrap\">\n\t\t\t\t\t<span class=\"title\">\n\t\t\t\t\t\t<a href=\"https:\/\/marocco.evolutiontravel.it\/it_IT\/904\/tab\/9044_tour-esclusivo-evolution-travel.html\" target=\"_blank\"  rel=\"noopener \">\n\t\t\t\t\t\t\tTour Esclusivo Evolution Travel\t\t\t\t\t\t<\/a>\n\t\t\t\t\t<\/span>\n\t\t\t\t\t<div class=\"rss_content\"\n\t\t\t\t\t\t\tstyle=\"\">\n\t\t\t\t\t\t\n\t\t\t\t\t\t\t\t\t\t\t\t<p class=\"description\">Tour Privato in 4X4 con GUIDA parlante Italiano,\u00a0in\u00a0una parte sconosciuta.\u00a0Fez poi\u00a0Chefchaouen la mitica citt\u00e0 blu, la [&hellip;]<\/p>\n\t\t\t\t\t\t\n\t\t\t\t\t\t\t\t\t\t\t\t\t\t\t\t\t\t\t<div class=\"price-wrap\">\n\t\t\t\t\t\t\t\t<a href=\"https:\/\/marocco.evolutiontravel.it\/it_IT\/904\/tab\/9044_tour-esclusivo-evolution-travel.html\" target=\"_blank\" rel=\"noopener\"><button class=\"price\"> 1350<\/button><\/a>\n\t\t\t\t\t\t\t<\/div>\n\t\t\t\t\t\t\t\t\t\t\t<\/div>\n\t\t\t\t<\/div>\n\t\t\t<\/li>\n\t\t\t\t\t\t<li  style=\"padding: 23px 0 38px\" class=\"rss_item feedzy-rss-col-3\" >\n\t\t\t\t\t\t\t\t\t<div class=\"rss_image\" style=\"width:225px; height:225px;\">\n\t\t\t\t\t\t<a href=\"https:\/\/marocco.evolutiontravel.it\/it_IT\/904\/tab\/40274_mini-tour-alla-scoperta-del-regno-marocchino-da-fes-a-marrakech.html\" target=\"_blank\" \n\t\t\t\t\t\t\trel=\"noopener \"\n\t\t\t\t\t\t\ttitle=\"Mini Tour alla Scoperta del Regno Marocchino da Fes a Marrakech\"\n\t\t\t\t\t\t\tstyle=\"width:225px; height:225px;\">\n\t\t\t\t\t\t\t<span class=\"fetched\" style=\"background-image:  url('http:\/\/etcdn.net\/thumbnails\/36869\/it-casablanca-tour-alla-scoperta-del-regno-del-marocco-68a0e.jpg');\" title=\"Mini Tour alla Scoperta del Regno Marocchino da Fes a Marrakech\"><\/span><amp-img width=\"225\" height=\"225\" src=\"http:\/\/etcdn.net\/thumbnails\/36869\/it-casablanca-tour-alla-scoperta-del-regno-del-marocco-68a0e.jpg\">\t\t\t\t\t\t<\/a>\n\t\t\t\t\t<\/div>\n\t\t\t\t\t\t\t\t<div class=\"rss_content_wrap\">\n\t\t\t\t\t<span class=\"title\">\n\t\t\t\t\t\t<a href=\"https:\/\/marocco.evolutiontravel.it\/it_IT\/904\/tab\/40274_mini-tour-alla-scoperta-del-regno-marocchino-da-fes-a-marrakech.html\" target=\"_blank\"  rel=\"noopener \">\n\t\t\t\t\t\t\tMini Tour alla Scoperta del Regno Marocchino da Fes a Marrakech\t\t\t\t\t\t<\/a>\n\t\t\t\t\t<\/span>\n\t\t\t\t\t<div class=\"rss_content\"\n\t\t\t\t\t\t\tstyle=\"\">\n\t\t\t\t\t\t\n\t\t\t\t\t\t\t\t\t\t\t\t<p class=\"description\">Tour di Gruppo in Minibus, che permette una visione globale della cultura millenaria del Marocco insieme a scorci paesaggistici [&hellip;]<\/p>\n\t\t\t\t\t\t\n\t\t\t\t\t\t\t\t\t\t\t\t\t\t\t\t\t\t\t<div class=\"price-wrap\">\n\t\t\t\t\t\t\t\t<a href=\"https:\/\/marocco.evolutiontravel.it\/it_IT\/904\/tab\/40274_mini-tour-alla-scoperta-del-regno-marocchino-da-fes-a-marrakech.html\" target=\"_blank\" rel=\"noopener\"><button class=\"price\"> 825<\/button><\/a>\n\t\t\t\t\t\t\t<\/div>\n\t\t\t\t\t\t\t\t\t\t\t<\/div>\n\t\t\t\t<\/div>\n\t\t\t<\/li>\n\t\t\t\t\t\t<li  style=\"padding: 23px 0 38px\" class=\"rss_item feedzy-rss-col-3\" >\n\t\t\t\t\t\t\t\t\t<div class=\"rss_image\" style=\"width:225px; height:225px;\">\n\t\t\t\t\t\t<a href=\"https:\/\/marocco.evolutiontravel.it\/it_IT\/904\/tab\/39553_mini-tour-citta-imperiali-del-nord-privato-chefchaouen-la-citta-blu.html\" target=\"_blank\" \n\t\t\t\t\t\t\trel=\"noopener \"\n\t\t\t\t\t\t\ttitle=\"Mini Tour Citt\u00e0 Imperiali del Nord Privato &amp; Chefchaouen la Citt\u00e0 Blu\"\n\t\t\t\t\t\t\tstyle=\"width:225px; height:225px;\">\n\t\t\t\t\t\t\t<span class=\"fetched\" style=\"background-image:  url('http:\/\/etcdn.net\/thumbnails\/39553\/it-casablanca-mini-tour-citta-imperiali-del-nord-privato-duplicated-7c13a.jpg');\" title=\"Mini Tour Citt\u00e0 Imperiali del Nord Privato &amp; Chefchaouen la Citt\u00e0 Blu\"><\/span><amp-img width=\"225\" height=\"225\" src=\"http:\/\/etcdn.net\/thumbnails\/39553\/it-casablanca-mini-tour-citta-imperiali-del-nord-privato-duplicated-7c13a.jpg\">\t\t\t\t\t\t<\/a>\n\t\t\t\t\t<\/div>\n\t\t\t\t\t\t\t\t<div class=\"rss_content_wrap\">\n\t\t\t\t\t<span class=\"title\">\n\t\t\t\t\t\t<a href=\"https:\/\/marocco.evolutiontravel.it\/it_IT\/904\/tab\/39553_mini-tour-citta-imperiali-del-nord-privato-chefchaouen-la-citta-blu.html\" target=\"_blank\"  rel=\"noopener \">\n\t\t\t\t\t\t\tMini Tour Citt\u00e0 Imperiali del Nord Privato &amp; Chefchaouen la Citt\u00e0 Blu\t\t\t\t\t\t<\/a>\n\t\t\t\t\t<\/span>\n\t\t\t\t\t<div class=\"rss_content\"\n\t\t\t\t\t\t\tstyle=\"\">\n\t\t\t\t\t\t\n\t\t\t\t\t\t\t\t\t\t\t\t<p class=\"description\">Tour Privato di 6gg\/5nt alla scoperta di Fez la Regina del Nord e Meknes l'Imperiale e antica Capitale del Regno!!! Il Viaggio [&hellip;]<\/p>\n\t\t\t\t\t\t\n\t\t\t\t\t\t\t\t\t\t\t\t\t\t\t\t\t\t\t<div class=\"price-wrap\">\n\t\t\t\t\t\t\t\t<a href=\"https:\/\/marocco.evolutiontravel.it\/it_IT\/904\/tab\/39553_mini-tour-citta-imperiali-del-nord-privato-chefchaouen-la-citta-blu.html\" target=\"_blank\" rel=\"noopener\"><button class=\"price\"> 765<\/button><\/a>\n\t\t\t\t\t\t\t<\/div>\n\t\t\t\t\t\t\t\t\t\t\t<\/div>\n\t\t\t\t<\/div>\n\t\t\t<\/li>\n\t\t\t\t\t\t<li  style=\"padding: 23px 0 38px\" class=\"rss_item feedzy-rss-col-3\" >\n\t\t\t\t\t\t\t\t\t<div class=\"rss_image\" style=\"width:225px; height:225px;\">\n\t\t\t\t\t\t<a href=\"https:\/\/marocco.evolutiontravel.it\/it_IT\/904\/tab\/37684_tour-completo-alla-scoperta-del-regno-marocchino.html\" target=\"_blank\" \n\t\t\t\t\t\t\trel=\"noopener \"\n\t\t\t\t\t\t\ttitle=\"Tour Completo alla Scoperta del Regno Marocchino\"\n\t\t\t\t\t\t\tstyle=\"width:225px; height:225px;\">\n\t\t\t\t\t\t\t<span class=\"fetched\" style=\"background-image:  url('http:\/\/etcdn.net\/thumbnails\/36869\/it-casablanca-tour-alla-scoperta-del-regno-del-marocco-68a0a.jpg');\" title=\"Tour Completo alla Scoperta del Regno Marocchino\"><\/span><amp-img width=\"225\" height=\"225\" src=\"http:\/\/etcdn.net\/thumbnails\/36869\/it-casablanca-tour-alla-scoperta-del-regno-del-marocco-68a0a.jpg\">\t\t\t\t\t\t<\/a>\n\t\t\t\t\t<\/div>\n\t\t\t\t\t\t\t\t<div class=\"rss_content_wrap\">\n\t\t\t\t\t<span class=\"title\">\n\t\t\t\t\t\t<a href=\"https:\/\/marocco.evolutiontravel.it\/it_IT\/904\/tab\/37684_tour-completo-alla-scoperta-del-regno-marocchino.html\" target=\"_blank\"  rel=\"noopener \">\n\t\t\t\t\t\t\tTour Completo alla Scoperta del Regno Marocchino\t\t\t\t\t\t<\/a>\n\t\t\t\t\t<\/span>\n\t\t\t\t\t<div class=\"rss_content\"\n\t\t\t\t\t\t\tstyle=\"\">\n\t\t\t\t\t\t\n\t\t\t\t\t\t\t\t\t\t\t\t<p class=\"description\">Tour di Gruppo in Minibus, che permette una visione globale della cultura millenaria del Marocco insieme a scorci paesaggistici [&hellip;]<\/p>\n\t\t\t\t\t\t\n\t\t\t\t\t\t\t\t\t\t\t\t\t\t\t\t\t\t\t<div class=\"price-wrap\">\n\t\t\t\t\t\t\t\t<a href=\"https:\/\/marocco.evolutiontravel.it\/it_IT\/904\/tab\/37684_tour-completo-alla-scoperta-del-regno-marocchino.html\" target=\"_blank\" rel=\"noopener\"><button class=\"price\"> 960<\/button><\/a>\n\t\t\t\t\t\t\t<\/div>\n\t\t\t\t\t\t\t\t\t\t\t<\/div>\n\t\t\t\t<\/div>\n\t\t\t<\/li>\n\t\t\t\t\t\t<li  style=\"padding: 23px 0 38px\" class=\"rss_item feedzy-rss-col-3\" >\n\t\t\t\t\t\t\t\t\t<div class=\"rss_image\" style=\"width:225px; height:225px;\">\n\t\t\t\t\t\t<a href=\"https:\/\/marocco.evolutiontravel.it\/it_IT\/904\/tab\/36879_minitour-tour-sud-e-kasbah-in-4x4.html\" target=\"_blank\" \n\t\t\t\t\t\t\trel=\"noopener \"\n\t\t\t\t\t\t\ttitle=\"Minitour Tour Sud e Kasbah in 4x4\"\n\t\t\t\t\t\t\tstyle=\"width:225px; height:225px;\">\n\t\t\t\t\t\t\t<span class=\"fetched\" style=\"background-image:  url('http:\/\/etcdn.net\/thumbnails\/7227\/it-marrakech-tour-sud-e-kasbah-in-4x4-50bad.jpg');\" title=\"Minitour Tour Sud e Kasbah in 4x4\"><\/span><amp-img width=\"225\" height=\"225\" src=\"http:\/\/etcdn.net\/thumbnails\/7227\/it-marrakech-tour-sud-e-kasbah-in-4x4-50bad.jpg\">\t\t\t\t\t\t<\/a>\n\t\t\t\t\t<\/div>\n\t\t\t\t\t\t\t\t<div class=\"rss_content_wrap\">\n\t\t\t\t\t<span class=\"title\">\n\t\t\t\t\t\t<a href=\"https:\/\/marocco.evolutiontravel.it\/it_IT\/904\/tab\/36879_minitour-tour-sud-e-kasbah-in-4x4.html\" target=\"_blank\"  rel=\"noopener \">\n\t\t\t\t\t\t\tMinitour Tour Sud e Kasbah in 4x4\t\t\t\t\t\t<\/a>\n\t\t\t\t\t<\/span>\n\t\t\t\t\t<div class=\"rss_content\"\n\t\t\t\t\t\t\tstyle=\"\">\n\t\t\t\t\t\t\n\t\t\t\t\t\t\t\t\t\t\t\t<p class=\"description\">Tour di gruppo, nel Sud del Marocco in Toyota Land Cruiser 4X4. A disposizione una guida professionaleparlante italiano. Da [&hellip;]<\/p>\n\t\t\t\t\t\t\n\t\t\t\t\t\t\t\t\t\t\t\t\t\t\t\t\t\t\t<div class=\"price-wrap\">\n\t\t\t\t\t\t\t\t<a href=\"https:\/\/marocco.evolutiontravel.it\/it_IT\/904\/tab\/36879_minitour-tour-sud-e-kasbah-in-4x4.html\" target=\"_blank\" rel=\"noopener\"><button class=\"price\"> 735<\/button><\/a>\n\t\t\t\t\t\t\t<\/div>\n\t\t\t\t\t\t\t\t\t\t\t<\/div>\n\t\t\t\t<\/div>\n\t\t\t<\/li>\n\t\t\t\t<\/ul>\n<\/div>\n<style type=\"text\/css\" media=\"all\">.feedzy-rss .rss_item .rss_image{float:left;position:relative;border:none;text-decoration:none;max-width:100%}.feedzy-rss .rss_item .rss_image span{display:inline-block;position:absolute;width:100%;height:100%;background-position:50%;background-size:cover}.feedzy-rss .rss_item .rss_image{margin:.3em 1em 0 0;content-visibility:auto}.feedzy-rss ul{list-style:none}.feedzy-rss ul li{display:inline-block}<\/style><\/p>\n","protected":false},"excerpt":{"rendered":"<p>Sapere quali documenti sono necessari quando viaggiamo in un altro paese \u00e8 importate per organizzare la vacanza senza sorprese e per tempo. Per entrare in Marocco \u00e8 necessario il passaporto in corso di validit\u00e0, anche per passeggeri minorenni. Il visto turistico non \u00e8 necessario se la permanenza nel paese \u00e8 a scopi turistici e per <a class=\"moretag\" href=\"https:\/\/marocco.evolutiontravel.it\/infovacanze\/informazioni\/documenti-per-marocco\/\">[&#8230;]<\/a><\/p>\n","protected":false},"author":6,"featured_media":0,"parent":7,"menu_order":0,"comment_status":"closed","ping_status":"open","template":"templates\/template-with-right-sidebar.php","meta":{"footnotes":""},"yoast_head":"<!-- This site is optimized with the Yoast SEO plugin v21.9.1 - https:\/\/yoast.com\/wordpress\/plugins\/seo\/ -->\n<title>Documenti per il Marocco: passaporto e visto turistico nei casi previsti<\/title>\n<meta name=\"description\" content=\"Quali sono i documenti necessari per una vacanza in Marocco? Leggi il nostro articolo e condividilo! Richiedi subito le nostre offerte per il Marocco!\" \/>\n<meta name=\"robots\" content=\"index, follow, max-snippet:-1, max-image-preview:large, max-video-preview:-1\" \/>\n<link rel=\"canonical\" href=\"https:\/\/marocco.evolutiontravel.it\/infovacanze\/informazioni\/documenti-per-marocco\/\" \/>\n<meta property=\"og:locale\" content=\"it_IT\" \/>\n<meta property=\"og:type\" content=\"article\" \/>\n<meta property=\"og:title\" content=\"Documenti per il Marocco: passaporto e visto turistico nei casi previsti\" \/>\n<meta property=\"og:description\" content=\"Quali sono i documenti necessari per una vacanza in Marocco? Leggi il nostro articolo e condividilo! Richiedi subito le nostre offerte per il Marocco!\" \/>\n<meta property=\"og:url\" content=\"https:\/\/marocco.evolutiontravel.it\/infovacanze\/informazioni\/documenti-per-marocco\/\" \/>\n<meta property=\"og:site_name\" content=\"Marocco\" \/>\n<meta property=\"article:modified_time\" content=\"2019-03-14T13:51:07+00:00\" \/>\n<meta name=\"twitter:label1\" content=\"Tempo di lettura stimato\" \/>\n\t<meta name=\"twitter:data1\" content=\"2 minuti\" \/>\n<script type=\"application\/ld+json\" class=\"yoast-schema-graph\">{\"@context\":\"https:\/\/schema.org\",\"@graph\":[{\"@type\":\"WebPage\",\"@id\":\"https:\/\/marocco.evolutiontravel.it\/infovacanze\/informazioni\/documenti-per-marocco\/\",\"url\":\"https:\/\/marocco.evolutiontravel.it\/infovacanze\/informazioni\/documenti-per-marocco\/\",\"name\":\"Documenti per il Marocco: passaporto e visto turistico nei casi previsti\",\"isPartOf\":{\"@id\":\"https:\/\/marocco.evolutiontravel.it\/infovacanze\/#website\"},\"datePublished\":\"2014-06-06T14:44:25+00:00\",\"dateModified\":\"2019-03-14T13:51:07+00:00\",\"description\":\"Quali sono i documenti necessari per una vacanza in Marocco? Leggi il nostro articolo e condividilo! Richiedi subito le nostre offerte per il Marocco!\",\"breadcrumb\":{\"@id\":\"https:\/\/marocco.evolutiontravel.it\/infovacanze\/informazioni\/documenti-per-marocco\/#breadcrumb\"},\"inLanguage\":\"it-IT\",\"potentialAction\":[{\"@type\":\"ReadAction\",\"target\":[\"https:\/\/marocco.evolutiontravel.it\/infovacanze\/informazioni\/documenti-per-marocco\/\"]}]},{\"@type\":\"BreadcrumbList\",\"@id\":\"https:\/\/marocco.evolutiontravel.it\/infovacanze\/informazioni\/documenti-per-marocco\/#breadcrumb\",\"itemListElement\":[{\"@type\":\"ListItem\",\"position\":1,\"name\":\"Informazioni utili sul Marocco\",\"item\":\"https:\/\/marocco.evolutiontravel.it\/infovacanze\/informazioni\/\"},{\"@type\":\"ListItem\",\"position\":2,\"name\":\"Documenti per il Marocco\"}]},{\"@type\":\"WebSite\",\"@id\":\"https:\/\/marocco.evolutiontravel.it\/infovacanze\/#website\",\"url\":\"https:\/\/marocco.evolutiontravel.it\/infovacanze\/\",\"name\":\"Marocco\",\"description\":\"\",\"potentialAction\":[{\"@type\":\"SearchAction\",\"target\":{\"@type\":\"EntryPoint\",\"urlTemplate\":\"https:\/\/marocco.evolutiontravel.it\/infovacanze\/?s={search_term_string}\"},\"query-input\":\"required name=search_term_string\"}],\"inLanguage\":\"it-IT\"}]}<\/script>\n<!-- \/ Yoast SEO plugin. -->","yoast_head_json":{"title":"Documenti per il Marocco: passaporto e visto turistico nei casi previsti","description":"Quali sono i documenti necessari per una vacanza in Marocco? Leggi il nostro articolo e condividilo! Richiedi subito le nostre offerte per il Marocco!","robots":{"index":"index","follow":"follow","max-snippet":"max-snippet:-1","max-image-preview":"max-image-preview:large","max-video-preview":"max-video-preview:-1"},"canonical":"https:\/\/marocco.evolutiontravel.it\/infovacanze\/informazioni\/documenti-per-marocco\/","og_locale":"it_IT","og_type":"article","og_title":"Documenti per il Marocco: passaporto e visto turistico nei casi previsti","og_description":"Quali sono i documenti necessari per una vacanza in Marocco? Leggi il nostro articolo e condividilo! Richiedi subito le nostre offerte per il Marocco!","og_url":"https:\/\/marocco.evolutiontravel.it\/infovacanze\/informazioni\/documenti-per-marocco\/","og_site_name":"Marocco","article_modified_time":"2019-03-14T13:51:07+00:00","twitter_misc":{"Tempo di lettura stimato":"2 minuti"},"schema":{"@context":"https:\/\/schema.org","@graph":[{"@type":"WebPage","@id":"https:\/\/marocco.evolutiontravel.it\/infovacanze\/informazioni\/documenti-per-marocco\/","url":"https:\/\/marocco.evolutiontravel.it\/infovacanze\/informazioni\/documenti-per-marocco\/","name":"Documenti per il Marocco: passaporto e visto turistico nei casi previsti","isPartOf":{"@id":"https:\/\/marocco.evolutiontravel.it\/infovacanze\/#website"},"datePublished":"2014-06-06T14:44:25+00:00","dateModified":"2019-03-14T13:51:07+00:00","description":"Quali sono i documenti necessari per una vacanza in Marocco? Leggi il nostro articolo e condividilo! Richiedi subito le nostre offerte per il Marocco!","breadcrumb":{"@id":"https:\/\/marocco.evolutiontravel.it\/infovacanze\/informazioni\/documenti-per-marocco\/#breadcrumb"},"inLanguage":"it-IT","potentialAction":[{"@type":"ReadAction","target":["https:\/\/marocco.evolutiontravel.it\/infovacanze\/informazioni\/documenti-per-marocco\/"]}]},{"@type":"BreadcrumbList","@id":"https:\/\/marocco.evolutiontravel.it\/infovacanze\/informazioni\/documenti-per-marocco\/#breadcrumb","itemListElement":[{"@type":"ListItem","position":1,"name":"Informazioni utili sul Marocco","item":"https:\/\/marocco.evolutiontravel.it\/infovacanze\/informazioni\/"},{"@type":"ListItem","position":2,"name":"Documenti per il Marocco"}]},{"@type":"WebSite","@id":"https:\/\/marocco.evolutiontravel.it\/infovacanze\/#website","url":"https:\/\/marocco.evolutiontravel.it\/infovacanze\/","name":"Marocco","description":"","potentialAction":[{"@type":"SearchAction","target":{"@type":"EntryPoint","urlTemplate":"https:\/\/marocco.evolutiontravel.it\/infovacanze\/?s={search_term_string}"},"query-input":"required name=search_term_string"}],"inLanguage":"it-IT"}]}},"_links":{"self":[{"href":"https:\/\/marocco.evolutiontravel.it\/infovacanze\/wp-json\/wp\/v2\/pages\/35"}],"collection":[{"href":"https:\/\/marocco.evolutiontravel.it\/infovacanze\/wp-json\/wp\/v2\/pages"}],"about":[{"href":"https:\/\/marocco.evolutiontravel.it\/infovacanze\/wp-json\/wp\/v2\/types\/page"}],"author":[{"embeddable":true,"href":"https:\/\/marocco.evolutiontravel.it\/infovacanze\/wp-json\/wp\/v2\/users\/6"}],"replies":[{"embeddable":true,"href":"https:\/\/marocco.evolutiontravel.it\/infovacanze\/wp-json\/wp\/v2\/comments?post=35"}],"version-history":[{"count":14,"href":"https:\/\/marocco.evolutiontravel.it\/infovacanze\/wp-json\/wp\/v2\/pages\/35\/revisions"}],"predecessor-version":[{"id":601,"href":"https:\/\/marocco.evolutiontravel.it\/infovacanze\/wp-json\/wp\/v2\/pages\/35\/revisions\/601"}],"up":[{"embeddable":true,"href":"https:\/\/marocco.evolutiontravel.it\/infovacanze\/wp-json\/wp\/v2\/pages\/7"}],"wp:attachment":[{"href":"https:\/\/marocco.evolutiontravel.it\/infovacanze\/wp-json\/wp\/v2\/media?parent=35"}],"curies":[{"name":"wp","href":"https:\/\/api.w.org\/{rel}","templated":true}]}}