{"id":117,"date":"2014-07-14T16:50:27","date_gmt":"2014-07-14T14:50:27","guid":{"rendered":"http:\/\/marocco.evolutiontravel.it\/infovacanze\/?page_id=117"},"modified":"2018-10-09T12:15:05","modified_gmt":"2018-10-09T10:15:05","slug":"vacanze-marocco-deserto","status":"publish","type":"page","link":"https:\/\/marocco.evolutiontravel.it\/infovacanze\/vacanze\/vacanze-marocco-deserto\/","title":{"rendered":"Viaggio nel cuore del Sahara"},"content":{"rendered":"<p>Perch\u00e8 non pensare a una <strong>vacanza nel Sahara<\/strong>, in Marocco: il <strong>pi\u00f9 grande deserto al mondo<\/strong> con i suoi<strong> 9.000.000 km\u00b2<\/strong> di superficie, tra dune e sabbia e non solo!<\/p>\n<p>Oltre a questi famosi accumuli di sabbia trasportati dal vento, che troviamo nella zona centrale, ci sono per\u00f2 anche zone ricoperte di <strong>ghiaia e ciottoli<\/strong>: \u00e8 il cosiddetto <strong><em>hammada<\/em><\/strong> formato da rocce lisce lavorate dal vento e le caratteristiche <strong>oasi verdi<\/strong> grazie alle falde d\u2019acqua presenti nel sottosuolo. A contribuire alla differenziazione del paesaggio c\u2019\u00e8 poi <strong>il vento che spesso modifica il panorama<\/strong> rendendolo ogni volta diverso.<\/p>\n<p>Sebbene non ci sia molta vegetazione se non nelle oasi, <strong>gli animali non mancano<\/strong> e quindi durante il vostro tour potreste vedere: <strong>dromedario<\/strong>, <strong>addax<\/strong> (antilope), <strong>ghepardo<\/strong> dell\u2019Africa nord-occidentale e <strong>canidi, <\/strong><strong>rettili, <\/strong><strong>struzzi<\/strong> e <strong>scorpioni gialli<\/strong>.<\/p>\n<p><img loading=\"lazy\" decoding=\"async\" class=\"size-medium wp-image-286 alignright\" src=\"http:\/\/marocco.evolutiontravel.it\/infovacanze\/wp-content\/uploads\/sites\/25\/2014\/07\/deserto-marocco-300x182.jpg\" alt=\"deserto Marocco\" width=\"300\" height=\"182\" srcset=\"https:\/\/marocco.evolutiontravel.it\/infovacanze\/wp-content\/uploads\/sites\/25\/2014\/07\/deserto-marocco-300x182.jpg 300w, https:\/\/marocco.evolutiontravel.it\/infovacanze\/wp-content\/uploads\/sites\/25\/2014\/07\/deserto-marocco.jpg 400w\" sizes=\"(max-width: 300px) 100vw, 300px\" \/>Un&#8217;escursione nel deserto del Sahara vi far\u00e0 anche entrare in contatto con la <strong>cultura del Marocco<\/strong> regalandovi vacanze indimenticabili. Nonostante la popolazione sia infatti scarsa, <strong>qui vivono diverse etnie<\/strong>, dai <strong>Tebu del Sahara<\/strong> centrale ai <strong>Tuareg<\/strong> fino ai <strong>Berberi<\/strong> e agli Arabo-Berberi.<\/p>\n<p>Abitato fin dalla preistoria, il territorio conserva molte testimonianze: le <strong>pitture rupestri<\/strong> dimostrano inoltre come questa zona, circa 30.000 anni fa, non fosse un deserto ma al contrario una zona montuosa ricoperta di foresta rigogliosa.<\/p>\n<p>Per il tour del deserto potete scegliere diversi mezzi, se preferite un\u2019escursione pi\u00f9 classica allora <strong>un fuoristrada 4&#215;4<\/strong>: in questo modo \u00e8 pi\u00f9 comodo anche programmare vacanze di pi\u00f9 giorni alla scoperta di questa affascinante distesa di sabbia.<\/p>\n<p>Se volete invece regalarvi vacanze diverse dal solito, <strong>salite su un dromedario<\/strong> e magari <strong>dormite in una tenda berbera<\/strong>; altra alternativa pu\u00f2 essere anche quella di <strong><a title=\"sciare sul deserto in marocco\" href=\"https:\/\/marocco.evolutiontravel.it\/infovacanze\/vacanze\/sciare\/\"><u>sciare sulle dune del deserto<\/u><\/a>!<\/strong><\/p>\n<p><strong>Per un\u2019escursione pi\u00f9 breve<\/strong> ma sempre molto interessante, potete infine scegliere un <strong>quad-bike<\/strong>, dal quale meravigliarvi del paesaggio circostante.<\/p>\n<h3 style=\"text-align: center\">SPECIALE MAROCCO con Evolution Travel<\/h3>\n<p style=\"text-align: center\"><strong><span style=\"color: #008000\">CLICCA E SCOPRI SUBITO: <\/span><\/strong><\/p>\n<p style=\"text-align: center\"><strong>programma<\/strong> viaggio, <strong>foto<\/strong>, <strong>commenti<\/strong>, <strong>date<\/strong>, <strong>costi, <span style=\"color: #008000\">TUTTO IN UN CLICK<\/span><\/strong>!<\/p>\n<div class=\"feedzy-55afb1e1030c7ea40fb3d31d8b7f28a7 feedzy-rss\">\n\t\t<ul class=\"feedzy-style2\">\n\t\t\t\t\t<li  style=\"padding: 23px 0 38px\" class=\"rss_item feedzy-rss-col-3\" >\n\t\t\t\t\t\t\t\t\t<div class=\"rss_image\" style=\"width:225px; height:225px;\">\n\t\t\t\t\t\t<a href=\"https:\/\/marocco.evolutiontravel.it\/it_IT\/904\/tab\/7233_speciale-ed-esclusivo-evolution-travel-i-mercatini-di-natale-con-citta-imperiali.html\" target=\"_blank\" \n\t\t\t\t\t\t\trel=\"noopener \"\n\t\t\t\t\t\t\ttitle=\"Speciale ed Esclusivo Evolution Travel: I Mercatini Di Natale con Citt\u00e0 Imperiali\"\n\t\t\t\t\t\t\tstyle=\"width:225px; height:225px;\">\n\t\t\t\t\t\t\t<span class=\"fetched\" style=\"background-image:  url('http:\/\/etcdn.net\/thumbnails\/7233\/it-marrakech-tour-alla-scoperta-del-deserto-e-dei-3-atlanti-in-4x4-51ebe.jpg');\" title=\"Speciale ed Esclusivo Evolution Travel: I Mercatini Di Natale con Citt\u00e0 Imperiali\"><\/span><amp-img width=\"225\" height=\"225\" src=\"http:\/\/etcdn.net\/thumbnails\/7233\/it-marrakech-tour-alla-scoperta-del-deserto-e-dei-3-atlanti-in-4x4-51ebe.jpg\">\t\t\t\t\t\t<\/a>\n\t\t\t\t\t<\/div>\n\t\t\t\t\t\t\t\t<div class=\"rss_content_wrap\">\n\t\t\t\t\t<span class=\"title\">\n\t\t\t\t\t\t<a href=\"https:\/\/marocco.evolutiontravel.it\/it_IT\/904\/tab\/7233_speciale-ed-esclusivo-evolution-travel-i-mercatini-di-natale-con-citta-imperiali.html\" target=\"_blank\"  rel=\"noopener \">\n\t\t\t\t\t\t\tSpeciale ed Esclusivo Evolution Travel: I Mercatini Di Natale con Citt\u00e0 Imperiali\t\t\t\t\t\t<\/a>\n\t\t\t\t\t<\/span>\n\t\t\t\t\t<div class=\"rss_content\"\n\t\t\t\t\t\t\tstyle=\"\">\n\t\t\t\t\t\t\n\t\t\t\t\t\t\t\t\t\t\t\t<p class=\"description\">Affascinante tour delle citt\u00e0 imperiali, in 8gg e 7nt, partendo dalla perla del sud Marrakech, si va a visitare tutte le citt\u00e0 [&hellip;]<\/p>\n\t\t\t\t\t\t\n\t\t\t\t\t\t\t\t\t\t\t\t\t\t\t\t\t\t\t<div class=\"price-wrap\">\n\t\t\t\t\t\t\t\t<a href=\"https:\/\/marocco.evolutiontravel.it\/it_IT\/904\/tab\/7233_speciale-ed-esclusivo-evolution-travel-i-mercatini-di-natale-con-citta-imperiali.html\" target=\"_blank\" rel=\"noopener\"><button class=\"price\"> 1290<\/button><\/a>\n\t\t\t\t\t\t\t<\/div>\n\t\t\t\t\t\t\t\t\t\t\t<\/div>\n\t\t\t\t<\/div>\n\t\t\t<\/li>\n\t\t\t\t\t\t<li  style=\"padding: 23px 0 38px\" class=\"rss_item feedzy-rss-col-3\" >\n\t\t\t\t\t\t\t\t\t<div class=\"rss_image\" style=\"width:225px; height:225px;\">\n\t\t\t\t\t\t<a href=\"https:\/\/marocco.evolutiontravel.it\/it_IT\/904\/tab\/9044_tour-esclusivo-evolution-travel.html\" target=\"_blank\" \n\t\t\t\t\t\t\trel=\"noopener \"\n\t\t\t\t\t\t\ttitle=\"Tour Esclusivo Evolution Travel\"\n\t\t\t\t\t\t\tstyle=\"width:225px; height:225px;\">\n\t\t\t\t\t\t\t<span class=\"fetched\" style=\"background-image:  url('http:\/\/etcdn.net\/thumbnails\/9044\/it-fes-tour-esclusivo-evolution-travel-solo-per-pochi-eletti-4fa9b.jpg');\" title=\"Tour Esclusivo Evolution Travel\"><\/span><amp-img width=\"225\" height=\"225\" src=\"http:\/\/etcdn.net\/thumbnails\/9044\/it-fes-tour-esclusivo-evolution-travel-solo-per-pochi-eletti-4fa9b.jpg\">\t\t\t\t\t\t<\/a>\n\t\t\t\t\t<\/div>\n\t\t\t\t\t\t\t\t<div class=\"rss_content_wrap\">\n\t\t\t\t\t<span class=\"title\">\n\t\t\t\t\t\t<a href=\"https:\/\/marocco.evolutiontravel.it\/it_IT\/904\/tab\/9044_tour-esclusivo-evolution-travel.html\" target=\"_blank\"  rel=\"noopener \">\n\t\t\t\t\t\t\tTour Esclusivo Evolution Travel\t\t\t\t\t\t<\/a>\n\t\t\t\t\t<\/span>\n\t\t\t\t\t<div class=\"rss_content\"\n\t\t\t\t\t\t\tstyle=\"\">\n\t\t\t\t\t\t\n\t\t\t\t\t\t\t\t\t\t\t\t<p class=\"description\">Tour Privato in 4X4 con GUIDA parlante Italiano,\u00a0in\u00a0una parte sconosciuta.\u00a0Fez poi\u00a0Chefchaouen la mitica citt\u00e0 blu, la [&hellip;]<\/p>\n\t\t\t\t\t\t\n\t\t\t\t\t\t\t\t\t\t\t\t\t\t\t\t\t\t\t<div class=\"price-wrap\">\n\t\t\t\t\t\t\t\t<a href=\"https:\/\/marocco.evolutiontravel.it\/it_IT\/904\/tab\/9044_tour-esclusivo-evolution-travel.html\" target=\"_blank\" rel=\"noopener\"><button class=\"price\"> 1350<\/button><\/a>\n\t\t\t\t\t\t\t<\/div>\n\t\t\t\t\t\t\t\t\t\t\t<\/div>\n\t\t\t\t<\/div>\n\t\t\t<\/li>\n\t\t\t\t\t\t<li  style=\"padding: 23px 0 38px\" class=\"rss_item feedzy-rss-col-3\" >\n\t\t\t\t\t\t\t\t\t<div class=\"rss_image\" style=\"width:225px; height:225px;\">\n\t\t\t\t\t\t<a href=\"https:\/\/marocco.evolutiontravel.it\/it_IT\/904\/tab\/40274_mini-tour-alla-scoperta-del-regno-marocchino-da-fes-a-marrakech.html\" target=\"_blank\" \n\t\t\t\t\t\t\trel=\"noopener \"\n\t\t\t\t\t\t\ttitle=\"Mini Tour alla Scoperta del Regno Marocchino da Fes a Marrakech\"\n\t\t\t\t\t\t\tstyle=\"width:225px; height:225px;\">\n\t\t\t\t\t\t\t<span class=\"fetched\" style=\"background-image:  url('http:\/\/etcdn.net\/thumbnails\/36869\/it-casablanca-tour-alla-scoperta-del-regno-del-marocco-68a0e.jpg');\" title=\"Mini Tour alla Scoperta del Regno Marocchino da Fes a Marrakech\"><\/span><amp-img width=\"225\" height=\"225\" src=\"http:\/\/etcdn.net\/thumbnails\/36869\/it-casablanca-tour-alla-scoperta-del-regno-del-marocco-68a0e.jpg\">\t\t\t\t\t\t<\/a>\n\t\t\t\t\t<\/div>\n\t\t\t\t\t\t\t\t<div class=\"rss_content_wrap\">\n\t\t\t\t\t<span class=\"title\">\n\t\t\t\t\t\t<a href=\"https:\/\/marocco.evolutiontravel.it\/it_IT\/904\/tab\/40274_mini-tour-alla-scoperta-del-regno-marocchino-da-fes-a-marrakech.html\" target=\"_blank\"  rel=\"noopener \">\n\t\t\t\t\t\t\tMini Tour alla Scoperta del Regno Marocchino da Fes a Marrakech\t\t\t\t\t\t<\/a>\n\t\t\t\t\t<\/span>\n\t\t\t\t\t<div class=\"rss_content\"\n\t\t\t\t\t\t\tstyle=\"\">\n\t\t\t\t\t\t\n\t\t\t\t\t\t\t\t\t\t\t\t<p class=\"description\">Tour di Gruppo in Minibus, che permette una visione globale della cultura millenaria del Marocco insieme a scorci paesaggistici [&hellip;]<\/p>\n\t\t\t\t\t\t\n\t\t\t\t\t\t\t\t\t\t\t\t\t\t\t\t\t\t\t<div class=\"price-wrap\">\n\t\t\t\t\t\t\t\t<a href=\"https:\/\/marocco.evolutiontravel.it\/it_IT\/904\/tab\/40274_mini-tour-alla-scoperta-del-regno-marocchino-da-fes-a-marrakech.html\" target=\"_blank\" rel=\"noopener\"><button class=\"price\"> 825<\/button><\/a>\n\t\t\t\t\t\t\t<\/div>\n\t\t\t\t\t\t\t\t\t\t\t<\/div>\n\t\t\t\t<\/div>\n\t\t\t<\/li>\n\t\t\t\t\t\t<li  style=\"padding: 23px 0 38px\" class=\"rss_item feedzy-rss-col-3\" >\n\t\t\t\t\t\t\t\t\t<div class=\"rss_image\" style=\"width:225px; height:225px;\">\n\t\t\t\t\t\t<a href=\"https:\/\/marocco.evolutiontravel.it\/it_IT\/904\/tab\/39553_mini-tour-citta-imperiali-del-nord-privato-chefchaouen-la-citta-blu.html\" target=\"_blank\" \n\t\t\t\t\t\t\trel=\"noopener \"\n\t\t\t\t\t\t\ttitle=\"Mini Tour Citt\u00e0 Imperiali del Nord Privato &amp; Chefchaouen la Citt\u00e0 Blu\"\n\t\t\t\t\t\t\tstyle=\"width:225px; height:225px;\">\n\t\t\t\t\t\t\t<span class=\"fetched\" style=\"background-image:  url('http:\/\/etcdn.net\/thumbnails\/39553\/it-casablanca-mini-tour-citta-imperiali-del-nord-privato-duplicated-7c13a.jpg');\" title=\"Mini Tour Citt\u00e0 Imperiali del Nord Privato &amp; Chefchaouen la Citt\u00e0 Blu\"><\/span><amp-img width=\"225\" height=\"225\" src=\"http:\/\/etcdn.net\/thumbnails\/39553\/it-casablanca-mini-tour-citta-imperiali-del-nord-privato-duplicated-7c13a.jpg\">\t\t\t\t\t\t<\/a>\n\t\t\t\t\t<\/div>\n\t\t\t\t\t\t\t\t<div class=\"rss_content_wrap\">\n\t\t\t\t\t<span class=\"title\">\n\t\t\t\t\t\t<a href=\"https:\/\/marocco.evolutiontravel.it\/it_IT\/904\/tab\/39553_mini-tour-citta-imperiali-del-nord-privato-chefchaouen-la-citta-blu.html\" target=\"_blank\"  rel=\"noopener \">\n\t\t\t\t\t\t\tMini Tour Citt\u00e0 Imperiali del Nord Privato &amp; Chefchaouen la Citt\u00e0 Blu\t\t\t\t\t\t<\/a>\n\t\t\t\t\t<\/span>\n\t\t\t\t\t<div class=\"rss_content\"\n\t\t\t\t\t\t\tstyle=\"\">\n\t\t\t\t\t\t\n\t\t\t\t\t\t\t\t\t\t\t\t<p class=\"description\">Tour Privato di 6gg\/5nt alla scoperta di Fez la Regina del Nord e Meknes l'Imperiale e antica Capitale del Regno!!! Il Viaggio [&hellip;]<\/p>\n\t\t\t\t\t\t\n\t\t\t\t\t\t\t\t\t\t\t\t\t\t\t\t\t\t\t<div class=\"price-wrap\">\n\t\t\t\t\t\t\t\t<a href=\"https:\/\/marocco.evolutiontravel.it\/it_IT\/904\/tab\/39553_mini-tour-citta-imperiali-del-nord-privato-chefchaouen-la-citta-blu.html\" target=\"_blank\" rel=\"noopener\"><button class=\"price\"> 765<\/button><\/a>\n\t\t\t\t\t\t\t<\/div>\n\t\t\t\t\t\t\t\t\t\t\t<\/div>\n\t\t\t\t<\/div>\n\t\t\t<\/li>\n\t\t\t\t\t\t<li  style=\"padding: 23px 0 38px\" class=\"rss_item feedzy-rss-col-3\" >\n\t\t\t\t\t\t\t\t\t<div class=\"rss_image\" style=\"width:225px; height:225px;\">\n\t\t\t\t\t\t<a href=\"https:\/\/marocco.evolutiontravel.it\/it_IT\/904\/tab\/37684_tour-completo-alla-scoperta-del-regno-marocchino.html\" target=\"_blank\" \n\t\t\t\t\t\t\trel=\"noopener \"\n\t\t\t\t\t\t\ttitle=\"Tour Completo alla Scoperta del Regno Marocchino\"\n\t\t\t\t\t\t\tstyle=\"width:225px; height:225px;\">\n\t\t\t\t\t\t\t<span class=\"fetched\" style=\"background-image:  url('http:\/\/etcdn.net\/thumbnails\/36869\/it-casablanca-tour-alla-scoperta-del-regno-del-marocco-68a0a.jpg');\" title=\"Tour Completo alla Scoperta del Regno Marocchino\"><\/span><amp-img width=\"225\" height=\"225\" src=\"http:\/\/etcdn.net\/thumbnails\/36869\/it-casablanca-tour-alla-scoperta-del-regno-del-marocco-68a0a.jpg\">\t\t\t\t\t\t<\/a>\n\t\t\t\t\t<\/div>\n\t\t\t\t\t\t\t\t<div class=\"rss_content_wrap\">\n\t\t\t\t\t<span class=\"title\">\n\t\t\t\t\t\t<a href=\"https:\/\/marocco.evolutiontravel.it\/it_IT\/904\/tab\/37684_tour-completo-alla-scoperta-del-regno-marocchino.html\" target=\"_blank\"  rel=\"noopener \">\n\t\t\t\t\t\t\tTour Completo alla Scoperta del Regno Marocchino\t\t\t\t\t\t<\/a>\n\t\t\t\t\t<\/span>\n\t\t\t\t\t<div class=\"rss_content\"\n\t\t\t\t\t\t\tstyle=\"\">\n\t\t\t\t\t\t\n\t\t\t\t\t\t\t\t\t\t\t\t<p class=\"description\">Tour di Gruppo in Minibus, che permette una visione globale della cultura millenaria del Marocco insieme a scorci paesaggistici [&hellip;]<\/p>\n\t\t\t\t\t\t\n\t\t\t\t\t\t\t\t\t\t\t\t\t\t\t\t\t\t\t<div class=\"price-wrap\">\n\t\t\t\t\t\t\t\t<a href=\"https:\/\/marocco.evolutiontravel.it\/it_IT\/904\/tab\/37684_tour-completo-alla-scoperta-del-regno-marocchino.html\" target=\"_blank\" rel=\"noopener\"><button class=\"price\"> 960<\/button><\/a>\n\t\t\t\t\t\t\t<\/div>\n\t\t\t\t\t\t\t\t\t\t\t<\/div>\n\t\t\t\t<\/div>\n\t\t\t<\/li>\n\t\t\t\t\t\t<li  style=\"padding: 23px 0 38px\" class=\"rss_item feedzy-rss-col-3\" >\n\t\t\t\t\t\t\t\t\t<div class=\"rss_image\" style=\"width:225px; height:225px;\">\n\t\t\t\t\t\t<a href=\"https:\/\/marocco.evolutiontravel.it\/it_IT\/904\/tab\/36879_minitour-tour-sud-e-kasbah-in-4x4.html\" target=\"_blank\" \n\t\t\t\t\t\t\trel=\"noopener \"\n\t\t\t\t\t\t\ttitle=\"Minitour Tour Sud e Kasbah in 4x4\"\n\t\t\t\t\t\t\tstyle=\"width:225px; height:225px;\">\n\t\t\t\t\t\t\t<span class=\"fetched\" style=\"background-image:  url('http:\/\/etcdn.net\/thumbnails\/7227\/it-marrakech-tour-sud-e-kasbah-in-4x4-50bad.jpg');\" title=\"Minitour Tour Sud e Kasbah in 4x4\"><\/span><amp-img width=\"225\" height=\"225\" src=\"http:\/\/etcdn.net\/thumbnails\/7227\/it-marrakech-tour-sud-e-kasbah-in-4x4-50bad.jpg\">\t\t\t\t\t\t<\/a>\n\t\t\t\t\t<\/div>\n\t\t\t\t\t\t\t\t<div class=\"rss_content_wrap\">\n\t\t\t\t\t<span class=\"title\">\n\t\t\t\t\t\t<a href=\"https:\/\/marocco.evolutiontravel.it\/it_IT\/904\/tab\/36879_minitour-tour-sud-e-kasbah-in-4x4.html\" target=\"_blank\"  rel=\"noopener \">\n\t\t\t\t\t\t\tMinitour Tour Sud e Kasbah in 4x4\t\t\t\t\t\t<\/a>\n\t\t\t\t\t<\/span>\n\t\t\t\t\t<div class=\"rss_content\"\n\t\t\t\t\t\t\tstyle=\"\">\n\t\t\t\t\t\t\n\t\t\t\t\t\t\t\t\t\t\t\t<p class=\"description\">Tour di gruppo, nel Sud del Marocco in Toyota Land Cruiser 4X4. A disposizione una guida professionaleparlante italiano. Da [&hellip;]<\/p>\n\t\t\t\t\t\t\n\t\t\t\t\t\t\t\t\t\t\t\t\t\t\t\t\t\t\t<div class=\"price-wrap\">\n\t\t\t\t\t\t\t\t<a href=\"https:\/\/marocco.evolutiontravel.it\/it_IT\/904\/tab\/36879_minitour-tour-sud-e-kasbah-in-4x4.html\" target=\"_blank\" rel=\"noopener\"><button class=\"price\"> 735<\/button><\/a>\n\t\t\t\t\t\t\t<\/div>\n\t\t\t\t\t\t\t\t\t\t\t<\/div>\n\t\t\t\t<\/div>\n\t\t\t<\/li>\n\t\t\t\t<\/ul>\n<\/div>\n<style type=\"text\/css\" media=\"all\">.feedzy-rss .rss_item .rss_image{float:left;position:relative;border:none;text-decoration:none;max-width:100%}.feedzy-rss .rss_item .rss_image span{display:inline-block;position:absolute;width:100%;height:100%;background-position:50%;background-size:cover}.feedzy-rss .rss_item .rss_image{margin:.3em 1em 0 0;content-visibility:auto}.feedzy-rss ul{list-style:none}.feedzy-rss ul li{display:inline-block}<\/style>\n","protected":false},"excerpt":{"rendered":"<p>Perch\u00e8 non pensare a una vacanza nel Sahara, in Marocco: il pi\u00f9 grande deserto al mondo con i suoi 9.000.000 km\u00b2 di superficie, tra dune e sabbia e non solo! Oltre a questi famosi accumuli di sabbia trasportati dal vento, che troviamo nella zona centrale, ci sono per\u00f2 anche zone ricoperte di ghiaia e ciottoli: <a class=\"moretag\" href=\"https:\/\/marocco.evolutiontravel.it\/infovacanze\/vacanze\/vacanze-marocco-deserto\/\">[&#8230;]<\/a><\/p>\n","protected":false},"author":6,"featured_media":0,"parent":79,"menu_order":0,"comment_status":"closed","ping_status":"closed","template":"templates\/template-with-right-sidebar.php","meta":{"footnotes":""},"yoast_head":"<!-- This site is optimized with the Yoast SEO plugin v21.9.1 - https:\/\/yoast.com\/wordpress\/plugins\/seo\/ -->\n<title>Vacanze Sahara, Marocco: viaggio tra dune, sabbia e oasi naturali<\/title>\n<meta name=\"description\" content=\"Emozionante viaggio alla scoperta delle bellezze del deserto del Sahara: leggi il nostro articolo con informazioni utili, richiedi le nostre offerte!\" \/>\n<meta name=\"robots\" content=\"index, follow, max-snippet:-1, max-image-preview:large, max-video-preview:-1\" \/>\n<link rel=\"canonical\" href=\"https:\/\/marocco.evolutiontravel.it\/infovacanze\/vacanze\/vacanze-marocco-deserto\/\" \/>\n<meta property=\"og:locale\" content=\"it_IT\" \/>\n<meta property=\"og:type\" content=\"article\" \/>\n<meta property=\"og:title\" content=\"Vacanze Sahara, Marocco: viaggio tra dune, sabbia e oasi naturali\" \/>\n<meta property=\"og:description\" content=\"Emozionante viaggio alla scoperta delle bellezze del deserto del Sahara: leggi il nostro articolo con informazioni utili, richiedi le nostre offerte!\" \/>\n<meta property=\"og:url\" content=\"https:\/\/marocco.evolutiontravel.it\/infovacanze\/vacanze\/vacanze-marocco-deserto\/\" \/>\n<meta property=\"og:site_name\" content=\"Marocco\" \/>\n<meta property=\"article:modified_time\" content=\"2018-10-09T10:15:05+00:00\" \/>\n<meta property=\"og:image\" content=\"http:\/\/marocco.evolutiontravel.it\/infovacanze\/wp-content\/uploads\/sites\/25\/2014\/07\/deserto-marocco-300x182.jpg\" \/>\n<meta name=\"twitter:label1\" content=\"Tempo di lettura stimato\" \/>\n\t<meta name=\"twitter:data1\" content=\"2 minuti\" \/>\n<script type=\"application\/ld+json\" class=\"yoast-schema-graph\">{\"@context\":\"https:\/\/schema.org\",\"@graph\":[{\"@type\":\"WebPage\",\"@id\":\"https:\/\/marocco.evolutiontravel.it\/infovacanze\/vacanze\/vacanze-marocco-deserto\/\",\"url\":\"https:\/\/marocco.evolutiontravel.it\/infovacanze\/vacanze\/vacanze-marocco-deserto\/\",\"name\":\"Vacanze Sahara, Marocco: viaggio tra dune, sabbia e oasi naturali\",\"isPartOf\":{\"@id\":\"https:\/\/marocco.evolutiontravel.it\/infovacanze\/#website\"},\"datePublished\":\"2014-07-14T14:50:27+00:00\",\"dateModified\":\"2018-10-09T10:15:05+00:00\",\"description\":\"Emozionante viaggio alla scoperta delle bellezze del deserto del Sahara: leggi il nostro articolo con informazioni utili, richiedi le nostre offerte!\",\"breadcrumb\":{\"@id\":\"https:\/\/marocco.evolutiontravel.it\/infovacanze\/vacanze\/vacanze-marocco-deserto\/#breadcrumb\"},\"inLanguage\":\"it-IT\",\"potentialAction\":[{\"@type\":\"ReadAction\",\"target\":[\"https:\/\/marocco.evolutiontravel.it\/infovacanze\/vacanze\/vacanze-marocco-deserto\/\"]}]},{\"@type\":\"BreadcrumbList\",\"@id\":\"https:\/\/marocco.evolutiontravel.it\/infovacanze\/vacanze\/vacanze-marocco-deserto\/#breadcrumb\",\"itemListElement\":[{\"@type\":\"ListItem\",\"position\":1,\"name\":\"Vacanze in Marocco\",\"item\":\"https:\/\/marocco.evolutiontravel.it\/infovacanze\/vacanze\/\"},{\"@type\":\"ListItem\",\"position\":2,\"name\":\"Viaggio nel cuore del Sahara\"}]},{\"@type\":\"WebSite\",\"@id\":\"https:\/\/marocco.evolutiontravel.it\/infovacanze\/#website\",\"url\":\"https:\/\/marocco.evolutiontravel.it\/infovacanze\/\",\"name\":\"Marocco\",\"description\":\"\",\"potentialAction\":[{\"@type\":\"SearchAction\",\"target\":{\"@type\":\"EntryPoint\",\"urlTemplate\":\"https:\/\/marocco.evolutiontravel.it\/infovacanze\/?s={search_term_string}\"},\"query-input\":\"required name=search_term_string\"}],\"inLanguage\":\"it-IT\"}]}<\/script>\n<!-- \/ Yoast SEO plugin. -->","yoast_head_json":{"title":"Vacanze Sahara, Marocco: viaggio tra dune, sabbia e oasi naturali","description":"Emozionante viaggio alla scoperta delle bellezze del deserto del Sahara: leggi il nostro articolo con informazioni utili, richiedi le nostre offerte!","robots":{"index":"index","follow":"follow","max-snippet":"max-snippet:-1","max-image-preview":"max-image-preview:large","max-video-preview":"max-video-preview:-1"},"canonical":"https:\/\/marocco.evolutiontravel.it\/infovacanze\/vacanze\/vacanze-marocco-deserto\/","og_locale":"it_IT","og_type":"article","og_title":"Vacanze Sahara, Marocco: viaggio tra dune, sabbia e oasi naturali","og_description":"Emozionante viaggio alla scoperta delle bellezze del deserto del Sahara: leggi il nostro articolo con informazioni utili, richiedi le nostre offerte!","og_url":"https:\/\/marocco.evolutiontravel.it\/infovacanze\/vacanze\/vacanze-marocco-deserto\/","og_site_name":"Marocco","article_modified_time":"2018-10-09T10:15:05+00:00","og_image":[{"url":"http:\/\/marocco.evolutiontravel.it\/infovacanze\/wp-content\/uploads\/sites\/25\/2014\/07\/deserto-marocco-300x182.jpg"}],"twitter_misc":{"Tempo di lettura stimato":"2 minuti"},"schema":{"@context":"https:\/\/schema.org","@graph":[{"@type":"WebPage","@id":"https:\/\/marocco.evolutiontravel.it\/infovacanze\/vacanze\/vacanze-marocco-deserto\/","url":"https:\/\/marocco.evolutiontravel.it\/infovacanze\/vacanze\/vacanze-marocco-deserto\/","name":"Vacanze Sahara, Marocco: viaggio tra dune, sabbia e oasi naturali","isPartOf":{"@id":"https:\/\/marocco.evolutiontravel.it\/infovacanze\/#website"},"datePublished":"2014-07-14T14:50:27+00:00","dateModified":"2018-10-09T10:15:05+00:00","description":"Emozionante viaggio alla scoperta delle bellezze del deserto del Sahara: leggi il nostro articolo con informazioni utili, richiedi le nostre offerte!","breadcrumb":{"@id":"https:\/\/marocco.evolutiontravel.it\/infovacanze\/vacanze\/vacanze-marocco-deserto\/#breadcrumb"},"inLanguage":"it-IT","potentialAction":[{"@type":"ReadAction","target":["https:\/\/marocco.evolutiontravel.it\/infovacanze\/vacanze\/vacanze-marocco-deserto\/"]}]},{"@type":"BreadcrumbList","@id":"https:\/\/marocco.evolutiontravel.it\/infovacanze\/vacanze\/vacanze-marocco-deserto\/#breadcrumb","itemListElement":[{"@type":"ListItem","position":1,"name":"Vacanze in Marocco","item":"https:\/\/marocco.evolutiontravel.it\/infovacanze\/vacanze\/"},{"@type":"ListItem","position":2,"name":"Viaggio nel cuore del Sahara"}]},{"@type":"WebSite","@id":"https:\/\/marocco.evolutiontravel.it\/infovacanze\/#website","url":"https:\/\/marocco.evolutiontravel.it\/infovacanze\/","name":"Marocco","description":"","potentialAction":[{"@type":"SearchAction","target":{"@type":"EntryPoint","urlTemplate":"https:\/\/marocco.evolutiontravel.it\/infovacanze\/?s={search_term_string}"},"query-input":"required name=search_term_string"}],"inLanguage":"it-IT"}]}},"_links":{"self":[{"href":"https:\/\/marocco.evolutiontravel.it\/infovacanze\/wp-json\/wp\/v2\/pages\/117"}],"collection":[{"href":"https:\/\/marocco.evolutiontravel.it\/infovacanze\/wp-json\/wp\/v2\/pages"}],"about":[{"href":"https:\/\/marocco.evolutiontravel.it\/infovacanze\/wp-json\/wp\/v2\/types\/page"}],"author":[{"embeddable":true,"href":"https:\/\/marocco.evolutiontravel.it\/infovacanze\/wp-json\/wp\/v2\/users\/6"}],"replies":[{"embeddable":true,"href":"https:\/\/marocco.evolutiontravel.it\/infovacanze\/wp-json\/wp\/v2\/comments?post=117"}],"version-history":[{"count":12,"href":"https:\/\/marocco.evolutiontravel.it\/infovacanze\/wp-json\/wp\/v2\/pages\/117\/revisions"}],"predecessor-version":[{"id":573,"href":"https:\/\/marocco.evolutiontravel.it\/infovacanze\/wp-json\/wp\/v2\/pages\/117\/revisions\/573"}],"up":[{"embeddable":true,"href":"https:\/\/marocco.evolutiontravel.it\/infovacanze\/wp-json\/wp\/v2\/pages\/79"}],"wp:attachment":[{"href":"https:\/\/marocco.evolutiontravel.it\/infovacanze\/wp-json\/wp\/v2\/media?parent=117"}],"curies":[{"name":"wp","href":"https:\/\/api.w.org\/{rel}","templated":true}]}}